{"id":901,"date":"2014-10-21T10:37:02","date_gmt":"2014-10-21T10:37:02","guid":{"rendered":"http:\/\/www.moepp.gov.mk\/?page_id=901"},"modified":"2023-08-10T14:52:34","modified_gmt":"2023-08-10T13:52:34","slug":"%d0%bd%d0%b0%d1%86%d0%b8%d0%be%d0%bd%d0%b0%d0%bb%d0%bd%d0%be-%d0%b7%d0%b0%d0%ba%d0%be%d0%bd%d0%be%d0%b4%d0%b0%d0%b2%d1%81%d1%82%d0%b2%d0%be","status":"publish","type":"page","link":"https:\/\/arhiva.moepp.gov.mk\/AL\/%d1%80%d0%b5%d0%b3%d1%83%d0%bb%d0%b0%d1%82%d0%b8%d0%b2%d0%b0\/%d0%bd%d0%b0%d1%86%d0%b8%d0%be%d0%bd%d0%b0%d0%bb%d0%bd%d0%be-%d0%b7%d0%b0%d0%ba%d0%be%d0%bd%d0%be%d0%b4%d0%b0%d0%b2%d1%81%d1%82%d0%b2%d0%be\/","title":{"rendered":"Legjislacioni Komb\u00ebtar"},"content":{"rendered":"<p><\/p>\n<p><p>&nbsp;<\/p>\n<div class=\"su-spoiler su-spoiler-style-fancy su-spoiler-icon-chevron su-spoiler-closed\" data-scroll-offset=\"0\" data-anchor-in-url=\"no\"><div class=\"su-spoiler-title\" tabindex=\"0\" role=\"button\"><span class=\"su-spoiler-icon\"><\/span>LIGJ P\u00cbR MJEDISIN JET\u00cbSOR<\/div><div class=\"su-spoiler-content su-u-clearfix su-u-trim\">\n<p><a href=\"https:\/\/arhiva.moepp.gov.mk\/wp-content\/uploads\/2014\/10\/ZZS-precisten-tekst-Ligj-p\u00ebr-mjedisin-jet\u00ebsor.pdf\" target=\"_blank\">LIGJ P\u00cbR MJEDISIN JET\u00cbSOR<\/a>\u00a0&#8211; TEKST I KONSOLIDUAR<\/p>\n<p><a href=\"https:\/\/www.akademika.com.mk\" target=\"_blank\">https:\/\/www.akademika.com.mk <\/a><\/p>\n<\/div><\/div>\n<div class=\"su-spoiler su-spoiler-style-fancy su-spoiler-icon-chevron su-spoiler-closed\" data-scroll-offset=\"0\" data-anchor-in-url=\"no\"><div class=\"su-spoiler-title\" tabindex=\"0\" role=\"button\"><span class=\"su-spoiler-icon\"><\/span>LIGJ P\u00cbR CIL\u00cbSIN\u00cb E AJRIT T\u00cb AMBIENTIT<\/div><div class=\"su-spoiler-content su-u-clearfix su-u-trim\">\n<p><a href=\"https:\/\/arhiva.moepp.gov.mk\/wp-content\/uploads\/2014\/10\/LIGJ-P\u00cbR-CIL\u00cbSIN\u00cb-E-AJRIT-T\u00cb-AMBIENTIT.pdf\" target=\"_blank\">LIGJ P\u00cbR CIL\u00cbSIN\u00cb E AJRIT T\u00cb AMBIENTIT<\/a>\u00a0\u2013 TEKST I KONSOLIDUAR<\/p>\n<p><a href=\"https:\/\/www.akademika.com.mk\" target=\"_blank\">https:\/\/www.akademika.com.mk <\/a><\/p>\n<\/div><\/div>\n<div class=\"su-spoiler su-spoiler-style-fancy su-spoiler-icon-chevron su-spoiler-closed\" data-scroll-offset=\"0\" data-anchor-in-url=\"no\"><div class=\"su-spoiler-title\" tabindex=\"0\" role=\"button\"><span class=\"su-spoiler-icon\"><\/span>LIGJ P\u00cbR MBROJTJEN E NATYR\u00cbS<\/div><div class=\"su-spoiler-content su-u-clearfix su-u-trim\">\n<p><a href=\"https:\/\/arhiva.moepp.gov.mk\/wp-content\/uploads\/2014\/10\/LIGJ-P\u00cbR-MBROJTJEN-E-NATYR\u00cbS.pdf\" target=\"_blank\">LIGJ P\u00cbR MBROJTJEN E NATYR\u00cbS<\/a>\u00a0&#8211; TEKST I KONSOLIDUAR<\/p>\n<p><a href=\"https:\/\/www.akademika.com.mk\" target=\"_blank\">https:\/\/www.akademika.com.mk <\/a><\/p>\n<\/div><\/div>\n<div class=\"su-spoiler su-spoiler-style-fancy su-spoiler-icon-chevron su-spoiler-closed\" data-scroll-offset=\"0\" data-anchor-in-url=\"no\"><div class=\"su-spoiler-title\" tabindex=\"0\" role=\"button\"><span class=\"su-spoiler-icon\"><\/span>LIGJ P\u00cbR MBROJTJEN NGA ZHURMA N\u00cb MJEDISIN JET\u00cbSOR<\/div><div class=\"su-spoiler-content su-u-clearfix su-u-trim\">\n<p><a href=\"https:\/\/arhiva.moepp.gov.mk\/wp-content\/uploads\/2014\/10\/LIGJ-P\u00cbR-MBROJTJEN-NGA-ZHURMA-N\u00cb-MJEDISIN-JET\u00cbSOR.pdf\" target=\"_blank\">LIGJ P\u00cbR MBROJTJEN NGA ZHURMA N\u00cb MJEDISIN JET\u00cbSOR<\/a>\u00a0\u2013 TEKST I KONSOLIDUAR<\/p>\n<p><a href=\"https:\/\/www.akademika.com.mk\" target=\"_blank\">https:\/\/www.akademika.com.mk <\/a><\/p>\n<\/div><\/div>\n<div class=\"su-spoiler su-spoiler-style-fancy su-spoiler-icon-chevron su-spoiler-closed\" data-scroll-offset=\"0\" data-anchor-in-url=\"no\"><div class=\"su-spoiler-title\" tabindex=\"0\" role=\"button\"><span class=\"su-spoiler-icon\"><\/span>LIGJ P\u00cbR MENAXHIM ME HEDHURINAT<\/div><div class=\"su-spoiler-content su-u-clearfix su-u-trim\">\n<p><a href=\"https:\/\/arhiva.moepp.gov.mk\/wp-content\/uploads\/2018\/12\/\u0417\u0410\u041a\u041e\u041d-\u0417\u0410-\u0423\u041f\u0420\u0410\u0412\u0423\u0412\u0410\u040a\u0415-\u0421\u041e-\u041e\u0422\u041f\u0410\u0414-\u0410\u041b\u0411.pdf\" target=\"_blank\">LIGJ I MENAXHIMIT T\u00cb MBETURINAVE<\/a><\/p>\n<p><a href=\"https:\/\/arhiva.moepp.gov.mk\/wp-content\/uploads\/2014\/10\/LIGJ-P\u00cbR-MENAXHIM-ME-HEDHURINAT.pdf\" target=\"_blank\">LIGJ P\u00cbR MENAXHIM ME HEDHURINAT<\/a>\u00a0\u2013 TEKST I KONSOLIDUAR (ligjet jasht\u00eb fuqis\u00eb)<\/p>\n<p><a href=\"https:\/\/www.akademika.com.mk\" target=\"_blank\">https:\/\/www.akademika.com.mk <\/a><\/p>\n<\/div><\/div>\n<div class=\"su-spoiler su-spoiler-style-fancy su-spoiler-icon-chevron su-spoiler-closed\" data-scroll-offset=\"0\" data-anchor-in-url=\"no\"><div class=\"su-spoiler-title\" tabindex=\"0\" role=\"button\"><span class=\"su-spoiler-icon\"><\/span>LIGJ P\u00cbR MENAXHIM ME BATERI DHE AKUMULATOR\u00cb DHE BATERI DHE AKUMULATOR\u00cb T\u00cb HEDHUR<\/div><div class=\"su-spoiler-content su-u-clearfix su-u-trim\">\n<p><a href=\"https:\/\/arhiva.moepp.gov.mk\/wp-content\/uploads\/2014\/10\/LIGJ-P\u00cbR-MENAXHIM-ME-BATERI-DHE-AKUMULATOR\u00cb-DHE-BATERI-DHE-AKUMULATOR\u00cb-T\u00cb-HEDHUR.pdf\" target=\"_blank\">LIGJ P\u00cbR MENAXHIM ME BATERI DHE AKUMULATOR\u00cb DHE BATERI DHE AKUMULATOR\u00cb T\u00cb HEDHUR<\/a>\u00a0\u2013 TEKST I KONSOLIDUAR<\/p>\n<p><a href=\"https:\/\/www.akademika.com.mk\" target=\"_blank\">https:\/\/www.akademika.com.mk <\/a><\/p>\n<\/div><\/div>\n<div class=\"su-spoiler su-spoiler-style-fancy su-spoiler-icon-chevron su-spoiler-closed\" data-scroll-offset=\"0\" data-anchor-in-url=\"no\"><div class=\"su-spoiler-title\" tabindex=\"0\" role=\"button\"><span class=\"su-spoiler-icon\"><\/span>LIGJ P\u00cbR MENAXHIM ME PAKETIMIN DHE HEDHURINAT NGA PAKETIMI<\/div><div class=\"su-spoiler-content su-u-clearfix su-u-trim\">\n<p><a href=\"https:\/\/arhiva.moepp.gov.mk\/wp-content\/uploads\/2018\/12\/\u0417\u0410\u041a\u041e\u041d-\u0417\u0410-\u0423\u041f\u0420\u0410\u0412\u0423\u0412\u0410\u040a\u0415-\u0421\u041e-\u041f\u0410\u041a\u0423\u0412\u0410\u040a\u0415-\u0418-\u041e\u0422\u041f\u0410\u0414-\u041e\u0414-\u041f\u0410\u041a\u0423\u0412\u0410\u040a\u0415-\u0410\u041b\u0411.pdf\" target=\"_blank\">LIGJ I MENAXHIMIT T\u00cb PAKETIMIT DHE T\u00cb MBETURINAVE NGA PAKETIMI<\/a><\/p>\n<p><a href=\"https:\/\/arhiva.moepp.gov.mk\/wp-content\/uploads\/2014\/10\/LIGJ-P\u00cbR-MENAXHIM-ME-PAKETIMIN-DHE-HEDHURINAT-NGA-PAKETIMI.pdf\" target=\"_blank\">LIGJ P\u00cbR MENAXHIM ME PAKETIMIN DHE HEDHURINAT NGA PAKETIMI<\/a>\u00a0&#8211; TEKST I KONSOLIDUAR\u00a0(ligjet jasht\u00eb fuqis\u00eb)<\/p>\n<p><a href=\"https:\/\/www.akademika.com.mk\" target=\"_blank\">https:\/\/www.akademika.com.mk <\/a><\/p>\n<\/div><\/div>\n<div class=\"su-spoiler su-spoiler-style-fancy su-spoiler-icon-chevron su-spoiler-closed\" data-scroll-offset=\"0\" data-anchor-in-url=\"no\"><div class=\"su-spoiler-title\" tabindex=\"0\" role=\"button\"><span class=\"su-spoiler-icon\"><\/span>LIGJ P\u00cbR MENAXHIM ME PAJISJE ELEKTRIKE DHE ELEKTRONIKE DHE ME PAJISJE ELEKTRIKE DHE ELEKTRONIKE T\u00cb HEDHUR<\/div><div class=\"su-spoiler-content su-u-clearfix su-u-trim\">\n<p><a href=\"https:\/\/arhiva.moepp.gov.mk\/wp-content\/uploads\/2014\/10\/\u0417\u0410\u041a\u041e\u041d-\u0417\u0410-\u0423\u041f\u0420\u0410\u0412\u0423\u0412\u0410\u040a\u0415-\u0421\u041e-\u041e\u0422\u041f\u0410\u0414-\u041e\u0414-\u0415\u041b\u0415\u041a\u0422\u0420\u0418\u0427\u041d\u0410-\u0418-\u0415\u041b\u0415\u041a\u0422\u0420\u041e\u041d\u0421\u041a\u0410-\u041e\u041f\u0420\u0415\u041c\u0410-\u0418-\u041e\u0422\u041f\u0410\u0414-\u0410\u041b\u0411.pdf\" target=\"_blank\">LIGJ P\u00cbR MENAXHIMIN E PAJISJEVE ELEKTRIKE DHE ELEKTRONIKE DHE MBETJEVE T\u00cb PAJISJEVE ELEKTRIKE DHE ELEKTRONIKE<\/a><\/p>\n<p><a href=\"https:\/\/arhiva.moepp.gov.mk\/wp-content\/uploads\/2014\/10\/LIGJ-P\u00cbR-MENAXHIM-ME-PAJISJE-ELEKTRIKE-DHE-ELEKTRONIKE-DHE-ME-PAJISJE-ELEKTRIKE-DHE-ELEKTRONIKE-T\u00cb-HEDHUR.pdf\" target=\"_blank\">LIGJ P\u00cbR MENAXHIM ME PAJISJE ELEKTRIKE DHE ELEKTRONIKE DHE ME PAJISJE ELEKTRIKE DHE ELEKTRONIKE T\u00cb HEDHUR<\/a>\u00a0&#8211; TEKST I KONSOLIDUAR\u00a0(ligjet jasht\u00eb fuqis\u00eb)<\/p>\n<p><a href=\"https:\/\/www.akademika.com.mk\" target=\"_blank\">https:\/\/www.akademika.com.mk <\/a><\/p>\n<\/div><\/div>\n<div class=\"su-spoiler su-spoiler-style-fancy su-spoiler-icon-chevron su-spoiler-closed\" data-scroll-offset=\"0\" data-anchor-in-url=\"no\"><div class=\"su-spoiler-title\" tabindex=\"0\" role=\"button\"><span class=\"su-spoiler-icon\"><\/span>LIGJ P\u00cbR  MENAXHIMIN E RRJEDHJEVE SHTES\u00cb  T\u00cb MBETURINAVE<\/div><div class=\"su-spoiler-content su-u-clearfix su-u-trim\">\n<p><a href=\"https:\/\/arhiva.moepp.gov.mk\/wp-content\/uploads\/2014\/10\/\u0417\u0410\u041a\u041e\u041d-\u0417\u0410-\u041f\u041e\u0421\u0415\u0411\u041d\u0418-\u0422\u0415\u041a\u041e\u0412\u0418-\u041d\u0410-\u041e\u0422\u041f\u0410\u0414-\u0410\u041b\u0411.pdf\" target=\"_blank\">LIGJ P\u00cbR\u00a0 MENAXHIMIN E RRJEDHJEVE SHTES\u00cb\u00a0 T\u00cb MBETURINAVE<\/a><\/p>\n<\/div><\/div>\n<div class=\"su-spoiler su-spoiler-style-fancy su-spoiler-icon-chevron su-spoiler-closed\" data-scroll-offset=\"0\" data-anchor-in-url=\"no\"><div class=\"su-spoiler-title\" tabindex=\"0\" role=\"button\"><span class=\"su-spoiler-icon\"><\/span>LIGJ I P\u00cbRGJEGJ\u00cbSIS\u00cb S\u00cb ZGJERUAR T\u00cb PRODHUESIT P\u00cbR MENAXHIMIN E RRJEDHAVE T\u00cb POSA\u00c7ME T\u00cb MBETURINAVE <\/div><div class=\"su-spoiler-content su-u-clearfix su-u-trim\">\n<p><a href=\"https:\/\/arhiva.moepp.gov.mk\/wp-content\/uploads\/2014\/10\/\u0417\u0410\u041a\u041e\u041d-\u0417\u0410\u041f\u0420\u041e\u0428\u0418\u0420\u0415\u041d\u0410-\u041e\u0414\u0413\u041e\u0412\u041e\u0420\u041d\u041e\u0421\u0422-\u041d\u0410-\u041f\u0420\u041e\u0418\u0417\u0412\u041e\u0414\u0418\u0422\u0415\u041b\u041e\u0422-\u0410\u041b\u0411.pdf\" target=\"_blank\">LIGJ I P\u00cbRGJEGJ\u00cbSIS\u00cb S\u00cb ZGJERUAR T\u00cb PRODHUESIT P\u00cbR MENAXHIMIN E RRJEDHAVE T\u00cb POSA\u00c7ME T\u00cb MBETURINAVE<\/a><\/p>\n<\/div><\/div>\n<div class=\"su-spoiler su-spoiler-style-fancy su-spoiler-icon-chevron su-spoiler-closed\" data-scroll-offset=\"0\" data-anchor-in-url=\"no\"><div class=\"su-spoiler-title\" tabindex=\"0\" role=\"button\"><span class=\"su-spoiler-icon\"><\/span>LIGJ P\u00cbR UJ\u00cbRAT<\/div><div class=\"su-spoiler-content su-u-clearfix su-u-trim\">\n<p><a href=\"https:\/\/arhiva.moepp.gov.mk\/wp-content\/uploads\/2014\/10\/LIGJ-P\u00cbR-UJ\u00cbRAT.pdf\">LIGJ P\u00cbR UJ\u00cbRAT<\/a>\u00a0&#8211; TEKST I KONSOLIDUAR<\/p>\n<p><a href=\"https:\/\/www.akademika.com.mk\" target=\"_blank\">https:\/\/www.akademika.com.mk <\/a><\/p>\n<\/div><\/div>\n<div class=\"su-spoiler su-spoiler-style-fancy su-spoiler-icon-chevron su-spoiler-closed\" data-scroll-offset=\"0\" data-anchor-in-url=\"no\"><div class=\"su-spoiler-title\" tabindex=\"0\" role=\"button\"><span class=\"su-spoiler-icon\"><\/span>LIGJ P\u00cbR PLANIFIKIM HAP\u00cbSINOR DHE URBANISTIK<\/div><div class=\"su-spoiler-content su-u-clearfix su-u-trim\">\n<p><a href=\"https:\/\/arhiva.moepp.gov.mk\/wp-content\/uploads\/2014\/10\/LIGJ-P\u00cbR-PLANIFIKIM-HAP\u00cbSINOR-DHE-URBANISTIK.pdf\" target=\"_blank\">LIGJ P\u00cbR PLANIFIKIM HAP\u00cbSINOR DHE URBANISTIK<\/a>\u00a0&#8211; TEKST I KONSOLIDUAR<\/p>\n<p><a href=\"https:\/\/www.akademika.com.mk\" target=\"_blank\">https:\/\/www.akademika.com.mk <\/a><\/p>\n<\/div><\/div>\n<div class=\"su-spoiler su-spoiler-style-fancy su-spoiler-icon-chevron su-spoiler-closed\" data-scroll-offset=\"0\" data-anchor-in-url=\"no\"><div class=\"su-spoiler-title\" tabindex=\"0\" role=\"button\"><span class=\"su-spoiler-icon\"><\/span>LIGJ P\u00cbR ORGANIZMAT E MODIFIKUAR GJENETIK<\/div><div class=\"su-spoiler-content su-u-clearfix su-u-trim\">\n<p><a href=\"https:\/\/arhiva.moepp.gov.mk\/wp-content\/uploads\/2014\/10\/LIGJ-P\u00cbR-ORGANIZMAT-E-MODIFIKUAR-GJENETIK.pdf\" target=\"_blank\">LIGJ P\u00cbR ORGANIZMAT E MODIFIKUAR GJENETIK<\/a>\u00a0&#8211; TEKST I KONSOLIDUAR<\/p>\n<p><a href=\"https:\/\/www.akademika.com.mk\" target=\"_blank\">https:\/\/www.akademika.com.mk <\/a><\/p>\n<\/div><\/div>\n<p>&nbsp;<\/p>\n<\/p>\n<p><\/p>","protected":false},"excerpt":{"rendered":"<p>&nbsp; &nbsp;<\/p>\n","protected":false},"author":1,"featured_media":0,"parent":89,"menu_order":495,"comment_status":"closed","ping_status":"open","template":"","meta":[],"_links":{"self":[{"href":"https:\/\/arhiva.moepp.gov.mk\/AL\/wp-json\/wp\/v2\/pages\/901"}],"collection":[{"href":"https:\/\/arhiva.moepp.gov.mk\/AL\/wp-json\/wp\/v2\/pages"}],"about":[{"href":"https:\/\/arhiva.moepp.gov.mk\/AL\/wp-json\/wp\/v2\/types\/page"}],"author":[{"embeddable":true,"href":"https:\/\/arhiva.moepp.gov.mk\/AL\/wp-json\/wp\/v2\/users\/1"}],"replies":[{"embeddable":true,"href":"https:\/\/arhiva.moepp.gov.mk\/AL\/wp-json\/wp\/v2\/comments?post=901"}],"version-history":[{"count":0,"href":"https:\/\/arhiva.moepp.gov.mk\/AL\/wp-json\/wp\/v2\/pages\/901\/revisions"}],"up":[{"embeddable":true,"href":"https:\/\/arhiva.moepp.gov.mk\/AL\/wp-json\/wp\/v2\/pages\/89"}],"wp:attachment":[{"href":"https:\/\/arhiva.moepp.gov.mk\/AL\/wp-json\/wp\/v2\/media?parent=901"}],"curies":[{"name":"wp","href":"https:\/\/api.w.org\/{rel}","templated":true}]}}