{"id":425,"date":"2014-10-13T11:38:12","date_gmt":"2014-10-13T11:38:12","guid":{"rendered":"http:\/\/www.moepp.gov.mk\/?page_id=425"},"modified":"2020-02-19T11:03:45","modified_gmt":"2020-02-19T10:03:45","slug":"exim","status":"publish","type":"page","link":"https:\/\/arhiva.moepp.gov.mk\/AL\/%d1%81%d0%b5%d1%80%d0%b2%d0%b8%d1%81%d0%b8\/exim\/","title":{"rendered":"Exim"},"content":{"rendered":"<p><\/p>\n<p>&nbsp;<\/p>\n<hr \/>\n<p>N\u00eb pajtim me Dekretin p\u00ebr vendosjen dhe m\u00ebnyr\u00ebn e p\u00ebrdorimit t\u00eb sistemit informativ nj\u00ebsportel p\u00ebr import, eksport dhe transit t\u00eb mallrave (Gazeta Zyrtare e RM-s\u00eb nr. 134\/08, si dhe Udh\u00ebzimin p\u00ebr t\u00eb dh\u00ebnat m\u00eb t\u00eb holl\u00ebsishme p\u00ebr dh\u00ebnien e licenc\u00ebs p\u00ebr mallrat q\u00eb importohen \/ eksportohen n\u00ebn shenj\u00ebn D4 nr. 07-3200 \/ 1, Ministria e Mjedisit Jet\u00ebsor dhe Planifikimit Hap\u00ebsinor e solli Udh\u00ebzimin p\u00ebr aplikimin dixhital t\u00eb subjekteve juridike p\u00ebr dh\u00ebnien e licenc\u00ebs p\u00ebr mallrat q\u00eb importohen \/ eksportohen n\u00ebn shenj\u00ebn D4 nga Ministria e Mjedisit Jet\u00ebsor dhe Planifikimit Hap\u00ebsinor nr. 02-8454\/1.<\/p>\n<p>Exim (Sistemi nj\u00ebsportel p\u00ebr lisenca p\u00ebr import, eksport dhe transit t\u00eb mallrave dhe kuotave tarifore) e mund\u00ebson dor\u00ebzimin elektronik t\u00eb k\u00ebrkesave p\u00ebr lisencat p\u00ebr import, eksport dhe transit nga komuniteti i biznesit, si dhe dh\u00ebnien elektronike t\u00eb licencave nga institucionet kompetente.<\/p>\n<p style=\"text-align: justify;\">Parashtresa elektronike e k\u00ebrkesave p\u00ebr lisencat n\u00ebn kompetenc\u00eb t\u00eb Ministris\u00eb s\u00eb Mjedisit Jet\u00ebsor dhe Planifikimit Hap\u00ebsinor b\u00ebhet p\u00ebrmes sistemit EXIM duke e zgjedhur linkun n\u00eb vijim <a href=\"www.exim.gov.mk\" target=\"_blank\">www.exim.gov.mk<\/a>. N\u00eb t\u00eb nj\u00ebjtin link publikohen edhe informacionet e nevojshme p\u00ebr kushtet dhe rregullat e regjistrimit t\u00eb operator\u00ebve ekonomik\u00eb n\u00eb EXIM, ku mund t\u00eb gjinden edhe manualet p\u00ebr p\u00ebrdorimin e tij.<\/p>\n<p style=\"text-align: justify;\"><div class=\"su-spoiler su-spoiler-style-fancy su-spoiler-icon-chevron su-spoiler-closed\" data-scroll-offset=\"0\" data-anchor-in-url=\"no\"><div class=\"su-spoiler-title\" tabindex=\"0\" role=\"button\"><span class=\"su-spoiler-icon\"><\/span>Regullativa p\u00ebr zbatimin e EXIM<\/div><div class=\"su-spoiler-content su-u-clearfix su-u-trim\">\n<ul>\n<li><a href=\"https:\/\/arhiva.moepp.gov.mk\/wp-content\/uploads\/2014\/10\/Uslovi_i_pravila_za_registracija_i_koristenje_na_EXIM1.pdf\">Kushtet dhe rregullat e regjistrimit dhe p\u00ebrdorimit t\u00ebEXIM (gusht 2013)<\/a><\/li>\n<li><a href=\"https:\/\/arhiva.moepp.gov.mk\/wp-content\/uploads\/2014\/10\/Zakon-za-zivotna-sredinasv-53_05072005.pdf\">Ligji i Mjedisit Jet\u00ebsor: neni 167 paragrafi 1 dhe 2, neni 164 paragrafi 5 dhe 179 paragrafet 1,2,4,5 dhe 8 t\u00eb Ligjit t\u00eb Mjedisit Jet\u00ebsor (\u201cGazeta Zyrtare e RM-s\u00eb\u201d nr. 53\/05, 81\/05, 24\/07, 159\/08, 83\/09, 48\/10, 124\/10, 51\/11, 123\/12)<\/a><\/li>\n<li><a href=\"https:\/\/arhiva.moepp.gov.mk\/wp-content\/uploads\/2014\/10\/UREDBA-za-koristenje-na-EXIM-SV-br.134-2008.pdf\">Dekreti p\u00ebr vendosjen dhe m\u00ebnyr\u00ebn e p\u00ebrdorimit t\u00eb sistemit informativ p\u00ebr p\u00ebrpunimin e t\u00eb dh\u00ebnave n\u00eb form\u00eb elektronike dhe n\u00ebnshkrim elektronik gjat\u00eb importit, eksportit dhe transitit t\u00eb mallrave (Gazeta Zyrtare 134\/2008)<\/a><\/li>\n<li><a href=\"https:\/\/arhiva.moepp.gov.mk\/wp-content\/uploads\/2014\/10\/IZMENA-na-UREDBATA-za-koristenje-na-EXIM-SV-br.13-2011.pdf\" target=\"_blank\">Dekreti p\u00ebr ndryshimin dhe plot\u00ebsimin e Dekretit p\u00ebr vendosjen dhe m\u00ebnyr\u00ebn e p\u00ebrdorimit t\u00eb sistemit informativ p\u00ebr p\u00ebrpunimin e t\u00eb dh\u00ebnave n\u00eb form\u00eb elektronike dhe n\u00ebnshkrim elektronik gjat\u00eb importit, eksportit dhe transitit t\u00eb mallrave (Gazeta Zyrtare e RM-s\u00eb, nr 13\/2011)<\/a><\/li>\n<li><a href=\"https:\/\/arhiva.moepp.gov.mk\/wp-content\/uploads\/2014\/10\/Uredba-za-vospostavuvanje.pdf\" target=\"_blank\">Dekreti p\u00ebr vendosjen dhe m\u00ebnyr\u00ebn e p\u00ebrdorimit t\u00eb sistemit informativ p\u00ebr p\u00ebrpunimin e t\u00eb dh\u00ebnave n\u00eb form\u00eb elektronike dhe n\u00ebnshkrim elektronik gjat\u00eb procedurave t\u00eb importit, eksportit dhe transitit \u2013 tekst jo-zyrtar i konsoliduar<\/a><\/li>\n<li><a href=\"https:\/\/arhiva.moepp.gov.mk\/wp-content\/uploads\/2014\/10\/Odluka-za-rasporeduvanje-na-stokite-na-forma-na-uvoz-i-izvoz.pdf\" target=\"_blank\">Vendimi p\u00ebr shp\u00ebrndarjen e mallrave q\u00eb jan\u00eb p\u00ebr import dhe eksport<\/a><\/li>\n<li><a href=\"https:\/\/arhiva.moepp.gov.mk\/wp-content\/uploads\/2014\/10\/Zakon_za_Hemikalii_145_05112010.pdf\">Ligji i kimikateve (Gazeta Zyrtare e RM-s\u00eb, nr. 145 nga 05.11.2010)<\/a><\/li>\n<li><a href=\"https:\/\/arhiva.moepp.gov.mk\/wp-content\/uploads\/2014\/10\/Zakon-za-izmenuvanje-na-Zakonot-za-administrativni-taksi.pdf\">Ligji p\u00ebr ndryshimin dhe plot\u00ebsimin e Ligjit p\u00ebr Taksat administrative <\/a><\/li>\n<\/ul>\n<p style=\"text-align: justify;\"><\/div><\/div>\n<p style=\"text-align: justify;\"><div class=\"su-spoiler su-spoiler-style-fancy su-spoiler-icon-chevron su-spoiler-closed\" data-scroll-offset=\"0\" data-anchor-in-url=\"no\"><div class=\"su-spoiler-title\" tabindex=\"0\" role=\"button\"><span class=\"su-spoiler-icon\"><\/span>Udh\u00ebzimet<\/div><div class=\"su-spoiler-content su-u-clearfix su-u-trim\">\n<ul>\n<li><a href=\"https:\/\/arhiva.moepp.gov.mk\/wp-content\/uploads\/2014\/10\/Upatstvo-za-plakanje-na-administrativni-taksi.pdf\" target=\"_blank\">Udh\u00ebzim p\u00ebr m\u00ebnyr\u00ebn e pages\u00ebs s\u00eb taksave administrative p\u00ebr import, eksport dhe tranzit licencat q\u00eb p\u00ebrfshihen n\u00eb EXIM<\/a><\/li>\n<\/ul>\n<p style=\"text-align: justify;\"><strong>*N\u00eb rast t\u00eb problemeve teknike apo nd\u00ebrprerjes n\u00eb funksionimin e sistemit, p\u00ebrpunimin e t\u00eb dh\u00ebnave nga k\u00ebrkesat b\u00ebhet me zbatimin e dokumenteve me m\u00ebnyr\u00ebn e letr\u00ebs si nj\u00eb alternativ\u00eb.<\/strong><\/p>\n<ul style=\"text-align: justify;\">\n<li><a href=\"https:\/\/arhiva.moepp.gov.mk\/wp-content\/uploads\/2014\/10\/Upatstvo-za-hartiena-procedura.pdf\" target=\"_blank\">Udh\u00ebzimi p\u00ebr zbatimin e dokumenteve me m\u00ebnyr\u00ebn e letr\u00ebs n\u00eb rast t\u00eb problemeve teknike n\u00eb EXIM<\/a><\/li>\n<\/ul>\n<p style=\"text-align: justify;\"><\/div><\/div>\n<p style=\"text-align: justify;\"><div class=\"su-spoiler su-spoiler-style-fancy su-spoiler-icon-chevron su-spoiler-closed\" data-scroll-offset=\"0\" data-anchor-in-url=\"no\"><div class=\"su-spoiler-title\" tabindex=\"0\" role=\"button\"><span class=\"su-spoiler-icon\"><\/span>Rregullore p\u00ebr regjistimin e importit t\u00eb pajisjeve elektrike dhe elektronike<\/div><div class=\"su-spoiler-content su-u-clearfix su-u-trim\">\n<ul>\n<li><a href=\"https:\/\/arhiva.moepp.gov.mk\/wp-content\/uploads\/2014\/10\/pravilnik-za-registracija-OEEO.doc\" target=\"_blank\">Rregullorja p\u00ebr form\u00ebn dhe p\u00ebrmbajtjen e k\u00ebrkes\u00ebs p\u00ebr regjistrimin e prodhuesve q\u00eb l\u00ebshohen apo eksportohen n\u00eb treg si p\u00ebrdorues p\u00ebrfundimtar\u00eb n\u00eb Republik\u00ebn e Maqedonis\u00eb pajisjet elektrike dhe elektronike, forma dhe p\u00ebrmbajtja e regjistrit t\u00eb prodhuesve q\u00eb l\u00ebshohen apo eksportohen n\u00eb treg si p\u00ebrdorues p\u00ebrfundimtar\u00eb n\u00eb Republik\u00ebn e Maqedonis\u00eb pajisjet elektrike dhe elektronike, m\u00ebnyra e mbajtjes dhe mir\u00ebmbajtjen s\u00eb saj, si dhe forma dhe p\u00ebrmbajtja e v\u00ebrtetimit p\u00ebr regjistrimin n\u00eb regjist\u00ebr<\/a>.<\/li>\n<\/ul>\n<p style=\"text-align: justify;\"><\/div><\/div>\n<p style=\"text-align: justify;\"><div class=\"su-spoiler su-spoiler-style-fancy su-spoiler-icon-chevron su-spoiler-closed\" data-scroll-offset=\"0\" data-anchor-in-url=\"no\"><div class=\"su-spoiler-title\" tabindex=\"0\" role=\"button\"><span class=\"su-spoiler-icon\"><\/span>\u0422\u0430bela me lisencat n\u00ebn kompetenc\u00eb t\u00eb MMJPH q\u00eb jepen n\u00ebp\u00ebrmjet t\u00eb EXIM<\/div><div class=\"su-spoiler-content su-u-clearfix su-u-trim\">\n<p style=\"text-align: justify;\"><div class=\"su-table su-table-alternate\">\n<table>\n<tbody>\n<tr>\n<td colspan=\"9\"><strong>Ministria e Mjedisit Jet\u00ebsor dhe Planifikimit Hap\u00ebsinor <\/strong><\/td>\n<\/tr>\n<tr>\n<td style=\"text-align: center\" colspan=\"9\"><strong>Lisencat dhe parametrat e lejeve q\u00eb jepen n\u00ebp\u00ebrmjet t\u00eb <\/strong><\/p>\n<p><strong><strong>EXIM<\/strong><\/strong><\/td>\n<\/tr>\n<tr>\n<td>NR<\/td>\n<td>SHIFRA<\/td>\n<td>Emir i lisenc\u00ebs<\/td>\n<td>Procedura<\/td>\n<td>Shuma e \u0410\u0422 n\u00eb denar\u00eb<\/td>\n<td>Kompenzime shtes\u00eb PO\/JO<\/td>\n<td>Afati<\/p>\n<p>p\u00ebrgjigjes<\/p>\n<p>(n\u00eb dit\u00eb)<\/td>\n<td>Afati i vlefshm\u00ebris\u00eb (n\u00eb dit\u00eb)<\/td>\n<td>V\u00ebrejtje<\/td>\n<\/tr>\n<tr>\n<td>1<\/td>\n<td>025<\/td>\n<td>Lisenca p\u00ebr eksportin e mallrave t\u00eb reja dhe t\u00eb p\u00ebrdorura teknike me mjetet e ftohjes<\/td>\n<td>E<\/td>\n<td>1050<\/td>\n<td>JO<\/td>\n<td>15<\/td>\n<td>180<\/td>\n<td><\/td>\n<\/tr>\n<tr>\n<td>2<\/td>\n<td>019<\/td>\n<td>Lisenca p\u00ebr eksportin e produkteve t\u00eb ndryshme t\u00eb industris\u00eb kimike dhe peroksolit t\u00eb acideve dhe metaleve inorganike etj.<\/td>\n<td>\u0415<\/td>\n<td>1550<\/td>\n<td>JO<\/td>\n<td>15<\/td>\n<td>180<\/td>\n<td><\/td>\n<\/tr>\n<tr>\n<td>3<\/td>\n<td>038<\/td>\n<td>Lisenca p\u00ebr eksportin\u00a0 e materieve t\u00eb rrezikshme<\/td>\n<td>E<\/td>\n<td>1550<\/td>\n<td>JO<\/td>\n<td>15<\/td>\n<td>180<\/td>\n<td><\/td>\n<\/tr>\n<tr>\n<td>4<\/td>\n<td>044<\/td>\n<td>Lisenca p\u00ebr eksportin e bim\u00ebve t\u00eb rrezikuara dhe t\u00eb egra t\u00eb mbrojtura, k\u00ebrpudhat dhe kafsh\u00ebt dhe pjes\u00ebt e tyre<\/td>\n<td>\u0415<\/td>\n<td>1050<\/td>\n<td>JO<\/td>\n<td>15<\/td>\n<td>270<\/td>\n<td><\/td>\n<\/tr>\n<tr>\n<td>5<\/td>\n<td>048<\/td>\n<td>Lisenca p\u00ebr eksportin e e minierave dhe mineraleve t\u00eb molibdenit<\/td>\n<td>\u0415<\/td>\n<td>1550<\/td>\n<td>JO<\/td>\n<td>15<\/td>\n<td>180<\/td>\n<td><\/td>\n<\/tr>\n<tr>\n<td>6<\/td>\n<td>019<\/td>\n<td>Lisenca\u00a0 p\u00ebr importin e produkteve t\u00eb ndryshme t\u00eb idustris\u00eb kimike<\/td>\n<td>I<\/td>\n<td>1550<\/td>\n<td>PO<\/td>\n<td>15<\/td>\n<td>180<\/td>\n<td><\/td>\n<\/tr>\n<tr>\n<td>7<\/td>\n<td>020<\/td>\n<td>Lisenca p\u00ebr importin e gomave t\u00eb p\u00ebrdorura<\/td>\n<td>I<\/td>\n<td>2050<\/td>\n<td>PO<\/td>\n<td>15<\/td>\n<td>180<\/td>\n<td><\/td>\n<\/tr>\n<tr>\n<td>8<\/td>\n<td>025<\/td>\n<td>Lisenca p\u00ebr importin e produktit t\u00eb ri teknik q\u00eb p\u00ebrmban mjete p\u00ebr ftohje<\/td>\n<td>I<\/td>\n<td>1050<\/td>\n<td>PO<\/td>\n<td>15<\/td>\n<td>180<\/td>\n<td><\/td>\n<\/tr>\n<tr>\n<td>9<\/td>\n<td>026<\/td>\n<td>Lisenca p\u00ebr importin e mallrave t\u00eb p\u00ebrdorura teknike<\/td>\n<td>I<\/td>\n<td>1050<\/td>\n<td>PO<\/td>\n<td>15<\/td>\n<td>180<\/td>\n<td><\/td>\n<\/tr>\n<tr>\n<td>10<\/td>\n<td>038<\/td>\n<td>Lisenca p\u00ebr importin e materieve t\u00eb mbetjeve t\u00eb rrezikshme (Konventa e Bazelit)<\/td>\n<td>I<\/td>\n<td>1550<\/td>\n<td>JO<\/td>\n<td>15<\/td>\n<td>180<\/td>\n<td><\/td>\n<\/tr>\n<tr>\n<td>11<\/td>\n<td>043<\/td>\n<td>Lisenca p\u00ebr importin e mineraleve t\u00eb asbestit<\/td>\n<td>I<\/td>\n<td>1550<\/td>\n<td>JO<\/td>\n<td>15<\/td>\n<td>180<\/td>\n<td><\/td>\n<\/tr>\n<tr>\n<td>12<\/td>\n<td>044<\/td>\n<td>Lisenca p\u00ebr importin e bim\u00ebve t\u00eb rrezikuara dhe t\u00eb egra t\u00eb mbrojtura, k\u00ebrpudhat dhe kafsh\u00ebt dhe pjes\u00ebt e tyre<\/td>\n<td>I<\/td>\n<td>1550<\/td>\n<td>JO<\/td>\n<td>15<\/td>\n<td>270<\/td>\n<td><\/td>\n<\/tr>\n<tr>\n<td>13<\/td>\n<td>048<\/td>\n<td>Lisenca p\u00ebr importin e mineraleve dhe koncentrateve molibden<\/td>\n<td>I<\/td>\n<td>1550<\/td>\n<td>JO<\/td>\n<td>15<\/td>\n<td>180<\/td>\n<td><\/td>\n<\/tr>\n<tr>\n<td>14<\/td>\n<td>N100<\/td>\n<td>CITES<\/td>\n<td>\u0415-I<\/td>\n<td>1550<\/td>\n<td>JO<\/td>\n<td>15<\/td>\n<td>180<\/td>\n<td><\/td>\n<\/tr>\n<tr>\n<td>15<\/td>\n<td>048<\/td>\n<td>Lisenca p\u00ebr importin e mineraleve dhe koncentratet molibden<\/td>\n<td>I<\/td>\n<td>1550<\/td>\n<td>JO<\/td>\n<td>15<\/td>\n<td>180<\/td>\n<td><\/td>\n<\/tr>\n<tr>\n<td>16<\/td>\n<td>038<\/td>\n<td>Lisenca p\u00ebr tranzitin e materive t\u00eb mbeturianve<\/td>\n<td>T<\/td>\n<td>1550<\/td>\n<td>JO<\/td>\n<td>15<\/td>\n<td>180<\/td>\n<td><\/td>\n<\/tr>\n<\/tbody>\n<\/table>\n<p style=\"text-align: justify\"><\/div>\n<p style=\"text-align: justify;\"><\/div><\/div>\n<p style=\"text-align: justify;\"><div class=\"su-spoiler su-spoiler-style-fancy su-spoiler-icon-chevron su-spoiler-closed\" data-scroll-offset=\"0\" data-anchor-in-url=\"no\"><div class=\"su-spoiler-title\" tabindex=\"0\" role=\"button\"><span class=\"su-spoiler-icon\"><\/span>Formular\u00ebt p\u00ebr parashtrimin e k\u00ebrkes\u00ebs p\u00ebr lisenc\u00eb n\u00eb form\u00eb t\u00eb shkruar<\/div><div class=\"su-spoiler-content su-u-clearfix su-u-trim\">\n<p style=\"text-align: justify;\">Procedura p\u00ebr dh\u00ebnien e licencave p\u00ebr aplikimet e paraqitura n\u00eb let\u00ebr vazhdon _____ dit\u00eb n\u00eb var\u00ebsi t\u00eb kompletimit t\u00eb dokumentacionit t\u00eb paraqitur. Licenca jepet n\u00eb pajtim me Ligjin mbi Procedur\u00ebn e P\u00ebrgjithshme Administrative (Gazeta Zyrtare e RM-s\u00eb nr.38\/05, 110\/08), Vendimi mbi klasifikimin e mallrave p\u00ebr eksport dhe import (Gazeta Zyrtare e RM-s\u00eb num\u00ebr 167\/08) si dhe n\u00eb p\u00ebrputhje me Udh\u00ebzimin p\u00ebr aplikim digjital t\u00eb subjekteve juridike p\u00ebr dh\u00ebnen e licencave t\u00eb mallrave t\u00eb importuara- eksportuara n\u00ebn shenj\u00ebn D4 nga Ministria e Mjedisit Jet\u00ebsor dhe Planifikimit Hap\u00ebsinor nr. 02-8454\/1.<\/p>\n<p>N\u00eb pajtim me Ligjin e mjedisit jet\u00ebsor (&#8220;Gazeta Zyrtare&#8221; e RM-s\u00eb nr. 53\/05, 81\/05, 24\/07, 159\/08, 83\/09, 48\/10, 124\/10, 51\/11, 123\/12) \u00ebsht\u00eb parapar\u00eb pagesa e taksave p\u00ebr import \/ eksport t\u00eb mallrave t\u00eb caktuara. Organi kompetent p\u00ebr dh\u00ebnien e k\u00ebtyre lejeve nga Ministria e Mjedisit dhe Jet\u00ebsor dhe Planifikimit Hap\u00ebsinor \u2013 Sektori i Pun\u00ebve t\u00eb P\u00ebrgjithshme dhe Drejtoria e\u00a0 Mjedisit Jet\u00ebsor.<\/p>\n<p style=\"color: #5f5f5f;\">Kompenzimet mbi k\u00ebrkes\u00ebn p\u00ebr marrjen e licencave p\u00ebr import, eksport dhe tranzit\u00eb:<\/p>\n<p>T\u00eb dh\u00ebnat p\u00ebr plot\u00ebsimin e flet\u00ebpages\u00ebs:<\/p>\n<p>\u0430) Q\u00ebllimi i pages\u00ebs: Taksa administrative p\u00ebr lisenc\u00ebn p\u00ebr import<\/p>\n<p>b) Emri i pranuesit: Thesari RM-s\u00eb<\/p>\n<p>c) Banka e pranuesit: Banka Popullore e RM-s\u00eb<\/p>\n<p>\u00e7) Llogaria e marr\u00ebsit: 100000000063095<\/p>\n<p>d) Llogaria e shfryt\u00ebzuesit buxhetor: 840 *** 034 13<\/p>\n<p>dh) Shifra e t\u00eb ardhurave 722 322 dhe m\u00ebnyra 2<\/p>\n<p>\u0435)\u00a0<a href=\"https:\/\/arhiva.moepp.gov.mk\/wp-content\/uploads\/2014\/10\/Tabela-so-Dozvoli-preku-EXIM-so-AT-i-dopolnitelni-trosoci.pdf\" target=\"_blank\">Shuma e taks\u00ebs administrative dhe shuma e harxhimeve plot\u00ebsuese p\u00ebr \u00e7do leje \u00ebsht\u00eb dh\u00ebn\u00eb k\u00ebtu (kliko)<\/a><\/p>\n<p>\u00eb) <a href=\"https:\/\/arhiva.moepp.gov.mk\/wp-content\/uploads\/2014\/10\/Upatstvo-za-drugi-nadomestoci-EXIM.pdf\" target=\"_blank\">Udh\u00ebzime p\u00ebr pages\u00ebn e kompenzimeve shtes\u00eb<\/a><\/p>\n<p style=\"text-align: justify;\"><\/div><\/div>\n<p style=\"text-align: justify;\"><div class=\"su-spoiler su-spoiler-style-fancy su-spoiler-icon-chevron su-spoiler-closed\" data-scroll-offset=\"0\" data-anchor-in-url=\"no\"><div class=\"su-spoiler-title\" tabindex=\"0\" role=\"button\"><span class=\"su-spoiler-icon\"><\/span>EXIM Statistika<\/div><div class=\"su-spoiler-content su-u-clearfix su-u-trim\">\n<ul>\n<li><a href=\"https:\/\/arhiva.moepp.gov.mk\/wp-content\/uploads\/2014\/10\/Kvartalen-izvestaj-EXIM-april-juni.pdf\">Raportitremujor(Prill \u2013 Qershor 2015)<\/a><\/li>\n<li><a href=\"https:\/\/arhiva.moepp.gov.mk\/wp-content\/uploads\/2014\/10\/Kvartalen-EXIM-dozvoli-Januari-Mart-2015.pdf\"> Raporti tremujor (\u0408\u0430nar \u2013 \u041c\u0430rs 2015)<\/a><\/li>\n<li><a href=\"https:\/\/arhiva.moepp.gov.mk\/wp-content\/uploads\/2015\/01\/Kvartalen-izvestaj-oktomvri-dekemvri-2014.pdf\"> Raporti tremujor (Tetor &#8211;\u00a0Dhjetor 2014)<\/a><\/li>\n<li><a href=\"https:\/\/arhiva.moepp.gov.mk\/wp-content\/uploads\/2014\/10\/KvartalenizvestajEXIMapril-juni2014.pdf\"> Raporti tremujor (Prill \u2013 Qershor 2014)<\/a><\/li>\n<li><a href=\"https:\/\/arhiva.moepp.gov.mk\/wp-content\/uploads\/2014\/10\/oktomvri-dekemvri-2013.pdf\"> Raporti tremujor (Tetor \u2013 Dhjetor 2013)<\/a><\/li>\n<li><a href=\"https:\/\/arhiva.moepp.gov.mk\/wp-content\/uploads\/2014\/10\/juli-septemvri-2013.pdf\"> Raporti tremujor (Korrik \u2013 Shtator 2013)<\/a><\/li>\n<li><a href=\"https:\/\/arhiva.moepp.gov.mk\/wp-content\/uploads\/2014\/10\/april-juni-2013.pdf\"> Raporti tremujor (Prill \u2013 Qershor 2013)<\/a><\/li>\n<li><a href=\"https:\/\/arhiva.moepp.gov.mk\/wp-content\/uploads\/2014\/10\/januari-mart-2013.pdf\"> Raporti tremujor (\u0408\u0430nar \u2013 \u041c\u0430rs 2013)<\/a><\/li>\n<\/ul>\n<p style=\"text-align: justify;\"><\/div><\/div>\n<p style=\"text-align: justify;\"><div class=\"su-spoiler su-spoiler-style-fancy su-spoiler-icon-chevron su-spoiler-closed\" data-scroll-offset=\"0\" data-anchor-in-url=\"no\"><div class=\"su-spoiler-title\" tabindex=\"0\" role=\"button\"><span class=\"su-spoiler-icon\"><\/span>Mb\u00ebshtetje shfryt\u00ebzuese<\/div><div class=\"su-spoiler-content su-u-clearfix su-u-trim\">\n<p><strong>Mb\u00ebshtetje administrative<\/p>\n<p><\/strong><strong>Aleksandar Jovanovski<\/p>\n<p><\/strong>\u0415-mail: a.\u0458ovanovski@moepp.gov.mk<\/p>\n<p>Tel fiks: +389 (0)2 3251-551<\/p>\n<p><strong>Emilija Qupeva Nedellkova\u00a0&#8211; Departamenti i Kimikateve, lisenca I019, E019, I025, E025<\/p>\n<p><\/strong>\u0415-mail:\u00a0e.cupeva-nedelkova@moepp.gov.mk<\/p>\n<p>Tel cel.: 076\/446-953<\/p>\n<p><strong>Enver Hajredini\u00a0&#8211; Departamenti i Kimikateve, lisenca I019, E019, I025, E025<\/p>\n<p><\/strong>\u0415-mail:\u00a0e.hajredini@moepp.gov.mk<\/p>\n<p>Tel cel.: 076\/455-469<\/p>\n<p><strong>Ilber Shabani\u00a0&#8211; Sektori i Mbeturinave,\u00a0 lisenca I020, I026, I038, E038<\/p>\n<p><\/strong>\u0415-mail:\u00a0i.shabani@moepp.gov.mk<\/p>\n<p>Tel cel.: 076\/455-439<\/p>\n<p><strong>Daniella Ristova\u00a0&#8211; Sektori i Mbeturinave,\u00a0 lisenca I020, I026, I038, E038<\/p>\n<p><\/strong>\u0415-mail:\u00a0d.ristova@moepp.gov.mk<\/p>\n<p>Tel cel.:\u00a0076\/ 455-458<\/p>\n<p><strong>Daniella Kam\u00e7eva\u00a0&#8211; Sektori i Natyr\u00ebs, lisenca I044, E044, N100 Cites<\/strong><\/p>\n<p>\u0415-mail:\u00a0d.ristova@moepp.gov.mk<strong><\/p>\n<p><\/strong>Tel cel.:\u00a0076\/ 455-458<\/p>\n<p><strong>Afrim Shaini\u00a0&#8211; Departamenti i Procedur\u00ebs Adminstrative<\/strong><\/p>\n<p>\u0415-mail:\u00a0a.shaini@moepp.gov.mk<\/p>\n<p>\u0442\u0435\u043b.:\u00a0072\/278-968<\/p>\n<p><strong>Mb\u00ebshtetje teknike<\/p>\n<p>Dushko Janjiq<\/p>\n<p><\/strong>\u0415-mail:\u00a0d.janjik@moepp.gov.mk<\/p>\n<p>Tel fiks: +389 (0)2 3251-539<\/p>\n<p><strong>Kontakti kryesor p\u00ebr mb\u00ebshtetje t\u00eb EXIM-it n\u00eb Administrat\u00ebn doganore <\/strong><\/p>\n<p>\u0415-mail:<strong>\u00a0<\/strong><a href=\"mailto:exim@customs.gov.mk\">exim@customs.gov.mk<\/a><\/p>\n<p>Tel fiks: +389 (0)2\u00a03293-916<\/p>\n<p><strong>Qasja dhe regjistrimi n\u00eb sistemin EXIM n\u00eb linkun e m\u00ebposht\u00ebm<\/strong><strong>:<\/strong><\/p>\n<p><a href=\"http:\/\/www.exim.gov.mk\/\">www.exim.gov.mk<\/a><\/p>\n<p>&nbsp;<\/p>\n<p style=\"text-align: justify;\"><\/div><\/div>\n<\/p>\n<p><\/p>","protected":false},"excerpt":{"rendered":"<p>&nbsp; N\u00eb pajtim me Dekretin p\u00ebr vendosjen dhe m\u00ebnyr\u00ebn e p\u00ebrdorimit t\u00eb sistemit informativ nj\u00ebsportel p\u00ebr import, eksport dhe transit t\u00eb mallrave (Gazeta Zyrtare e RM-s\u00eb nr. 134\/08, si dhe Udh\u00ebzimin p\u00ebr t\u00eb dh\u00ebnat m\u00eb t\u00eb holl\u00ebsishme p\u00ebr dh\u00ebnien e licenc\u00ebs p\u00ebr mallrat q\u00eb importohen \/ eksportohen n\u00ebn shenj\u00ebn D4 nr. 07-3200 \/ 1, Ministria&#8230; <a class=\"moretag\" href=\"https:\/\/arhiva.moepp.gov.mk\/AL\/%d1%81%d0%b5%d1%80%d0%b2%d0%b8%d1%81%d0%b8\/exim\/\">Lexoni me shume  &raquo;<\/a><\/p>\n","protected":false},"author":1,"featured_media":0,"parent":99,"menu_order":498,"comment_status":"closed","ping_status":"open","template":"","meta":[],"_links":{"self":[{"href":"https:\/\/arhiva.moepp.gov.mk\/AL\/wp-json\/wp\/v2\/pages\/425"}],"collection":[{"href":"https:\/\/arhiva.moepp.gov.mk\/AL\/wp-json\/wp\/v2\/pages"}],"about":[{"href":"https:\/\/arhiva.moepp.gov.mk\/AL\/wp-json\/wp\/v2\/types\/page"}],"author":[{"embeddable":true,"href":"https:\/\/arhiva.moepp.gov.mk\/AL\/wp-json\/wp\/v2\/users\/1"}],"replies":[{"embeddable":true,"href":"https:\/\/arhiva.moepp.gov.mk\/AL\/wp-json\/wp\/v2\/comments?post=425"}],"version-history":[{"count":0,"href":"https:\/\/arhiva.moepp.gov.mk\/AL\/wp-json\/wp\/v2\/pages\/425\/revisions"}],"up":[{"embeddable":true,"href":"https:\/\/arhiva.moepp.gov.mk\/AL\/wp-json\/wp\/v2\/pages\/99"}],"wp:attachment":[{"href":"https:\/\/arhiva.moepp.gov.mk\/AL\/wp-json\/wp\/v2\/media?parent=425"}],"curies":[{"name":"wp","href":"https:\/\/api.w.org\/{rel}","templated":true}]}}