{"id":3787,"date":"2015-01-22T11:13:55","date_gmt":"2015-01-22T11:13:55","guid":{"rendered":"http:\/\/www.moepp.gov.mk\/?page_id=3787"},"modified":"2020-09-01T08:52:29","modified_gmt":"2020-09-01T07:52:29","slug":"%d0%bf%d0%be%d1%81%d1%82%d0%b5%d1%80%d0%b8","status":"publish","type":"page","link":"https:\/\/arhiva.moepp.gov.mk\/AL\/%d0%bc%d0%b5%d0%b4%d0%b8%d1%98%d0%b0\/%d0%bf%d0%be%d1%81%d1%82%d0%b5%d1%80%d0%b8\/","title":{"rendered":"POSTERE"},"content":{"rendered":"<p><a href=\"https:\/\/arhiva.moepp.gov.mk\/wp-content\/uploads\/2020\/09\/POSTER-ALB.jpg\" rel=\"lightbox[3787]\">Poster &#8220;Si t\u00eb mbledhim bim\u00eb t\u00eb egra dhe pjes\u00ebt e tyre&#8221;<\/a><\/p>\n<p><a href=\"https:\/\/arhiva.moepp.gov.mk\/wp-content\/uploads\/2015\/01\/poster_ckorce-al.pdf\" target=\"_blank\">NJ\u00cb DRU MUND T\u00cb B\u00cbJ\u00cb NJ\u00cb MILION FIJE SHKREPSE. NJ\u00cb FIJE SHKREPSE MUND T\u00cb SHKAT\u00cbRROJ\u00cb NJ\u00cb MILION DRUNJ.<\/a><\/p>\n<p><a href=\"https:\/\/arhiva.moepp.gov.mk\/wp-content\/uploads\/2015\/01\/poster1-alb-upatstvo.pdf\" target=\"_blank\">MBROHU NGA ZJARRI I PYLLIT!<\/a><\/p>\n<p><a href=\"https:\/\/arhiva.moepp.gov.mk\/wp-content\/uploads\/2015\/01\/Poster-ALB_otpad.jpg\" target=\"_blank\" rel=\"lightbox[3787]\">Menaxhimin e q\u00ebndruesh\u00ebm t\u00eb mbeturinave n\u00eb nivel rajonal<\/a><\/p>","protected":false},"excerpt":{"rendered":"<p>Poster &#8220;Si t\u00eb mbledhim bim\u00eb t\u00eb egra dhe pjes\u00ebt e tyre&#8221; NJ\u00cb DRU MUND T\u00cb B\u00cbJ\u00cb NJ\u00cb MILION FIJE SHKREPSE. NJ\u00cb FIJE SHKREPSE MUND T\u00cb SHKAT\u00cbRROJ\u00cb NJ\u00cb MILION DRUNJ. MBROHU NGA ZJARRI I PYLLIT! Menaxhimin e q\u00ebndruesh\u00ebm t\u00eb mbeturinave n\u00eb nivel rajonal<\/p>\n","protected":false},"author":3,"featured_media":0,"parent":87,"menu_order":400,"comment_status":"closed","ping_status":"open","template":"","meta":[],"_links":{"self":[{"href":"https:\/\/arhiva.moepp.gov.mk\/AL\/wp-json\/wp\/v2\/pages\/3787"}],"collection":[{"href":"https:\/\/arhiva.moepp.gov.mk\/AL\/wp-json\/wp\/v2\/pages"}],"about":[{"href":"https:\/\/arhiva.moepp.gov.mk\/AL\/wp-json\/wp\/v2\/types\/page"}],"author":[{"embeddable":true,"href":"https:\/\/arhiva.moepp.gov.mk\/AL\/wp-json\/wp\/v2\/users\/3"}],"replies":[{"embeddable":true,"href":"https:\/\/arhiva.moepp.gov.mk\/AL\/wp-json\/wp\/v2\/comments?post=3787"}],"version-history":[{"count":0,"href":"https:\/\/arhiva.moepp.gov.mk\/AL\/wp-json\/wp\/v2\/pages\/3787\/revisions"}],"up":[{"embeddable":true,"href":"https:\/\/arhiva.moepp.gov.mk\/AL\/wp-json\/wp\/v2\/pages\/87"}],"wp:attachment":[{"href":"https:\/\/arhiva.moepp.gov.mk\/AL\/wp-json\/wp\/v2\/media?parent=3787"}],"curies":[{"name":"wp","href":"https:\/\/api.w.org\/{rel}","templated":true}]}}