{"id":3780,"date":"2015-01-22T13:14:39","date_gmt":"2015-01-22T13:14:39","guid":{"rendered":"http:\/\/www.moepp.gov.mk\/?page_id=3780"},"modified":"2023-05-25T12:55:46","modified_gmt":"2023-05-25T11:55:46","slug":"%d0%b1%d1%80%d0%be%d1%88%d1%83%d1%80%d0%b8","status":"publish","type":"page","link":"https:\/\/arhiva.moepp.gov.mk\/AL\/%d0%bc%d0%b5%d0%b4%d0%b8%d1%98%d0%b0\/%d0%b1%d1%80%d0%be%d1%88%d1%83%d1%80%d0%b8\/","title":{"rendered":"Broshura"},"content":{"rendered":"<p><a href=\"https:\/\/arhiva.moepp.gov.mk\/wp-content\/uploads\/2015\/01\/Climate-change-in-12-pictures_Albanian.pdf\" target=\"_blank\">NDRYSHIMET KLIMATIKE N\u00cb DYMB\u00cbDHJET\u00cb FOTO<\/a><\/p>\n<p><a href=\"https:\/\/arhiva.moepp.gov.mk\/wp-content\/uploads\/2021\/03\/broshura_ekoloshki-koridori-_alb.pdf\" target=\"_blank\">Korridoreve ekologjike<\/a><\/p>\n<p><a href=\"https:\/\/arhiva.moepp.gov.mk\/wp-content\/uploads\/2020\/09\/2020_Thematic_Guidelines-ALB.pdf\" target=\"_blank\">UDH\u00cbZIME TEMATIKE<\/a><\/p>\n<p><a href=\"https:\/\/arhiva.moepp.gov.mk\/wp-content\/uploads\/2020\/09\/2020_Lessons_Learnt_ALB.pdf\" target=\"_blank\">10 m\u00ebsime q\u00eb m\u00ebsuam nga izolimi P\u00cbR L\u00cbVIZSHM\u00cbRI M\u00cb T\u00cb MIR\u00cb URBANE<\/a><\/p>\n<p><a href=\"https:\/\/arhiva.moepp.gov.mk\/wp-content\/uploads\/2015\/01\/IUCN-RedList-brochure-Macedonia_ALB.pdf\" target=\"_blank\">Listat Komb\u00ebtare t\u00eb Kuqe n\u00eb Republik\u00ebn e Maqedonis\u00eb s\u00eb Veriut<\/a><\/p>\n<p>&nbsp;<\/p>","protected":false},"excerpt":{"rendered":"<p>NDRYSHIMET KLIMATIKE N\u00cb DYMB\u00cbDHJET\u00cb FOTO Korridoreve ekologjike UDH\u00cbZIME TEMATIKE 10 m\u00ebsime q\u00eb m\u00ebsuam nga izolimi P\u00cbR L\u00cbVIZSHM\u00cbRI M\u00cb T\u00cb MIR\u00cb URBANE Listat Komb\u00ebtare t\u00eb Kuqe n\u00eb Republik\u00ebn e Maqedonis\u00eb s\u00eb Veriut &nbsp;<\/p>\n","protected":false},"author":3,"featured_media":0,"parent":87,"menu_order":398,"comment_status":"closed","ping_status":"open","template":"","meta":[],"_links":{"self":[{"href":"https:\/\/arhiva.moepp.gov.mk\/AL\/wp-json\/wp\/v2\/pages\/3780"}],"collection":[{"href":"https:\/\/arhiva.moepp.gov.mk\/AL\/wp-json\/wp\/v2\/pages"}],"about":[{"href":"https:\/\/arhiva.moepp.gov.mk\/AL\/wp-json\/wp\/v2\/types\/page"}],"author":[{"embeddable":true,"href":"https:\/\/arhiva.moepp.gov.mk\/AL\/wp-json\/wp\/v2\/users\/3"}],"replies":[{"embeddable":true,"href":"https:\/\/arhiva.moepp.gov.mk\/AL\/wp-json\/wp\/v2\/comments?post=3780"}],"version-history":[{"count":0,"href":"https:\/\/arhiva.moepp.gov.mk\/AL\/wp-json\/wp\/v2\/pages\/3780\/revisions"}],"up":[{"embeddable":true,"href":"https:\/\/arhiva.moepp.gov.mk\/AL\/wp-json\/wp\/v2\/pages\/87"}],"wp:attachment":[{"href":"https:\/\/arhiva.moepp.gov.mk\/AL\/wp-json\/wp\/v2\/media?parent=3780"}],"curies":[{"name":"wp","href":"https:\/\/api.w.org\/{rel}","templated":true}]}}