{"id":3669,"date":"2015-01-20T13:45:01","date_gmt":"2015-01-20T13:45:01","guid":{"rendered":"http:\/\/www.moepp.gov.mk\/?page_id=3669"},"modified":"2023-03-20T09:17:21","modified_gmt":"2023-03-20T08:17:21","slug":"%d0%bf%d1%80%d0%be%d0%b3%d1%80%d0%b0%d0%bc%d0%b8-%d0%be%d1%82%d0%bf%d0%b0%d0%b4","status":"publish","type":"page","link":"https:\/\/arhiva.moepp.gov.mk\/AL\/%d0%b4%d0%be%d0%ba%d1%83%d0%bc%d0%b5%d0%bd%d1%82%d0%b8\/%d0%bf%d1%80%d0%be%d0%b3%d1%80%d0%b0%d0%bc%d0%b8-%d0%be%d1%82%d0%bf%d0%b0%d0%b4\/","title":{"rendered":"Programet"},"content":{"rendered":"<p><\/p>\n<p><p>&nbsp;<\/p>\n<div class=\"su-spoiler su-spoiler-style-fancy su-spoiler-icon-chevron su-spoiler-closed\" data-scroll-offset=\"0\" data-anchor-in-url=\"no\"><div class=\"su-spoiler-title\" tabindex=\"0\" role=\"button\"><span class=\"su-spoiler-icon\"><\/span>Mbeturinave<\/div><div class=\"su-spoiler-content su-u-clearfix su-u-trim\">\n<p><a href=\"https:\/\/arhiva.moepp.gov.mk\/wp-content\/uploads\/2015\/01\/Programi-p\u00ebr-menaxhimin-e-rrymave-t\u00eb-ve\u00e7anta-t\u00eb-mbetjeve-2022-2031.pdf\">Programi p\u00ebr menaxhimin e rrymave t\u00eb ve\u00e7anta t\u00eb mbetjeve 2022-2031<\/a><\/p>\n<p><a href=\"https:\/\/arhiva.moepp.gov.mk\/wp-content\/uploads\/2015\/01\/\u043f\u0440\u043e\u0433\u0440\u0430\u043c\u0430-\u0437\u0430-\u043e\u0442\u043f\u0430\u0434-\u043e\u0434-\u043f\u0430\u043a\u0443\u0432\u0430\u045a\u0435.pdf\" target=\"_blank\">Programi p\u00ebr menaxhimin me mbeturinat nga paketimi<\/a><\/p>\n<p><a href=\"https:\/\/arhiva.moepp.gov.mk\/wp-content\/uploads\/2015\/01\/%D0%BF%D1%80%D0%BE%D0%B3%D1%80%D0%B0%D0%BC%D0%B0-%D0%B7%D0%B0-%D1%83%D0%BF%D1%80%D0%B0%D0%B2%D1%83%D0%B2%D0%B0%D1%9A%D0%B5-%D1%81%D0%BE-%D0%9E%D0%95%D0%95%D0%9E.pdf\">Programi komb\u00ebtar p\u00ebr menaxhim me mbeturinat nga pajisjet elektrike dhe elektronike (2013-2018)<\/a><\/p>\n<p><a href=\"https:\/\/arhiva.moepp.gov.mk\/wp-content\/uploads\/2015\/01\/%D0%9E%D0%A6%D0%95%D0%9D%D0%90-%D0%9D%D0%90-%D0%9E%D0%91%D0%90.pdf\">Vler\u00ebsimi i gjendjes me menaxhimin me mbeturinat nga baterit\u00eb dhe akumulator\u00ebt n\u00eb Republik\u00ebn e Maqedonis\u00eb <\/a><\/p>\n<\/div><\/div>\n<div class=\"su-spoiler su-spoiler-style-fancy su-spoiler-icon-chevron su-spoiler-closed\" data-scroll-offset=\"0\" data-anchor-in-url=\"no\"><div class=\"su-spoiler-title\" tabindex=\"0\" role=\"button\"><span class=\"su-spoiler-icon\"><\/span>Ajri<\/div><div class=\"su-spoiler-content su-u-clearfix su-u-trim\">\n<\/div><\/div>\n<\/p>\n<p><\/p>","protected":false},"excerpt":{"rendered":"<p>&nbsp;<\/p>\n","protected":false},"author":2,"featured_media":0,"parent":91,"menu_order":405,"comment_status":"closed","ping_status":"open","template":"","meta":[],"_links":{"self":[{"href":"https:\/\/arhiva.moepp.gov.mk\/AL\/wp-json\/wp\/v2\/pages\/3669"}],"collection":[{"href":"https:\/\/arhiva.moepp.gov.mk\/AL\/wp-json\/wp\/v2\/pages"}],"about":[{"href":"https:\/\/arhiva.moepp.gov.mk\/AL\/wp-json\/wp\/v2\/types\/page"}],"author":[{"embeddable":true,"href":"https:\/\/arhiva.moepp.gov.mk\/AL\/wp-json\/wp\/v2\/users\/2"}],"replies":[{"embeddable":true,"href":"https:\/\/arhiva.moepp.gov.mk\/AL\/wp-json\/wp\/v2\/comments?post=3669"}],"version-history":[{"count":0,"href":"https:\/\/arhiva.moepp.gov.mk\/AL\/wp-json\/wp\/v2\/pages\/3669\/revisions"}],"up":[{"embeddable":true,"href":"https:\/\/arhiva.moepp.gov.mk\/AL\/wp-json\/wp\/v2\/pages\/91"}],"wp:attachment":[{"href":"https:\/\/arhiva.moepp.gov.mk\/AL\/wp-json\/wp\/v2\/media?parent=3669"}],"curies":[{"name":"wp","href":"https:\/\/api.w.org\/{rel}","templated":true}]}}