{"id":3512,"date":"2015-01-14T15:09:53","date_gmt":"2015-01-14T15:09:53","guid":{"rendered":"http:\/\/www.moepp.gov.mk\/?page_id=3512"},"modified":"2024-06-10T13:44:22","modified_gmt":"2024-06-10T12:44:22","slug":"%d1%81%d0%b5%d0%ba%d1%82%d0%be%d1%80-%d0%b7%d0%b0-%d0%bf%d1%80%d0%be%d1%81%d1%82%d0%be%d1%80%d0%bd%d0%be-%d0%bf%d0%bb%d0%b0%d0%bd%d0%b8%d1%80%d0%b0%d1%9a%d0%b5","status":"publish","type":"page","link":"https:\/\/arhiva.moepp.gov.mk\/AL\/%d0%bc%d0%b8%d0%bd%d0%b8%d1%81%d1%82%d0%b5%d1%80%d1%81%d1%82%d0%b2%d0%be\/%d1%81%d0%b5%d0%ba%d1%82%d0%be%d1%80-%d0%b7%d0%b0-%d0%bf%d1%80%d0%be%d1%81%d1%82%d0%be%d1%80%d0%bd%d0%be-%d0%bf%d0%bb%d0%b0%d0%bd%d0%b8%d1%80%d0%b0%d1%9a%d0%b5\/","title":{"rendered":"Sektori i Planifikimit Hap\u00ebsinor"},"content":{"rendered":"<p><\/p>\n<p><p>Hap\u00ebsira, si nj\u00eb kategori universale, \u00ebsht\u00eb nj\u00eb p\u00ebrcaktuese thelb\u00ebsore e shtetit dhe gjithashtu l\u00ebnd\u00eb e procesit m\u00eb t\u00eb r\u00ebnd\u00ebsish\u00ebm n\u00eb zhvillimin e saj, procesin e planifikimit.<\/p>\n<p>Planifikimi i hap\u00ebsir\u00ebs \u00ebsht\u00eb nj\u00eb m\u00ebnyr\u00eb p\u00ebr vendosjen e strategjis\u00eb p\u00ebr zhvillimin e territorit t\u00eb \u00e7do vendi t\u00eb qytet\u00ebruar.<\/p>\n<p><strong>\u041cinistria e Mjedisit Jet\u00ebsor dhe Planifikimit Hap\u00ebsinor, <\/strong><strong>p\u00ebrmes <\/strong><strong>Sektorit t\u00eb Planifikimit Hap\u00ebsinor, <\/strong><strong>\u00ebsht\u00eb e obliguar p\u00ebr udh\u00ebheqjen dhe zbatimin e politikave dhe monitorimin e form\u00ebsimit t\u00eb hap\u00ebsir\u00ebs s\u00eb Republik\u00ebs s\u00eb Maqedonis\u00eb.<\/strong><\/p>\n<p>Planifikimi hap\u00ebsinor \u00ebsht\u00eb nj\u00eb veprimtari multidisiplinare q\u00ebllimi i s\u00eb cil\u00ebs \u00ebsht\u00eb nj\u00eb projeksionin afatgjat\u00eb p\u00ebr zhvillimin e hap\u00ebsir\u00ebs nga t\u00eb gjitha aspektet.<\/p>\n<p>Me planifikimin hap\u00ebsinor sigurohet nj\u00eb zhvillim i balancuar hap\u00ebsinor, rregullim racional dhe shfryt\u00ebzim i hap\u00ebsir\u00ebs, kushte p\u00ebr nj\u00eb jetes\u00eb humane dhe pun\u00eb t\u00eb qytetar\u00ebve, si dhe parashikimi i masave p\u00ebr mbrojtjen dhe p\u00ebrmir\u00ebsimin e mjedisit jet\u00ebsor dhe natyr\u00ebs, mbrojtja nga shkat\u00ebrrimi i luft\u00ebs, nga fatkeq\u00ebsit\u00eb natyrore dhe ato teknologjike etj.<\/p>\n<p>Planifikimi hap\u00ebsinor paraqet nj\u00eb process t\u00eb kontinuar q\u00eb realizohet p\u00ebrmes p\u00ebrpunimit permanent dhe sjelljes s\u00eb planeve hap\u00ebsinore, si dhe koordinimit t\u00eb zbatimit t\u00eb tyre, sidomos implementimit t\u00eb tyre.<\/p>\n<p>Veprimtaria planifikimi hap\u00ebsinor \u00ebasht\u00eb nj\u00eb veprimtari nga karakteri publik q\u00eb regullohet me:<\/p>\n<p>&#8211;\u00a0\u00a0<a href=\"https:\/\/arhiva.moepp.gov.mk\/?page_id=659\">Ligjin p\u00ebr Planifikim Hap\u00ebsinor dhe Urbanistik <\/a>\u00a0dhe<\/p>\n<p>&#8211;\u00a0\u00a0<a href=\"https:\/\/arhiva.moepp.gov.mk\/wp-content\/uploads\/2015\/01\/Zakon-za-sproveduvanje-na-PP-na-RM_SV-39-18.06.2004.pdf\">Ligjjin p\u00ebr Zbatimin e Planit Hapsinor t\u00eb Republik\u00ebs s\u00eb Maqedonis\u00eb<\/a><\/p>\n<p>Zbatimi i k\u00ebtyre ligjeve \u00ebsht\u00eb n\u00ebn kompetenc\u00eb t\u00eb Ministris\u00eb s\u00eb Mjedisit Jet\u00ebsor dhe Planifikimit Hap\u00ebsinor \u2013 Sektorit p\u00ebr Planifikim Hap\u00ebsinor, i cili organizohet n\u00eb <strong>tri departamente<\/strong>:<\/p>\n<div class=\"su-tabs su-tabs-style-default su-tabs-mobile-stack\" data-active=\"1\" data-scroll-offset=\"0\" data-anchor-in-url=\"no\"><div class=\"su-tabs-nav\"><span class=\"\" data-url=\"\" data-target=\"blank\" tabindex=\"0\" role=\"button\">Departamenti i Planeve dhe Politik\u00ebs Hap\u00ebsinore<\/span><span class=\"\" data-url=\"\" data-target=\"blank\" tabindex=\"0\" role=\"button\">Departamenti i Zbatimit e Planeve Hap\u00ebsinore<\/span><span class=\"\" data-url=\"\" data-target=\"blank\" tabindex=\"0\" role=\"button\">Debartamenti i Vler\u00ebsimit Strategjik t\u00eb Ndikimit ndaj Mjedisit Jet\u00ebsor<\/span><\/div><div class=\"su-tabs-panes\"><div class=\"su-tabs-pane su-u-clearfix su-u-trim\" data-title=\"Departamenti i Planeve dhe Politik\u00ebs Hap\u00ebsinore\"> Departamenti i Planeve dhe Politik\u00ebs Hap\u00ebsinore siguron zbatimin e politikave komb\u00ebtare t\u00eb zhvillimit t\u00eb q\u00ebndruesh\u00ebm hap\u00ebsinor n\u00ebp\u00ebrmjet zbatimit t\u00eb koncepteve t\u00eb parashikuara p\u00ebr zhvillimin hap\u00ebsinor t\u00eb vendit, i definon prioritetet n\u00eb disa zona, n\u00eb pajtim t\u00eb strategjis\u00eb s\u00eb p\u00ebrgjithshme t\u00eb Qeveris\u00eb s\u00eb Republik\u00ebs s\u00eb Maqedonis\u00eb, vendos bashk\u00ebpunim nd\u00ebrkomb\u00ebtar, nd\u00ebrministror\u00eb dhe nd\u00ebrsektorial n\u00eb fush\u00ebn e planifikimit hap\u00ebsinor, duke marr\u00eb pjes\u00eb n\u00eb p\u00ebrpunimin dhe sjelljen e dokumenteve strategjike sipas zonave t\u00eb caktuara, jep mendimin profesional p\u00ebr pajtueshm\u00ebrin\u00eb e planeve hap\u00ebsinore t\u00eb rangut m\u00eb t\u00eb ul\u00ebt dhe dokumenteve relevante strategjike me Planin Hap\u00ebsinor t\u00eb Republik\u00ebs s\u00eb Maqedonis\u00eb, merr pjes\u00eb n\u00eb p\u00ebrgatitjen e akteve ligjore n\u00eb fush\u00ebn e planifikimit hap\u00ebsinor.<\/p>\n<\/div>\n<div class=\"su-tabs-pane su-u-clearfix su-u-trim\" data-title=\"Departamenti i Zbatimit e Planeve Hap\u00ebsinore\"> Departamenti i Zbatimit t\u00eb Planeve Hap\u00ebsinore e koordinon procesin e p\u00ebrgatitjes s\u00eb planeve hap\u00ebsinore, krijon Kushte p\u00ebr planifikimin e hap\u00ebsir\u00ebs, kryen mbik\u00ebqyrje p\u00ebr zbatimin e Planit Hap\u00ebsinor t\u00eb Republik\u00ebs s\u00eb Maqedonis\u00eb, p\u00ebrgatit raporte dhe programe p\u00ebr Qeverin\u00eb e Republik\u00ebs s\u00eb Maqedonis\u00eb p\u00ebr zbatimin e Planit Hap\u00ebsinor t\u00eb Republik\u00ebs s\u00eb Maqedonis\u00eb, e p\u00ebrcakton bashk\u00ebpunimin me resor\u00ebt kompetent\u00eb dhe nj\u00ebsit\u00eb e vetqeverisjes lokale p\u00ebr monitorimin e zbatimit t\u00eb Planit Hap\u00ebsinor t\u00eb Republik\u00ebs s\u00eb Maqedonis\u00eb, jep mendim profesional p\u00ebr harmonizimin e planeve me Planin Hap\u00ebsinor t\u00eb Republik\u00ebs s\u00eb Maqedonis\u00eb, p\u00ebrgatit informata p\u00ebr gjendjet dhe ndryshimet n\u00eb hap\u00ebsir\u00eb.<\/p>\n<\/div>\n<div class=\"su-tabs-pane su-u-clearfix su-u-trim\" data-title=\"Debartamenti i Vler\u00ebsimit Strategjik t\u00eb Ndikimit ndaj Mjedisit Jet\u00ebsor\"> Departamenti i Vler\u00ebsimit Strategjik t\u00eb Ndikimit ndaj Mjedisit Jet\u00ebsor i koordinon dhe i zbaton politikat e zbatimit t\u00eb procedur\u00ebs s\u00eb vler\u00ebsimit strategjik t\u00eb ndikimit ndaj mjedisit jet\u00ebsor, e nmonitoron procesin e vler\u00ebsimit strategjik t\u00eb mjedisit jet\u00ebsor t\u00eb planeve, programeve dhe dokumenteve, e b\u00ebn analiz\u00ebn dhe vler\u00ebsimin e raporteve p\u00ebr vler\u00ebsimin strategjik ndaj mjedisit jet\u00ebsor dhe jep Mendim p\u00ebr Raportin, si dhe Vendim p\u00ebr zbatimin e vler\u00ebsimit strategjik t\u00eb ndikimit ndaj mjedisit jet\u00ebsor, merr pjes\u00eb n\u00eb p\u00ebrgatitjen e dokumenteve dhe propozim vendimet ligjore, jep ndihm\u00eb t\u00eb nevojshme profesionale dhe p\u00ebrgatit mendime profesionale.<\/p>\n<\/div><\/div><\/div>\n<p>&nbsp;<\/p>\n<p><strong>Aktivitetet e Sektorit q\u00eb rrjedhin nga Ligji:<\/strong><\/p>\n<p>&#8211;\u00a0\u00a0\u00a0\u00a0\u00a0\u00a0\u00a0\u00a0e korrdinon procedur\u00ebn p\u00ebr p\u00ebrpunimin e planeve hap\u00ebsinore;<\/p>\n<p>&#8211;\u00a0\u00a0\u00a0\u00a0\u00a0\u00a0\u00a0\u00a0 e zbaton procedur\u00ebn p\u00ebr sjelljen e tyre;<\/p>\n<p>&#8211;\u00a0\u00a0\u00a0\u00a0\u00a0\u00a0\u00a0\u00a0 e monitoron implementimin e tyre (p\u00ebrmes p\u00ebrgatitjes s\u00eb Raporteve nj\u00ebvje\u00e7are p\u00ebr zbatimin e Planit);<\/p>\n<p>&#8211;\u00a0\u00a0\u00a0\u00a0\u00a0\u00a0\u00a0\u00a0 krijon Kushte p\u00ebr planifikimin e hap\u00ebsir\u00ebs (Vendim p\u00ebr Kushte p\u00ebr planifikimin e hap\u00ebsir\u00ebs);<\/p>\n<p>&#8211;\u00a0\u00a0\u00a0\u00a0\u00a0\u00a0\u00a0\u00a0 merr pjes\u00eb n\u00eb p\u00ebrgatitjen e akteve ligjore dhe n\u00ebnligjore;<\/p>\n<p>&#8211;\u00a0\u00a0\u00a0\u00a0\u00a0\u00a0\u00a0\u00a0jep mendim professional p\u00ebr harmonizimin e planeve t\u00eb rendit m\u00eb t\u00eb ul\u00ebt me Planin hap\u00ebsinor t\u00eb vendit;<\/p>\n<p>&#8211;\u00a0\u00a0\u00a0\u00a0\u00a0\u00a0\u00a0\u00a0 p\u00ebrgatit vler\u00ebsim dhe program dy-vje\u00e7ar p\u00ebr zbatimin e Planit hap\u00ebsinor t\u00eb Republik\u00ebs s\u00eb Maqedonis\u00eb;<\/p>\n<p>&#8211;\u00a0\u00a0\u00a0\u00a0\u00a0\u00a0\u00a0\u00a0 jep mendim nga sfera e planifikimit hap\u00ebsinor;<\/p>\n<p>&#8211;\u00a0\u00a0\u00a0\u00a0\u00a0\u00a0\u00a0\u00a0 i korrdinon dhe zbaton politikat p\u00ebr zbatimin e procedur\u00ebs p\u00ebr vler\u00ebsimin strategjik t\u00eb ndikimit ndaj mjedisit jet\u00ebsor;<\/p>\n<p>&#8211;\u00a0\u00a0\u00a0\u00a0\u00a0\u00a0\u00a0\u00a0 b\u00ebn\u00eb analiz\u00ebn dhe vler\u00ebsimin e raporteve p\u00ebr vler\u00ebsimin strategjik t\u00eb ndikimit ndaj mjedisit jet\u00ebsor dhe jep mendim p\u00ebr Raportin dhe Vendimin p\u00ebr zbatimin e vler\u00ebsimit strategjik ndaj mjedisit jet\u00ebsor;<\/p>\n<p>&#8211;\u00a0\u00a0\u00a0\u00a0\u00a0\u00a0\u00a0\u00a0 p\u00ebrgatit dokumente dhe propozim vendime ligjore, ndihm\u00eb t\u00eb nevojshme profesionale dhe mendime profesionale nga sfera e vler\u00ebsimit strategjik t\u00eb ndikimit ndaj mjedisit jet\u00ebsor.<\/p>\n<p><strong> Aktivitete tjera <strong>\u2013 bashk\u00ebpunimi nd\u00ebrkomb\u00ebtar dhe ai nd\u00ebrsektorial:<\/strong><\/strong><\/p>\n<p>&#8211;\u00a0\u00a0\u00a0\u00a0\u00a0\u00a0\u00a0\u00a0 i implementon koonventat nd\u00ebrkomb\u00ebtare nga sfera e planifikimit hap\u00ebsinor;<\/p>\n<p>&#8211;\u00a0\u00a0\u00a0\u00a0\u00a0\u00a0\u00a0\u00a0 realizon bashk\u00ebpunim nd\u00ebrsektorial dhe nd\u00ebr-resorial;<\/p>\n<p>&#8211;\u00a0\u00a0\u00a0\u00a0\u00a0\u00a0\u00a0\u00a0 merr pjes\u00eb n\u00eb p\u00ebrpunimin e programeve p\u00ebr bashk\u00ebpunimin e vendeve fqinje n\u00eb konteksitn nd\u00ebrkufitar;<\/p>\n<p>&#8211;\u00a0\u00a0\u00a0\u00a0\u00a0\u00a0\u00a0\u00a0 bashk\u00ebpunon me BE-n\u00eb (Agjend\u00ebn Territoriale t\u00eb BE-s\u00eb dhe dokumentet tjera nga fusha e planifikimit hap\u00ebsinor);<\/p>\n<p>&#8211;\u00a0\u00a0\u00a0\u00a0\u00a0\u00a0\u00a0\u00a0 bashk\u00ebpunon me \u0415\u0415\u0410 (Agjencin\u00eb Evropiane t\u00eb Mjedisit Jet\u00ebsor);<\/p>\n<p>&#8211;\u00a0\u00a0\u00a0\u00a0\u00a0\u00a0\u00a0\u00a0 bashk\u00ebpunon me K\u00ebshillin e Evrop\u00ebs (SEMAT) etj.<\/p>\n<p><strong>Plani hap\u00ebsinor i Republik\u00ebs s\u00eb Maqedonis\u00eb <\/strong>paraqetnj\u00eb strategji p\u00ebr zhvillimin hap\u00ebsinor t\u00eb Republik\u00ebs dhe jep drejtime p\u00ebr q\u00ebllimin, p\u00ebrdorimin, mbrojtjen, organizimin, rrregullimin dhe menaxhimin e hap\u00ebsir\u00ebs s\u00eb Republik\u00ebs s\u00eb Maqedonis\u00eb.<\/p>\n<p>Plani Hap\u00ebsinor paraqet nj\u00eb dokument menaxhues me vler\u00eb t\u00eb q\u00ebndrueshme dhe nj\u00ebkoh\u00ebsisht paraqet nj\u00eb projekt integral t\u00eb zhvillimit.<\/p>\n<p><strong>Vlera e q\u00ebndrueshme &#8211; <\/strong>p\u00ebrmes planit \u00ebsht\u00eb p\u00ebrcaktuar organizimin hap\u00ebsinor i nj\u00eb territorie t\u00eb caktuar, q\u00ebllime dhe koncepte t\u00eb zhvillimit hap\u00ebsinor, m\u00ebnyra t\u00eb p\u00ebrdorimit t\u00eb tok\u00ebs (elemente q\u00eb kan\u00eb nj\u00eb dimension strategjik n\u00eb zhvillimin dhe karakterin afatgjat\u00eb), kushte p\u00ebr realizimin e koncepteve t\u00eb p\u00ebrcaktuara, me k\u00ebt\u00eb jan\u00eb harmonizuar planet nga rregulla m\u00eb e ul\u00ebt:<\/p>\n<p><strong>Karakteri integrues &#8211; <\/strong>i koordinon strukturat komplekse t\u00eb veprimtarive primare, sekondare, terciale dhe publike, vendndodhjen dhe ndarjen e tyre n\u00eb hap\u00ebsir\u00eb;<\/p>\n<p><strong>Menaxhues \u2013 <\/strong>iartikulon dhe i zgjedh konfliktet q\u00eb ndodhin midis subjekteve n\u00eb p\u00ebrdorimin e burimeve natyrore, n\u00eb p\u00ebrputhje me parimet e zhvillimit t\u00eb q\u00ebndruesh\u00ebm, p\u00ebrcakton p\u00ebrdorimin e hap\u00ebsir\u00ebs dhe drejton planifikimin e investimeve t\u00eb reja.<\/p>\n<p><strong>Plani Hap\u00ebsinor i Republik\u00ebs p\u00ebrmban\u00eb: <\/strong>q\u00ebllimin themelor\u00eb t\u00eb tok\u00ebs, drejtime p\u00ebr rregullimin dhe p\u00ebrdorimin e hap\u00ebsir\u00ebs, rregullimin hap\u00ebsinor t\u00eb nd\u00ebrtesave nga aktivitetet ekonomike dhe ato jo-ekonomike, rrjet t\u00eb vendbanimeve, rregullimin hap\u00ebsinor t\u00eb infrastruktur\u00ebs s\u00eb komunikacionit dhe t\u00eb infrsatruktur\u00ebs tjet\u00ebr, vler\u00ebsimin strategjik t\u00eb ndikimit ndaj mjedisit jet\u00ebsor, drejtime dhe masa p\u00ebr mbrojtjen dhe avancimin e mjedisit jet\u00ebsor dhe natyr\u00ebs, masa p\u00ebr mbrojtjen e trash\u00ebgimis\u00eb s\u00eb patundshme kulturore, masa p\u00ebr mbrojtjen nga shkat\u00ebrimet e luft\u00ebs, masa p\u00ebr mbrojtjen nga fatkeq\u00ebsit\u00eb natyrore dhe teknologjike dhe aksidentet, parametrat p\u00ebr zbatimin e planit dhe raporte adekuate grafike.<\/p>\n<p>Plani Hap\u00ebsinor p\u00ebrgatet sipas metodologjis\u00eb s\u00eb ve\u00e7ant\u00eb.<\/p>\n<p><strong>Plani hap\u00ebsinor p\u00ebrpunohet n\u00ebp\u00ebrmjet: <\/strong>planit hap\u00ebsinor\u00eb t\u00eb rajonit, planit hap\u00ebsinor t\u00eb komun\u00ebs, komunave t\u00eb qytetit t\u00eb Shkupit dhe qytetin e Shkupit dhe planit hap\u00ebsinor p\u00ebr zon\u00ebn me interes t\u00eb ve\u00e7ant\u00eb p\u00ebr Republik\u00ebn (si\u00e7 \u00ebsht\u00eb: akumulimi, burimi i ujit, rajoni p\u00ebr eksploatimin e l\u00ebnd\u00ebve t\u00eb para minerale, korridoret infrastrukturore dhe t\u00eb transportit, etj).<\/p>\n<p><strong>Planet hap\u00ebsinore i p\u00ebrgatit <\/strong>Agjencia p\u00ebr Planifikimin Hap\u00ebsinor, e formuar nga Qeveria e Republik\u00ebs s\u00eb Maqedonis\u00eb, me urdh\u00ebr t\u00eb Ministris\u00eb s\u00eb Mjedisit dhe Planifikimit Hap\u00ebsinor.<\/p>\n<p><strong> Planet hap\u00ebsinore i sjell<strong>:<\/strong><\/strong><\/p>\n<p>Planin hap\u00ebsinor t\u00eb Republik\u00ebs s\u00eb Maqedonis\u00eb, planet hap\u00ebsinore t\u00eb rajoneve, planet hap\u00ebsinore t\u00eb komunave dhe planet hap\u00ebsinore p\u00ebr zonat me interes t\u00eb ve\u00e7ant\u00eb i sjell Kuvendi i Republik\u00ebs s\u00eb Maqedonis\u00eb.<\/p>\n<p><a href=\"https:\/\/arhiva.moepp.gov.mk\/wp-content\/uploads\/2015\/01\/\u041f\u043b\u0430\u043d-\u0437\u0430-\u0441\u043f\u0440\u0435\u0447\u0443\u0432\u0430\u045a\u0435-\u043d\u0430-\u043e\u0442\u043f\u0430\u0434\u043e\u0442-ALB.pdf\" target=\"_blank\">Plani p\u00ebr parandalimin dhe gjenerimit t\u00eb mbetjeve i Republik\u00ebs s\u00eb Maqedonis\u00eb s\u00eb Veriut (2021 \u2013 2027)<\/a><\/p>\n<div class=\"su-spoiler su-spoiler-style-fancy su-spoiler-icon-chevron su-spoiler-closed\" data-scroll-offset=\"0\" data-anchor-in-url=\"no\"><div class=\"su-spoiler-title\" tabindex=\"0\" role=\"button\"><span class=\"su-spoiler-icon\"><\/span>Gjat\u00eb periudh\u00ebs s\u00eb kaluar jan\u00eb sjellur planet hap\u00ebsinore q\u00eb vijojn\u00eb:<\/div><div class=\"su-spoiler-content su-u-clearfix su-u-trim\">\n<p>&#8211;\u00a0\u00a0\u00a0\u00a0\u00a0\u00a0\u00a0\u00a0<a href=\"https:\/\/arhiva.moepp.gov.mk\/wp-content\/uploads\/2014\/09\/Odluka%20za%20donesuvanje%20na%20prostoren%20plan%20na%20regionot%20na%20akumulacijata%20Kozjak.pdf\">Vendimi p\u00ebr sjelljen e Planit Hap\u00ebsinor t\u00eb rajonit t\u00eb akumulimit Kozjak <\/a>\u00a0(Gazeta Zyrtare e RM-s\u00eb nr. 49\/99);<\/p>\n<p>&#8211;\u00a0\u00a0\u00a0\u00a0\u00a0\u00a0\u00a0\u00a0\u00a0\u00a0Plani Hap\u00ebsinor i rajonit t\u00eb akumulimit Kozjak<\/p>\n<p>&#8211;\u00a0\u00a0\u00a0\u00a0\u00a0\u00a0\u00a0\u00a0\u00a0<a href=\"https:\/\/arhiva.moepp.gov.mk\/wp-content\/uploads\/2014\/09\/Prostoren%20plan%20na%20regionot%20na%20zastitnite%20zoni%20na%20izvorot%20Rasce.pdf\">Plani Hap\u00ebsinor i rajonit t\u00eb zonave t\u00eb mbrojtura t\u00eb burimit Rash\u00e7e <\/a>\u00a0(Gazeta Zyrtare e RM-s\u00eb nr. 98\/02);<\/p>\n<p>&#8211;\u00a0\u00a0\u00a0\u00a0\u00a0\u00a0\u00a0\u00a0\u00a0<a href=\"https:\/\/arhiva.moepp.gov.mk\/wp-content\/uploads\/2014\/09\/Prostoren%20plan%20na%20Republika%20Makedonija.pdf\">Plani Hap\u00ebsinor\u00eb i Republik\u00ebs s\u00eb Maqedonis\u00eb <\/a>\u00a0(Gazeta Zyrtare e RM-s\u00eb nr. 39\/04)<\/p>\n<p>&#8211;\u00a0\u00a0\u00a0\u00a0\u00a0\u00a0\u00a0\u00a0\u00a0<a href=\"https:\/\/arhiva.moepp.gov.mk\/wp-content\/uploads\/2014\/09\/Prostoren%20plan%20na%20regionot%20na%20slivot%20na%20rekata%20Treska.pdf\">Plani Hap\u00ebsinor i rajonit t\u00eb pellgut t\u00eb lumit Treska\u00a0<\/a>(Gazeta Zyrtare e RM-s\u00eb nr. 25\/07);<\/p>\n<p>&#8211;\u00a0\u00a0\u00a0\u00a0\u00a0\u00a0\u00a0\u00a0\u00a0<a href=\"https:\/\/arhiva.moepp.gov.mk\/wp-content\/uploads\/2014\/09\/Prostoren%20plan%20na%20regionot%20na%20slivot%20na%20rekata%20Treska.pdf\">Plani Hap\u00ebsinor i Rajonit Oh\u00ebr-Presp\u00eb <\/a>\u00a0(Gazeta Zyrtare e RM-s\u00eb nr. 22\/10).<\/p>\n<\/div><\/div>\n<div class=\"su-spoiler su-spoiler-style-fancy su-spoiler-icon-chevron su-spoiler-closed\" data-scroll-offset=\"0\" data-anchor-in-url=\"no\"><div class=\"su-spoiler-title\" tabindex=\"0\" role=\"button\"><span class=\"su-spoiler-icon\"><\/span>Planet hap\u00ebsinore n\u00eb procedur\u00ebn e p\u00ebrpunimit:<\/div><div class=\"su-spoiler-content su-u-clearfix su-u-trim\">\n<p>&#8211; Plani Hap\u00ebsinor i rajonit t\u00eb Shkupit (i cili \u00ebsht\u00eb n\u00eb faz\u00ebn e p\u00ebrpunimit t\u00eb Propozim planit);<\/p>\n<p>&#8211; Plani Hap\u00ebsinor p\u00ebr PN &#8220;Mavrov\u00eb&#8221;<\/p>\n<p>&#8211; Plani Hap\u00ebsinor p\u00ebr PN &#8220;Gali\u00e7ic\u00eb&#8221; (\u00ebsht\u00eb p\u00ebrpunuar Projekt plan);<\/p>\n<p>&#8211; Plani Hap\u00ebsinor i pellgut t\u00eb Lumit t\u00eb Zi (kan\u00eb p\u00ebrfunduar pun\u00ebt p\u00ebrgatitore).<\/p>\n<\/div><\/div>\n<\/p>\n<p><\/p>","protected":false},"excerpt":{"rendered":"<p>Hap\u00ebsira, si nj\u00eb kategori universale, \u00ebsht\u00eb nj\u00eb p\u00ebrcaktuese thelb\u00ebsore e shtetit dhe gjithashtu l\u00ebnd\u00eb e procesit m\u00eb t\u00eb r\u00ebnd\u00ebsish\u00ebm n\u00eb zhvillimin e saj, procesin e planifikimit. Planifikimi i hap\u00ebsir\u00ebs \u00ebsht\u00eb nj\u00eb m\u00ebnyr\u00eb p\u00ebr vendosjen e strategjis\u00eb p\u00ebr zhvillimin e territorit t\u00eb \u00e7do vendi t\u00eb qytet\u00ebruar. \u041cinistria e Mjedisit Jet\u00ebsor dhe Planifikimit Hap\u00ebsinor, p\u00ebrmes Sektorit t\u00eb&#8230; <a class=\"moretag\" href=\"https:\/\/arhiva.moepp.gov.mk\/AL\/%d0%bc%d0%b8%d0%bd%d0%b8%d1%81%d1%82%d0%b5%d1%80%d1%81%d1%82%d0%b2%d0%be\/%d1%81%d0%b5%d0%ba%d1%82%d0%be%d1%80-%d0%b7%d0%b0-%d0%bf%d1%80%d0%be%d1%81%d1%82%d0%be%d1%80%d0%bd%d0%be-%d0%bf%d0%bb%d0%b0%d0%bd%d0%b8%d1%80%d0%b0%d1%9a%d0%b5\/\">Lexoni me shume  &raquo;<\/a><\/p>\n","protected":false},"author":3,"featured_media":0,"parent":1102,"menu_order":409,"comment_status":"closed","ping_status":"open","template":"","meta":[],"_links":{"self":[{"href":"https:\/\/arhiva.moepp.gov.mk\/AL\/wp-json\/wp\/v2\/pages\/3512"}],"collection":[{"href":"https:\/\/arhiva.moepp.gov.mk\/AL\/wp-json\/wp\/v2\/pages"}],"about":[{"href":"https:\/\/arhiva.moepp.gov.mk\/AL\/wp-json\/wp\/v2\/types\/page"}],"author":[{"embeddable":true,"href":"https:\/\/arhiva.moepp.gov.mk\/AL\/wp-json\/wp\/v2\/users\/3"}],"replies":[{"embeddable":true,"href":"https:\/\/arhiva.moepp.gov.mk\/AL\/wp-json\/wp\/v2\/comments?post=3512"}],"version-history":[{"count":0,"href":"https:\/\/arhiva.moepp.gov.mk\/AL\/wp-json\/wp\/v2\/pages\/3512\/revisions"}],"up":[{"embeddable":true,"href":"https:\/\/arhiva.moepp.gov.mk\/AL\/wp-json\/wp\/v2\/pages\/1102"}],"wp:attachment":[{"href":"https:\/\/arhiva.moepp.gov.mk\/AL\/wp-json\/wp\/v2\/media?parent=3512"}],"curies":[{"name":"wp","href":"https:\/\/api.w.org\/{rel}","templated":true}]}}