{"id":3395,"date":"2015-01-13T08:48:19","date_gmt":"2015-01-13T08:48:19","guid":{"rendered":"http:\/\/www.moepp.gov.mk\/?page_id=3395"},"modified":"2023-12-15T15:34:53","modified_gmt":"2023-12-15T14:34:53","slug":"%d1%81%d0%b5%d0%ba%d1%82%d0%be%d1%80-%d0%b7%d0%b0-%d0%be%d0%bf%d1%88%d1%82%d0%b8-%d1%80%d0%b0%d0%b1%d0%be%d1%82%d0%b8","status":"publish","type":"page","link":"https:\/\/arhiva.moepp.gov.mk\/AL\/%d0%bc%d0%b8%d0%bd%d0%b8%d1%81%d1%82%d0%b5%d1%80%d1%81%d1%82%d0%b2%d0%be\/%d1%81%d0%b5%d0%ba%d1%82%d0%be%d1%80-%d0%b7%d0%b0-%d0%be%d0%bf%d1%88%d1%82%d0%b8-%d1%80%d0%b0%d0%b1%d0%be%d1%82%d0%b8\/","title":{"rendered":"Sektori i puneve tw pergjithshme"},"content":{"rendered":"<p><\/p>\n<p><p>Sektori i Pun\u00ebve t\u00eb P\u00ebrgjithshme, \u00ebsht\u00eb nj\u00eb hallk\u00eb e r\u00ebnd\u00ebsishme n\u00eb procesin e funksionimit t\u00eb papenguar dhe efikas t\u00eb Ministris\u00eb s\u00eb Mjedisit Jet\u00ebsor dhe Planifikimit Hap\u00ebsinor.<\/p>\n<p>Sektori i Pun\u00ebve t\u00eb P\u00ebrgjithshme p\u00ebrb\u00ebhet prej kat\u00ebr departamenteve: Departamenti i Pun\u00ebve t\u00eb Protokollit dhe Organizative, Departamenti i Procedur\u00ebs Administrative dhe Dokumentimit, Departamneti i Trajtimit t\u00eb Ankesave dhe Propozimeve dhe Departamenti i Pun\u00ebve Normative-Juridike dhe Administrative- Profesionale.<\/p>\n<p>Sektori i Pun\u00ebve t\u00eb P\u00ebrgjithshme i kryen pun\u00ebt dhe detyrat n\u00eb vijim:<\/p>\n<p>&#8211; I organizon pun\u00ebt n\u00eb kabinetin e ministrit dhe i zbaton t\u00eb gjitha aktivitetet q\u00eb lidhen me pun\u00ebn e protokollit dhe at\u00eb organizative n\u00eb kabinetin e ministrit,<\/p>\n<p>&#8211; E udh\u00ebheq procedur\u00ebn administrative n\u00eb ministri q\u00eb nuk \u00ebsht\u00eb n\u00eb p\u00ebrjashtim t\u00eb kompetenc\u00ebs s\u00eb ndonj\u00eb organi\/sektori tjet\u00ebr t\u00eb ministris\u00eb, procedon dhe sjell\u00eb akte t\u00eb p\u00ebrgjithshme q\u00eb kan\u00eb t\u00eb b\u00ebjn\u00eb me organizimin e ministris\u00eb, si dhe t\u00eb drejtat dhe obligimte e t\u00eb t\u00eb pun\u00ebsuar\u00ebve n\u00eb ministri,<\/p>\n<p>&#8211; Sjell akte individuale juridike me t\u00eb cilat vendos mbi k\u00ebrkesat individuale t\u00eb personave fizik dhe juridik, dhe vendos p\u00ebr ankesat e vendimeve t\u00eb sjellura nga organet n\u00eb p\u00ebrb\u00ebrje,<\/p>\n<p>&#8211; Vepron sipas parashtresave dhe ankesave t\u00eb dor\u00ebzuara nga qytetar\u00ebt n\u00eb lidhje me zvarritjen e procedurave t\u00eb ministris\u00eb, sakt\u00ebsis\u00eb s\u00eb pun\u00ebs s\u00eb t\u00eb pun\u00ebsuar\u00ebve dhe \u00e7\u00ebshtjeve t\u00eb tjera q\u00eb theksohen n\u00eb parashtresat.<\/p>\n<p style=\"text-align: justify;\"><div class=\"su-tabs su-tabs-style-default su-tabs-mobile-stack\" data-active=\"1\" data-scroll-offset=\"0\" data-anchor-in-url=\"no\"><div class=\"su-tabs-nav\"><span class=\"\" data-url=\"\" data-target=\"blank\" tabindex=\"0\" role=\"button\">Departamenti i<br \/>\nPun\u00ebve t\u00eb Protokollit<br \/>\ndhe Organizative<\/span><span class=\"\" data-url=\"\" data-target=\"blank\" tabindex=\"0\" role=\"button\">Departamenti i<br \/>\nProcedur\u00ebs Administrative<br \/>\ndhe Dokumentimit<\/span><span class=\"\" data-url=\"\" data-target=\"blank\" tabindex=\"0\" role=\"button\">Departamneti i<br \/>\nTrajtimit t\u00eb Ankesave<br \/>\ndhe Propozimeve<\/span><span class=\"\" data-url=\"\" data-target=\"blank\" tabindex=\"0\" role=\"button\">Departamenti i<br \/>\nPun\u00ebve Normative-<br \/>\nJuridike dhe<br \/>\nAdministrative-<br \/>\nProfesionale<\/span><\/div><div class=\"su-tabs-panes\"><div class=\"su-tabs-pane su-u-clearfix su-u-trim\" data-title=\"Departamenti i&lt;br \/&gt;\nPun\u00ebve t\u00eb Protokollit&lt;br \/&gt;\ndhe Organizative\"> i kryen pun\u00ebt dhe detyrat n\u00eb vijim:<\/p>\n<p>&#8211; Menaxhon me pun\u00ebt organizative q\u00eb dalin nga puna e kabinetit t\u00eb ministrit<\/p>\n<p>&#8211; \u041erganizon dhe udh\u00ebheq protokoll p\u00ebr takime nd\u00ebrkomb\u00ebtare, vendos delegacione, organizon pritje<\/p>\n<p>&#8211; Kujdeset p\u00ebr p\u00ebrmbushjen n\u00eb koh\u00eb t\u00eb p\u00ebrfundimeve t\u00eb Qeveris\u00eb s\u00eb RM-s\u00eb, dhe p\u00ebr k\u00ebt\u00eb bashk\u00ebpunon rregullisht me sektor\u00ebt\/organet tjera n\u00eb p\u00ebrb\u00ebrje t\u00eb\u00a0 ministris\u00eb<\/p>\n<p>&#8211; E udh\u00ebheq protokollin e ministris\u00eb dhe organet n\u00eb p\u00ebrb\u00ebrje, dhe e b\u00ebn\u00eb p\u00ebrkthimin n\u00eb lidhje me nevojat e ministris\u00eb.<\/p>\n<p>Personi p\u00ebr kontakt: Biljana Gjorgjievska<\/p>\n<p>02\/3251-533<\/p>\n<p><a href=\"mailto:b.gjorgjievska@moepp.gov.mk\">b.gjorgjievska@moepp.gov.mk<\/a><\/p>\n<p style=\"text-align: justify;\"><\/div>\n<div class=\"su-tabs-pane su-u-clearfix su-u-trim\" data-title=\"Departamenti i&lt;br \/&gt;\nProcedur\u00ebs Administrative&lt;br \/&gt;\ndhe Dokumentimit\"> i kryen pun\u00ebt dhe detyrat n\u00eb vijim:<\/p>\n<p>&#8211; E organizon dhe drejton pun\u00ebn p\u00ebr p\u00ebrgatitjen e akteve p\u00ebr pun\u00ebt e p\u00ebrgjithshme dhe pun\u00ebt e procedures administrative q\u00eb nuk jan\u00eb n\u00eb p\u00ebrjashtim t\u00eb kompetenc\u00ebs s\u00eb sektorit\/organit tjet\u00ebr t\u00eb ministris\u00eb<\/p>\n<p>E organizon dhe e drejton pun\u00ebn n\u00eb p\u00ebrgatitjen e akteve p\u00ebr pun\u00eb t\u00eb p\u00ebrgjithshme dhe t\u00eb procedur\u00ebs administrative q\u00eb nuk jan\u00eb n\u00eb p\u00ebrjashtim t\u00eb kompetenc\u00ebs s\u00eb organit\/sektorit tjet\u00ebr t\u00eb ministris\u00eb.<\/p>\n<p>&#8211; I kordinon pun\u00ebt n\u00eb sjelljen e lejeve, vendimeve dhe akteve tjera p\u00ebr t\u00eb cilat vendos ministria me k\u00ebrkes\u00eb t\u00eb personave juridik dhe fizik, n\u00eb pajtim me dispozitat ligjore, si dhe p\u00ebr \u00e7\u00ebshtjet tjera t\u00eb procedur\u00ebs administrative, sidomos kur ato nuk jan\u00eb n\u00eb p\u00ebrjashtim t\u00eb komptenc\u00ebs s\u00eb sektorit\/organit tjet\u00ebr t\u00eb ministris\u00eb<\/p>\n<p>&#8211; Kujdeset p\u00ebr dh\u00ebnien dhe respektimin e rregullave p\u00ebr dh\u00ebnien e lejeve p\u00ebr mallrat q\u00eb importohen dhe traspotohen n\u00ebn shenj\u00ebn D4 dhe n\u00eb lidhje me k\u00ebt\u00eb bashk\u00ebpunon edhe me organet dhe sektor\u00ebt tjer\u00eb t\u00eb ministris\u00eb<\/p>\n<p>&#8211; Zbaton procedur\u00eb t\u00eb shkall\u00ebs s\u00eb dyt\u00eb sipas ankesave t\u00eb paraqitura n\u00eb ministri kund\u00ebr vendimit nga organet n\u00eb p\u00ebrb\u00ebrje t\u00eb ministris\u00eb<\/p>\n<p>Personi p\u00ebr kontakt: Avni Rexhepi<\/p>\n<p>02\/3251-496<\/p>\n<p><a href=\"mailto:a.rexhepi@moepp.gov.mk\">a.rexhepi@moepp.gov.mk<\/a><\/p>\n<p style=\"text-align: justify;\"><\/div>\n<div class=\"su-tabs-pane su-u-clearfix su-u-trim\" data-title=\"Departamneti i&lt;br \/&gt;\nTrajtimit t\u00eb Ankesave&lt;br \/&gt;\ndhe Propozimeve\"> i kryen pun\u00ebt dhe detyrat n\u00eb vijim<\/p>\n<p>&#8211; N\u00eb baz\u00eb t\u00eb vler\u00ebsimit t\u00eb rrezikut e p\u00ebrgatit plan vjetor p\u00ebr trajtimin sipas parashtresave dhe ankesave, kontrollit, monitorimit dhe sigurimit t\u00eb zbatimit t\u00eb tij<\/p>\n<p>&#8211; Monitorimin dhe zbatimin e rregullativ\u00ebs ligjore nga fusha e standardeve, udh\u00ebzimet q\u00eb jan\u00eb me r\u00ebnd\u00ebsi p\u00ebr trajtimin sipas parashtresave dhe propozimeve<\/p>\n<p>&#8211; Trajtimin sipas parashtresave dhe ankesave t\u00eb dor\u00ebzuara nga qytetar\u00ebt q\u00eb kan\u00eb t\u00eb b\u00ebjn\u00eb me zvarritjen e procedurave t\u00eb ministris\u00eb<\/p>\n<p>&#8211; Trajtimin sipas parashtresave t\u00eb dor\u00ebzuara nga qytetar\u00ebt q\u00eb kan\u00eb t\u00eb b\u00ebjn\u00eb me azhurimin e pun\u00ebs s\u00eb t\u00eb pun\u00ebsuar\u00ebve<\/p>\n<p>&#8211; Dh\u00ebnien e propozimeve p\u00ebr rritjen e efikasitetit t\u00eb pun\u00ebs s\u00eb ministris\u00eb sipas l\u00ebnd\u00ebve<\/p>\n<p>&#8211; P\u00ebrgatitjen e informatave dhe raporteve p\u00ebr trajtimin e parashtresave q\u00eb kan\u00eb t\u00eb b\u00ebjn\u00eb me azhurimin p\u00ebr trajtimin e ministris\u00eb dhe organeve n\u00eb p\u00ebrb\u00ebrje t\u00eb saj.<\/p>\n<p>&#8211; Monitorimin e gjendjeve, analizave t\u00eb arsyeve dhe \u00e7\u00ebshtjeve q\u00eb thek\u00ebsohen n\u00eb parashtresa<\/p>\n<p>&#8211; Mbledhjen dhe p\u00ebrpunimin e t\u00eb dh\u00ebnave t\u00eb marra n\u00eb m\u00ebnyr\u00eb elektronike<\/p>\n<p>&#8211; Dh\u00ebnien e shpjegimeve profesionale p\u00ebr zbatimin e ligjit p\u00ebr trajtimin e parashtresave dhe propozimeve<\/p>\n<p>&#8211; Propozimin e q\u00ebndrimeve p\u00ebr \u00e7\u00ebshtjet e synuara sistemike<\/p>\n<p>&#8211; Mbajtjen e evidenc\u00ebs komplete sipas parashtresave dhe propozimeve t\u00eb marra n\u00eb m\u00ebnyr\u00eb elektronike<\/p>\n<p>Personi p\u00ebr kontakt:<\/p>\n<p style=\"text-align: justify;\"><\/div>\n<div class=\"su-tabs-pane su-u-clearfix su-u-trim\" data-title=\"Departamenti i&lt;br \/&gt;\nPun\u00ebve Normative-&lt;br \/&gt;\nJuridike dhe&lt;br \/&gt;\nAdministrative-&lt;br \/&gt;\nProfesionale\"> i kryen pun\u00ebt dhe detyrat n\u00eb vijim:<\/p>\n<p>&#8211; P\u00ebrgatitjen e pajisjeve, rregulloreve dhe akteve t\u00eb tjera t\u00eb brendshme t\u00eb ministris\u00eb<\/p>\n<p>&#8211; P\u00ebrgatitjen e mendimeve profesionale p\u00ebr \u00e7\u00ebshtje t\u00eb ve\u00e7anta juridike nga fush\u00ebveprimi I pun\u00ebs s\u00eb\u00a0 nj\u00ebsive t\u00eb tjera organizative t\u00eb ministris\u00eb<\/p>\n<p>&#8211; P\u00ebrgatitjen e\u00a0 sistemimit nomoteknik t\u00eb rregullave n\u00eb kompetenc\u00eb t\u00eb ministris\u00eb<\/p>\n<p>&#8211; \u041a\u043e\u043erdinimin e pun\u00ebve n\u00eb lidhje me E-Qeverin\u00eb n\u00eb drejtim t\u00eb dor\u00ebzimit n\u00eb koh\u00eb dhe t\u00eb sakt\u00eb t\u00eb materialeve<\/p>\n<p>&#8211; \u041a\u043e\u043erdinimin e pun\u00ebve n\u00eb lidhje me implementimin\u00a0 e Ligjit p\u00ebr shk\u00ebmbimin e t\u00eb dh\u00ebnave sipas detyr\u00ebs zyrtare<\/p>\n<p>&#8211; Organizimin dhe koordinimin e pun\u00ebve n\u00eb lidhje me lektorimin e materialeve p\u00ebr mbledhjen e Qeveris\u00eb<\/p>\n<p>&#8211; Organizimin dhe koordinimin e pun\u00ebve n\u00eb lidhje me dh\u00ebnien dhe p\u00ebrdorimin e telefon\u00ebve celular\u00eb si dhe mbajtjen e evidences s\u00eb tyre<\/p>\n<p>&#8211; Organizimin dhe koordinimin e pun\u00ebve n\u00eb lidhje me p\u00ebrdorimin e automjeteve zyrtare, si dhe mbajtjen e evidences s\u00eb tyre<\/p>\n<p>&#8211; Organizimin dhe koordinimin e pun\u00ebve n\u00eb lidhje me sigurimin e pronsis\u00eb s\u00eb tundshme dhe t\u00eb patundshme t\u00eb ministris\u00eb<\/p>\n<p>&#8211; \u041a\u043e\u043erdinimin e pun\u00ebve n\u00eb lidhje me implementimin\u00a0 e Ligjit p\u00ebr vendosjen e sistemit p\u00ebr menaxhimin me korniz\u00ebn cil\u00ebsore dhe t\u00eb p\u00ebrbashk\u00ebt t\u00eb pun\u00ebs dhe ofrimin e sh\u00ebrbimeve n\u00eb sh\u00ebrbimin shtetror<\/p>\n<p>&#8211; \u041a\u043e\u043erdinimin e pun\u00ebve n\u00eb lidhje me implementimin\u00a0 e Ligjit p\u00ebr p\u00ebrdorimin dhe v\u00ebnien n\u00eb dispozicion t\u00eb mjeteve t\u00eb organeve shtet\u00ebrore<\/p>\n<p>Personi p\u00ebr kontakt: Snezhana Popov\u00e7evska<\/p>\n<p>02\/3251-453<\/p>\n<p><a href=\"mailto:s.popovcevska@moepp.gov.mk\">s.popovcevska@moepp.gov.mk<\/a><\/p>\n<p style=\"text-align: justify;\"><\/div><\/div><\/div>\n<p>&nbsp;<\/p>\n<\/p>\n<p><\/p>","protected":false},"excerpt":{"rendered":"<p>Sektori i Pun\u00ebve t\u00eb P\u00ebrgjithshme, \u00ebsht\u00eb nj\u00eb hallk\u00eb e r\u00ebnd\u00ebsishme n\u00eb procesin e funksionimit t\u00eb papenguar dhe efikas t\u00eb Ministris\u00eb s\u00eb Mjedisit Jet\u00ebsor dhe Planifikimit Hap\u00ebsinor. Sektori i Pun\u00ebve t\u00eb P\u00ebrgjithshme p\u00ebrb\u00ebhet prej kat\u00ebr departamenteve: Departamenti i Pun\u00ebve t\u00eb Protokollit dhe Organizative, Departamenti i Procedur\u00ebs Administrative dhe Dokumentimit, Departamneti i Trajtimit t\u00eb Ankesave dhe Propozimeve&#8230; <a class=\"moretag\" href=\"https:\/\/arhiva.moepp.gov.mk\/AL\/%d0%bc%d0%b8%d0%bd%d0%b8%d1%81%d1%82%d0%b5%d1%80%d1%81%d1%82%d0%b2%d0%be\/%d1%81%d0%b5%d0%ba%d1%82%d0%be%d1%80-%d0%b7%d0%b0-%d0%be%d0%bf%d1%88%d1%82%d0%b8-%d1%80%d0%b0%d0%b1%d0%be%d1%82%d0%b8\/\">Lexoni me shume  &raquo;<\/a><\/p>\n","protected":false},"author":1,"featured_media":0,"parent":1102,"menu_order":413,"comment_status":"closed","ping_status":"open","template":"","meta":[],"_links":{"self":[{"href":"https:\/\/arhiva.moepp.gov.mk\/AL\/wp-json\/wp\/v2\/pages\/3395"}],"collection":[{"href":"https:\/\/arhiva.moepp.gov.mk\/AL\/wp-json\/wp\/v2\/pages"}],"about":[{"href":"https:\/\/arhiva.moepp.gov.mk\/AL\/wp-json\/wp\/v2\/types\/page"}],"author":[{"embeddable":true,"href":"https:\/\/arhiva.moepp.gov.mk\/AL\/wp-json\/wp\/v2\/users\/1"}],"replies":[{"embeddable":true,"href":"https:\/\/arhiva.moepp.gov.mk\/AL\/wp-json\/wp\/v2\/comments?post=3395"}],"version-history":[{"count":0,"href":"https:\/\/arhiva.moepp.gov.mk\/AL\/wp-json\/wp\/v2\/pages\/3395\/revisions"}],"up":[{"embeddable":true,"href":"https:\/\/arhiva.moepp.gov.mk\/AL\/wp-json\/wp\/v2\/pages\/1102"}],"wp:attachment":[{"href":"https:\/\/arhiva.moepp.gov.mk\/AL\/wp-json\/wp\/v2\/media?parent=3395"}],"curies":[{"name":"wp","href":"https:\/\/api.w.org\/{rel}","templated":true}]}}