{"id":33787,"date":"2022-12-07T10:42:55","date_gmt":"2022-12-07T09:42:55","guid":{"rendered":"https:\/\/www.moepp.gov.mk\/?page_id=33787"},"modified":"2024-02-06T09:53:24","modified_gmt":"2024-02-06T08:53:24","slug":"%d1%81%d0%b5%d0%ba%d1%82%d0%be%d1%80-%d0%b7%d0%b0-%d1%81%d0%bf%d1%80%d0%be%d0%b2%d0%b5%d0%b4%d1%83%d0%b2%d0%b0%d1%9a%d0%b5-%d0%bd%d0%b0-%d0%b8%d0%bd%d1%81%d1%82%d1%80%d1%83%d0%bc%d0%b5%d0%bd%d1%82","status":"publish","type":"page","link":"https:\/\/arhiva.moepp.gov.mk\/AL\/%d0%bc%d0%b8%d0%bd%d0%b8%d1%81%d1%82%d0%b5%d1%80%d1%81%d1%82%d0%b2%d0%be\/%d1%81%d0%b5%d0%ba%d1%82%d0%be%d1%80-%d0%b7%d0%b0-%d1%81%d0%bf%d1%80%d0%be%d0%b2%d0%b5%d0%b4%d1%83%d0%b2%d0%b0%d1%9a%d0%b5-%d0%bd%d0%b0-%d0%b8%d0%bd%d1%81%d1%82%d1%80%d1%83%d0%bc%d0%b5%d0%bd%d1%82\/","title":{"rendered":"Sektori i Zbatimit t\u00eb Instrumentit p\u00ebr Ndihm\u00eb Para-Aderimit (IPA)"},"content":{"rendered":"<p><\/p>\n<p><a href=\"https:\/\/arhiva.moepp.gov.mk\/wp-content\/uploads\/2022\/12\/IPA-Sektor.jpg\" rel=\"lightbox[33787]\"><img decoding=\"async\" loading=\"lazy\" class=\"aligncenter size-full wp-image-33789\" src=\"https:\/\/arhiva.moepp.gov.mk\/wp-content\/uploads\/2022\/12\/IPA-Sektor.jpg\" alt=\"IPA Sektor\" width=\"802\" height=\"364\" srcset=\"https:\/\/arhiva.moepp.gov.mk\/wp-content\/uploads\/2022\/12\/IPA-Sektor.jpg 802w, https:\/\/arhiva.moepp.gov.mk\/wp-content\/uploads\/2022\/12\/IPA-Sektor-660x299.jpg 660w\" sizes=\"(max-width: 802px) 100vw, 802px\" \/><\/a><\/p>\n<p><strong>Instrumentet p\u00ebr <\/strong><strong>Ndihm\u00eb<\/strong><strong> Para-Aderimit (IPA) <\/strong>\u00ebsht\u00eb nj\u00eb instrument ky\u00e7 n\u00eb strategjin\u00eb e para-an\u00ebtar\u00ebsimit t\u00eb Komisionit Evropian. Q\u00ebllimi kryesor i IPA-s\u00eb \u00ebsht\u00eb t\u00eb ndihmoj\u00eb vendet n\u00eb p\u00ebrputhjen e tyre me standardet dhe politikat e Bashkimit Evropian, duke p\u00ebrfshir\u00eb ligjin e Bashkimit Evropian (acquis communautaire) n\u00eb procesin e an\u00ebtar\u00ebsimit t\u00eb tyre n\u00eb Bashkimin Evropian, dhe t\u00eb ndihmoj\u00eb k\u00ebto vende p\u00ebr t\u00eb p\u00ebrmbushur kriteret e para-an\u00ebtar\u00ebsimit, si dhe kriteret politike, ekonomike dhe ligjore t\u00eb Kopenhag\u00ebs p\u00ebr an\u00ebtar\u00ebsimin n\u00eb BE, duke forcuar kapacitetet e administrat\u00ebs dhe p\u00ebrgatitjen p\u00ebr programet, menaxhimin dhe zbatimin e fondeve t\u00eb kohezionit, strukturor dhe zhvillimit rural t\u00eb BE pas an\u00ebtar\u00ebsimit n\u00eb Bashkimin Evropian.<\/p>\n<p><strong><em>IPA 2007-2013 (IPA I)<\/em><\/strong><\/p>\n<p>IPA u krijua si rezultat i reform\u00ebs s\u00eb Komisionit Evropian p\u00ebr ndihm\u00ebn e jashtme, ku korniza ligjore p\u00ebr rregullimin e marr\u00ebdh\u00ebnieve u zgjerua me p\u00ebrgatitjen e perspektiv\u00ebs financiare 2007-2013. IPA u krijua si nj\u00eb instrument i vet\u00ebm i para-an\u00ebtar\u00ebsimit p\u00ebr periudh\u00ebn 2007-2013, i cili z\u00ebvend\u00ebsoi programet e m\u00ebparshme t\u00eb ndihm\u00ebs si PHARE, ISPA, SAPARD, CARDS dhe Instrumentin p\u00ebr Ndihm\u00eb Para-Aderimit p\u00ebr Turqin\u00eb. IPA u krijua me Rregulloren e K\u00ebshillit nr. 1085\/2006, m\u00eb dat\u00eb 17.07.2006 (Rregullorja Korniz\u00eb IPA), nd\u00ebrsa rregullat p\u00ebr zbatimin e IPA-s jan\u00eb p\u00ebrcaktuar me Rregulloren e Komisionit Evropian nr. 718\/2007 m\u00eb 12.06.2007 (Rregullorja e Zbatimit t\u00eb IPA). N\u00eb kuad\u00ebr t\u00eb IPA I jan\u00eb zbatuar disa projekte.<\/p>\n<p><strong><em>IPA<\/em><\/strong><strong>2014<em>-2020 (<\/em><\/strong><strong><em>IPA<\/em><\/strong><strong><em> II)<\/em><\/strong><\/p>\n<p>IPA n\u00eb mb\u00ebshtetje t\u00eb Bashkimit Evropian vazhdoi t\u00eb funksionoj\u00eb p\u00ebr perspektiv\u00ebn financiare \/periudha 2014-2020, p\u00ebrmes Instrumentit t\u00eb njohur m\u00eb gjer\u00ebsisht si IPA II.<\/p>\n<p>P\u00ebrdorimi i fondeve nga IPA II p\u00ebrcaktohet nga Rregulloret p\u00ebrkat\u00ebse (Rregullorja (BE) Nr. 231\/2014 e Parlamentit Evropian dhe e K\u00ebshillit e dat\u00ebs 11.03.2014 p\u00ebr krijimin e IPA II (Gazeta Zyrtare L, 15.03.2014) , Rregullorja (BE ) Nr. 236\/2014 e Parlamentit dhe K\u00ebshillit Evropian e dat\u00ebs 11.03.2014 p\u00ebr p\u00ebrcaktimin e rregullave dhe procedurave t\u00eb p\u00ebrbashk\u00ebta p\u00ebr zbatimin e instrumenteve t\u00eb Bashkimit Evropian p\u00ebr financimin e veprimit t\u00eb jasht\u00ebm (Gazeta Zyrtare L, 15.03.2014) dhe Rregullorja ( BE) Nr. 447 \/2014 p\u00ebr zbatimin e Komisionit p\u00ebr rregullat e ve\u00e7anta p\u00ebr zbatimin e Rregullores (BE) nr.231\/2014), t\u00eb Parlamentit dhe K\u00ebshiit Evropian p\u00ebr krijimin e IPA II Gz. Zyrtare L 132, m\u00eb 03.05.2014) sipas t\u00eb cilit fondet IPA menaxhohen n\u00eb m\u00ebnyr\u00eb t\u00eb decentralizuar sa her\u00eb q\u00eb \u00ebsht\u00eb e mundur. Menaxhimi i decentralizuar i fondeve nga ndihma IPA \u00ebsht\u00eb krijuar p\u00ebr t\u00eb mund\u00ebsuar menaxhimin e fondeve nga vendet p\u00ebrfituese t\u00eb ndihm\u00ebs. Gjat\u00eb menaxhimit t\u00eb decentralizuar t\u00eb fondeve t\u00eb ndihm\u00ebs IPA, Komisioni i Bashkimit Evropian i delegon nj\u00eb pjes\u00eb t\u00eb kompetencave t\u00eb tij vendit p\u00ebrfitues. P\u00ebrpara marrjes s\u00eb vendimit p\u00ebr transferimin e kompetencave p\u00ebr menaxhimin e decentralizuar p\u00ebr nj\u00eb komponent konkrete, program ose mas\u00eb t\u00eb caktuar n\u00eb vendin p\u00ebrfitues, Komisioni Evropian k\u00ebrkon p\u00ebrmbushjen e disa kritereve n\u00eb lidhje me sistemet e menaxhimit dhe kontrollit, si dhe kushtin q\u00eb t\u00eb jen\u00eb akredituar akreditimet komb\u00ebtare, miratuar dhe hyr\u00eb n\u00eb fuqi. Gjithashtu, p\u00ebrpara transferimit p\u00ebrfundimtar t\u00eb kompetencave p\u00ebr menaxhimin e decentralizuar, Komisioni rishikon s\u00ebrish akreditimet komb\u00ebtare, procedurat dhe strukturat e secilit prej organeve dhe autoriteteve q\u00eb jan\u00eb pjes\u00eb e struktur\u00ebs s\u00eb menaxhimit t\u00eb ndihm\u00ebs para-an\u00ebtar\u00ebsuese IPA n\u00eb vendin p\u00ebrfitues. Vendimi p\u00ebr transferimin e kompetencave p\u00ebr menaxhimin e decentralizuar t\u00eb ndihm\u00ebs IPA p\u00ebr zbatimin e nj\u00eb programi t\u00eb caktuar p\u00ebrmban nj\u00eb list\u00eb t\u00eb kontrolleve q\u00eb kryhen nga Komisioni Evropian.<\/p>\n<p><a href=\"https:\/\/arhiva.moepp.gov.mk\/AL\/%d0%bf%d1%80%d0%be%d0%b5%d0%ba%d1%82%d0%b8-2\/%d0%bf%d0%be%d0%b4%d0%b4%d1%80%d1%88%d0%ba%d0%b0-%d0%bd%d0%b0-%d1%80%d0%b5%d0%bf%d1%83%d0%b1%d0%bb%d0%b8%d0%ba%d0%b0-%d0%bc%d0%b0%d0%ba%d0%b5%d0%b4%d0%be%d0%bd%d0%b8%d1%98%d0%b0-%d0%b7%d0%b0\/?lang=AL\" target=\"_blank\">PROJEKTE AKTUALE<\/a><\/p>\n<p><strong><em>IPA<\/em><\/strong><strong><em> 2021-2027 (<\/em><\/strong><strong><em>IPA<\/em><\/strong><strong><em> III<\/em><\/strong><strong><em>)<\/em><\/strong><\/p>\n<p>Bashkimi Evropian miratoi nj\u00eb s\u00ebr\u00eb rregulloresh q\u00eb rregullojn\u00eb rregullat p\u00ebr zbatimin e instrumenteve t\u00eb ndihm\u00ebs s\u00eb jashtme t\u00eb Bashkimit Evropian. Rregullorja 1529\/2021 e Parlamentit Evropian dhe e K\u00ebshillit p\u00ebr krijimin e Instrumentit p\u00ebr Ndihm\u00eb Para-Aderimit (IPA III), u miratua m\u00eb 15 shtator 2021. I nj\u00ebjti rregullon rregullat e p\u00ebrgjithshme n\u00eb lidhje me ndihm\u00ebn IPA III, objektivat dhe fushat prioritare t\u00eb ndihm\u00ebs, planifikimin strategjik, zbatimin, paket\u00ebn financiare dhe dispozita t\u00eb tjera specifike vet\u00ebm p\u00ebr Instrumentin e Ndihm\u00ebs Para-Aderimit (IPA III). Sipas struktur\u00ebs, IPA III ndahet n\u00eb 5 dritare dhe 17 prioritete tematike, p\u00ebrkat\u00ebsisht:<\/p>\n<p>&#8211;\u00a0\u00a0\u00a0\u00a0\u00a0\u00a0\u00a0\u00a0\u00a0 Dritarja 1: Sundimi i ligjit, t\u00eb drejtat themelore dhe demokracia;<\/p>\n<p>&#8211;\u00a0\u00a0\u00a0\u00a0\u00a0\u00a0\u00a0\u00a0\u00a0 Dritarja 2: Qeverisja e mir\u00eb, harmonizimi i legjislacionit, marr\u00ebdh\u00ebniet e mira fqinj\u00ebsore dhe komunikimi strategjik;<\/p>\n<p>&#8211;\u00a0\u00a0\u00a0\u00a0\u00a0\u00a0\u00a0\u00a0\u00a0 Dritarja 3: Axhenda e Gjelb\u00ebr dhe Lidhshm\u00ebria e Q\u00ebndrueshme;<\/p>\n<p>&#8211;\u00a0\u00a0\u00a0\u00a0\u00a0\u00a0\u00a0\u00a0\u00a0 Dritarja 4: Konkurrueshm\u00ebria dhe rritja gjith\u00ebp\u00ebrfshir\u00ebse dhe<\/p>\n<p>&#8211;\u00a0\u00a0\u00a0\u00a0\u00a0\u00a0\u00a0\u00a0\u00a0 Dritarja 5: Bashk\u00ebpunimi territorial dhe nd\u00ebrkufitar.<\/p>\n<p>Brenda dritares 3: Axhenda e gjelb\u00ebr dhe lidhje e q\u00ebndrueshme, jan\u00eb parashikuar prioritetet tematike 1 \u2013 Mjedisi dhe ndryshimet klimatike dhe 2 \u2013 Transporti, ekonomia dixhitale, shoq\u00ebria dhe energjia.<\/p>\n<p><strong>Sektori<\/strong><strong> p\u00ebr Zbatimin e Instrumentit p\u00ebr <\/strong><strong>Ndihm\u00eb<\/strong><strong> Para-Aderimit (IPA) <\/strong>kryen k\u00ebto pun\u00eb dhe detyra:<\/p>\n<p>&#8211;\u00a0\u00a0\u00a0\u00a0\u00a0\u00a0\u00a0\u00a0\u00a0 Kryen funksionin e struktur\u00ebs IPA t\u00eb ministris\u00eb n\u00eb kuad\u00ebr t\u00eb IPA II dhe t\u00eb Organit t\u00eb menaxhimit t\u00eb programeve mjedisore n\u00eb p\u00ebrputhje me kompetencat e parashikuara n\u00eb marr\u00ebveshjet financiare me BE-n\u00eb p\u00ebr programet p\u00ebrkat\u00ebse mjedisore, dekretin p\u00ebr krijimi i strukturave dhe marr\u00ebdh\u00ebnieve nd\u00ebrmjet strukturave p\u00ebr menaxhimin e IPA-s dhe marr\u00ebveshjeve operacionale p\u00ebr IPA-n;<\/p>\n<p>&#8211;\u00a0\u00a0\u00a0\u00a0\u00a0\u00a0\u00a0\u00a0\u00a0 Kryen prioritizimin e reformave n\u00eb kompetenc\u00eb t\u00eb Ministris\u00eb q\u00eb do t\u00eb mb\u00ebshteten nga fondet nga Instrumenti i Ndihm\u00ebs Para-an\u00ebtar\u00ebsimit t\u00eb BE-s\u00eb (IPA);<\/p>\n<p>&#8211;\u00a0\u00a0\u00a0\u00a0\u00a0\u00a0\u00a0\u00a0\u00a0 Kryen planifikimin e programeve dhe projekteve n\u00eb Ministri q\u00eb do t\u00eb financohen nga IPA, n\u00eb koordinim me ndihm\u00ebn e donator\u00ebve t\u00eb tjer\u00eb;<\/p>\n<p>&#8211;\u00a0\u00a0\u00a0\u00a0\u00a0\u00a0\u00a0\u00a0\u00a0 Siguron monitorim t\u00eb vazhduesh\u00ebm t\u00eb rregullave t\u00eb KE, PRAG dhe FIDIC p\u00ebr zbatimin e procedurave t\u00eb tenderit p\u00ebr projektet IPA;<\/p>\n<p>&#8211;\u00a0\u00a0\u00a0\u00a0\u00a0\u00a0\u00a0\u00a0\u00a0 Monitoron dhe drejton zbatimin e projekteve dhe programeve n\u00eb Ministri q\u00eb financohen nga IPA;<\/p>\n<p>&#8211;\u00a0\u00a0\u00a0\u00a0\u00a0\u00a0\u00a0\u00a0\u00a0 Krijon dhe mban nj\u00eb sistem funksional kontrolli n\u00eb lidhje me zbatimin e projekteve IPA, n\u00ebp\u00ebrmjet procedurave t\u00eb pun\u00ebs me shkrim dhe marr\u00ebveshjeve me autoritetet p\u00ebrkat\u00ebse, si dhe n\u00ebp\u00ebrmjet kontrollit t\u00eb pun\u00ebs s\u00eb p\u00ebrditshme t\u00eb sektorit;<\/p>\n<p>&#8211;\u00a0\u00a0\u00a0\u00a0\u00a0\u00a0\u00a0\u00a0\u00a0 marr\u00ebveshjet me autoritetet p\u00ebrkat\u00ebse, si dhe n\u00ebp\u00ebrmjet kontrollit t\u00eb pun\u00ebs s\u00eb p\u00ebrditshme t\u00eb sektorit;<\/p>\n<p>&#8211;\u00a0\u00a0\u00a0\u00a0\u00a0\u00a0\u00a0\u00a0\u00a0 Siguron burime financiare, njer\u00ebzore dhe materiale p\u00ebr zbatimin n\u00eb koh\u00eb, efikas dhe efektiv t\u00eb projekteve IPA n\u00eb Ministri; Monitoron q\u00ebndrueshm\u00ebrin\u00eb e rezultateve t\u00eb projekteve IPA n\u00eb Ministri, si dhe rezultatet e reformave dhe ndryshimin q\u00eb ato b\u00ebjn\u00eb n\u00eb shoq\u00ebri etj.<\/p>\n<p><strong>Puna e Sektorit p\u00ebr Zbatimin e Instrumentit p\u00ebr Ndihm\u00eb Para-Aderimit (IPA) kryhet p\u00ebrmes tre nj\u00ebsive:<\/strong><\/p>\n<div class=\"su-spoiler su-spoiler-style-fancy su-spoiler-icon-chevron su-spoiler-closed\" data-scroll-offset=\"0\" data-anchor-in-url=\"no\"><div class=\"su-spoiler-title\" tabindex=\"0\" role=\"button\"><span class=\"su-spoiler-icon\"><\/span>NJ\u00cbSIAS  P\u00cbR PROGRAMIM DHE MONITORIM T\u00cb INSTRUMENTIT T\u00cb NDIHM\u00cbS S\u00cb PARAQASJES (IPA)<\/div><div class=\"su-spoiler-content su-u-clearfix su-u-trim\">\n<p><strong>Nj\u00ebsia p\u00ebr programin dhe monitorim t\u00eb Instrumentit p\u00ebr Ndihm\u00eb Paraqas\u00ebse (IPA) kryen k\u00ebto pun\u00eb dhe detyra:<\/strong><\/p>\n<p>&#8211;\u00a0\u00a0\u00a0\u00a0\u00a0\u00a0\u00a0\u00a0\u00a0 N\u00eb funksion t\u00eb struktur\u00ebs IPA t\u00eb ministris\u00eb n\u00eb kuad\u00ebr t\u00eb IPA II dhe Organit t\u00eb Menaxhimit t\u00eb Programeve Mjedisore, dhe n\u00eb p\u00ebrputhje me marr\u00ebveshjet e funksionimit p\u00ebr IPA dhe manualet p\u00ebr procedurat e brendshme t\u00eb pun\u00ebs, koordinon programimin dhe monitorimin e programeve dhe projekteve t\u00eb financuara nga IPA;<\/p>\n<p>&#8211;\u00a0\u00a0\u00a0\u00a0\u00a0\u00a0\u00a0\u00a0\u00a0 Siguron informacion mbi prioritetet n\u00eb sektorin e mjedisit p\u00ebr q\u00ebllime t\u00eb programimit t\u00eb duhur t\u00eb fondeve dhe monitoron zbatimin e tyre duke monitoruar NPAA-n\u00eb dhe dokumentet e tjera strategjike me q\u00ebllim monitorimin e duhur;<\/p>\n<p>&#8211;\u00a0\u00a0\u00a0\u00a0\u00a0\u00a0\u00a0\u00a0\u00a0 Koordinon t\u00eb gjitha aktivitetet p\u00ebr p\u00ebrgatitjen, modifikimin dhe shtimin e aplikacioneve IPA, listat e identifikimit t\u00eb operacioneve (OIS), programet vjetore dhe shum\u00ebvje\u00e7are t\u00eb veprimit mjedisor t\u00eb financuara nga IPA;<\/p>\n<p>&#8211;\u00a0\u00a0\u00a0\u00a0\u00a0\u00a0\u00a0\u00a0\u00a0 P\u00ebrcakton treguesit\/indikator\u00ebt p\u00ebrkat\u00ebs sektorial\u00eb p\u00ebr monitorimin e IPA-s, monitoron zbatimin e tyre, si dhe zbatimin e treguesve\/indikator\u00ebve p\u00ebr monitorimin e projekteve IPA;<\/p>\n<p>&#8211;\u00a0\u00a0\u00a0\u00a0\u00a0\u00a0\u00a0\u00a0\u00a0 Kontrollon n\u00ebse kontraktori i p\u00ebrmbush detyrimet n\u00eb p\u00ebrputhje me kushtet e p\u00ebrcaktuara m\u00eb par\u00eb dhe standardet e cil\u00ebsis\u00eb; koordinon verifikimin e raporteve nga kontraktor\u00ebt; koordinon t\u00eb dh\u00ebnat dhe kontrollin e orarit t\u00eb konsulent\u00ebve t\u00eb projektit; koordinon regjistrimin e flet\u00ebve t\u00eb pun\u00ebs(timesheet); koordinon kontrollin e situatave t\u00eb motit etj.<\/p>\n<\/div><\/div>\n<div class=\"su-spoiler su-spoiler-style-fancy su-spoiler-icon-chevron su-spoiler-closed\" data-scroll-offset=\"0\" data-anchor-in-url=\"no\"><div class=\"su-spoiler-title\" tabindex=\"0\" role=\"button\"><span class=\"su-spoiler-icon\"><\/span>NJ\u00cbSIA E ZBATIMIT TEKNIK T\u00cb INSTRUMENTIT P\u00cbR NDIHM\u00cb PARAQAS\u00cbSE (IPA)<\/div><div class=\"su-spoiler-content su-u-clearfix su-u-trim\">\n<p><strong>Nj\u00ebsia<\/strong><strong> p\u00ebr Zbatimin Teknik t\u00eb Instrumentit t\u00eb <\/strong><strong>Ndihm\u00ebs<\/strong><strong> Para-Aderimit (IPA) kryen k\u00ebto <\/strong><strong>pun\u00eb<\/strong><strong> dhe detyra:<\/strong><\/p>\n<p>&#8211;\u00a0\u00a0\u00a0\u00a0\u00a0\u00a0\u00a0\u00a0\u00a0 N\u00eb funksion t\u00eb struktur\u00ebs IPA t\u00eb ministris\u00eb n\u00eb kuad\u00ebr t\u00eb IPA II dhe Organit t\u00eb Administrimit t\u00eb Programit dhe Mjedisit, dhe n\u00eb p\u00ebrputhje me marr\u00ebveshjet operacionale p\u00ebr IPA-n\u00eb dhe manualet e procedurave t\u00eb brendshme t\u00eb pun\u00ebs, koordinon zbatimin teknik t\u00eb programeve dhe projekteve t\u00eb financuara nga IPA ;<\/p>\n<p>&#8211;\u00a0\u00a0\u00a0\u00a0\u00a0\u00a0\u00a0\u00a0\u00a0 P\u00ebrgatit, monitoron dhe p\u00ebrdit\u00ebson planin p\u00ebr zbatimin e tender\u00ebve, me pjes\u00ebmarrjen e Organit t\u00eb Nd\u00ebrmjet\u00ebsimit p\u00ebr Menaxhimin Financiar (MF &#8211; CFSD);<\/p>\n<p>&#8211;\u00a0\u00a0\u00a0\u00a0\u00a0\u00a0\u00a0\u00a0\u00a0 Koordinon p\u00ebrgatitjen dhe ndryshimet e dokumentacionit t\u00eb tenderit (kushtet e referenc\u00ebs s\u00eb projektit (ToR), specifikimet teknike, dosjet e tenderit) dhe t\u00eb gjitha dokumentet e tjera q\u00eb lidhen me procedur\u00ebn e tenderit p\u00ebr projektet, n\u00eb koordinim t\u00eb ngusht\u00eb me Organin e Nd\u00ebrmjet\u00ebsimit p\u00ebr Menaxhimin Financiar (CFSD). );<\/p>\n<p>&#8211;\u00a0\u00a0\u00a0\u00a0\u00a0\u00a0\u00a0\u00a0\u00a0 Kryen nj\u00eb shqyrtim t\u00eb detajuar dhe kontroll cil\u00ebsor t\u00eb dokumentacionit t\u00eb tenderit dhe t\u00eb gjitha dokumenteve t\u00eb tjera q\u00eb lidhen me procedurat e tenderit p\u00ebrpara dor\u00ebzimit t\u00eb tyre n\u00eb KE\/DEU;<\/p>\n<p>&#8211;\u00a0\u00a0\u00a0\u00a0\u00a0\u00a0\u00a0\u00a0\u00a0 Ndihmon n\u00eb p\u00ebrgatitjen e nj\u00eb raporti mbi p\u00ebrvojat e fituara dhe m\u00ebsimet e nxjerra (\u201eLessonsLearned\u201c) nga menaxhimi i programeve dhe projekteve;<\/p>\n<p>&#8211;\u00a0\u00a0\u00a0\u00a0\u00a0\u00a0\u00a0\u00a0\u00a0 Siguron an\u00ebtar\u00ebt e duhur n\u00eb komisionet e vler\u00ebsimit t\u00eb tender\u00ebve, si dhe t\u00eb dh\u00ebna dhe dokumente shtes\u00eb t\u00eb nevojshme p\u00ebr vler\u00ebsimin e suksessh\u00ebm t\u00eb tender\u00ebve p\u00ebr projektet mjedisore etj.<\/p>\n<\/div><\/div>\n<div class=\"su-spoiler su-spoiler-style-fancy su-spoiler-icon-chevron su-spoiler-closed\" data-scroll-offset=\"0\" data-anchor-in-url=\"no\"><div class=\"su-spoiler-title\" tabindex=\"0\" role=\"button\"><span class=\"su-spoiler-icon\"><\/span>NJ\u00cbSIA P\u00cbR KONTROLLIN E BRENDSH\u00cbM DHE KORDINIM N\u00cb ZBATIMIN E INSTRUMENTIT T\u00cb NDIHM\u00cbS S\u00cb PARAANDERIMIT (IPA)<\/div><div class=\"su-spoiler-content su-u-clearfix su-u-trim\">\n<p><strong>Nj\u00ebsia<\/strong><strong> p\u00ebr kontroll t\u00eb brendsh\u00ebm dhe koordinim gjat\u00eb zbatimit t\u00eb instrumentit p\u00ebr <\/strong><strong>ndihm\u00eb<\/strong><strong> para an\u00ebtar\u00ebsimit (IPA) kryen k\u00ebto <\/strong><strong>pun\u00eb <\/strong><strong>dhe detyra:<\/strong><\/p>\n<p>&#8211;\u00a0\u00a0\u00a0\u00a0\u00a0\u00a0\u00a0\u00a0\u00a0 N\u00eb funksion t\u00eb struktur\u00ebs IPA t\u00eb ministris\u00eb n\u00eb kuad\u00ebr t\u00eb IPA II dhe Organit t\u00eb Administrimit t\u00eb Programit dhe Mjedisit, dhe n\u00eb p\u00ebrputhje me marr\u00ebveshjet e funksionimit p\u00ebr IPA dhe manualet p\u00ebr procedurat e brendshme t\u00eb pun\u00ebs, koordinon proceset e kontrollit t\u00eb brendsh\u00ebm dhe vendosjes sipas kriteret e KE-s\u00eb;<\/p>\n<p>&#8211;\u00a0\u00a0\u00a0\u00a0\u00a0\u00a0\u00a0\u00a0\u00a0 Koordinon p\u00ebrgatitjen dhe ndryshimet e t\u00eb gjitha dokumenteve dhe manualeve p\u00ebr procedurat e brendshme t\u00eb pun\u00ebs, t\u00eb cilat rregullojn\u00eb ngritjen dhe pun\u00ebn e struktur\u00ebs IPA t\u00eb ministris\u00eb n\u00eb kuad\u00ebr t\u00eb IPA II\/Organit t\u00eb Menaxhimit t\u00eb Programit Mjedisor, si dhe kompetencat e deleguara t\u00eb Organit p\u00ebr nd\u00ebrmjet\u00ebsimi p\u00ebr menaxhimin financiar (CFSD) sipas kritereve t\u00eb KE-s\u00eb p\u00ebr vendosjen dhe ruajtjen e mjedisit t\u00eb nevojsh\u00ebm t\u00eb kontrolleve\/kontrollit;<\/p>\n<p>&#8211;\u00a0\u00a0\u00a0\u00a0\u00a0\u00a0\u00a0\u00a0\u00a0 Vepron n\u00eb funksion t\u00eb sekretariatit t\u00eb komisionit sektorial t\u00eb monitorimit t\u00eb programeve mjedisore dhe t\u00eb grupit sektorial t\u00eb pun\u00ebs p\u00ebr veprimin mjedisor dhe klimatik;<\/p>\n<p>&#8211;\u00a0\u00a0\u00a0\u00a0\u00a0\u00a0\u00a0\u00a0\u00a0 P\u00ebrgatit nj\u00eb deklarat\u00eb vjetore t\u00eb menaxhimit p\u00ebr \u00e7do program mjedisor t\u00eb financuar nga IPA, e cila i dor\u00ebzohet p\u00ebr autorizim Koordinatorit Komb\u00ebtar;<\/p>\n<p>&#8211;\u00a0\u00a0\u00a0\u00a0\u00a0\u00a0\u00a0\u00a0\u00a0 Monitoron n\u00ebse projektet e p\u00ebrfunduara kan\u00eb rezultate t\u00eb q\u00ebndrueshme dhe raporton n\u00eb p\u00ebrputhje me rrethanat;<\/p>\n<p>&#8211;\u00a0\u00a0\u00a0\u00a0\u00a0\u00a0\u00a0\u00a0\u00a0 Kryen kontrollin e cil\u00ebsis\u00eb s\u00eb dokumenteve q\u00eb p\u00ebrgatiten n\u00eb struktur\u00ebn IPA t\u00eb ministris\u00eb n\u00eb kuad\u00ebr t\u00eb IPA II\/Organit Menaxhues t\u00eb Programit Mjedisor sipas manualeve p\u00ebr procedurat e brendshme t\u00eb pun\u00ebs p\u00ebrpara dor\u00ebzimit formal t\u00eb tyre pran\u00eb NIPAC, NAO dhe KE;<\/p>\n<p>&#8211;\u00a0\u00a0\u00a0\u00a0\u00a0\u00a0\u00a0\u00a0\u00a0 Monitoron fush\u00ebn e pun\u00ebs p\u00ebr zbatimin e programeve mjedisore dhe raporton p\u00ebr burimet e nevojshme p\u00ebr zbatimin e programeve mjedisore;<\/p>\n<p>&#8211;\u00a0\u00a0\u00a0\u00a0\u00a0\u00a0\u00a0\u00a0\u00a0 Organizon zbatimin e auditimeve t\u00eb brendshme dhe t\u00eb jashtme n\u00eb struktur\u00ebn IPA t\u00eb ministris\u00eb n\u00eb kuad\u00ebr t\u00eb IPA II dhe Organit t\u00eb Administrimit t\u00eb Programit Mjedisor, siguron dokumentet dhe informacionin e nevojsh\u00ebm dhe monitoron kap\u00ebrcimin e gjetjeve t\u00eb auditimit me q\u00ebllim p\u00ebrmir\u00ebsimin e pun\u00ebs s\u00eb IPA. struktura e ministris\u00eb n\u00eb kuad\u00ebr t\u00eb IPA II dhe Organi Menaxhues i Programit t\u00eb Mjedisit;<\/p>\n<p>&#8211;\u00a0\u00a0\u00a0\u00a0\u00a0\u00a0\u00a0\u00a0\u00a0 Kryen vler\u00ebsimin e rrezikut n\u00eb lidhje me ngritjen dhe funksionimin e struktur\u00ebs IPA t\u00eb ministris\u00eb n\u00eb kuad\u00ebr t\u00eb IPA II dhe Organit t\u00eb Administrimit t\u00eb Programit Mjedisor;<\/p>\n<p>&#8211;\u00a0\u00a0\u00a0\u00a0\u00a0\u00a0\u00a0\u00a0\u00a0 Siguron ngritjen dhe funksionalitetin e sistemit p\u00ebr raportimin e parregullsive n\u00eb lidhje me zbatimin e programeve mjedisore t\u00eb financuara nga IPA dhe t\u00eb tjer\u00eb.<\/p>\n<\/div><\/div>\n<p>&nbsp;<\/p>\n<p><\/p>","protected":false},"excerpt":{"rendered":"<p>Instrumentet p\u00ebr Ndihm\u00eb Para-Aderimit (IPA) \u00ebsht\u00eb nj\u00eb instrument ky\u00e7 n\u00eb strategjin\u00eb e para-an\u00ebtar\u00ebsimit t\u00eb Komisionit Evropian. Q\u00ebllimi kryesor i IPA-s\u00eb \u00ebsht\u00eb t\u00eb ndihmoj\u00eb vendet n\u00eb p\u00ebrputhjen e tyre me standardet dhe politikat e Bashkimit Evropian, duke p\u00ebrfshir\u00eb ligjin e Bashkimit Evropian (acquis communautaire) n\u00eb procesin e an\u00ebtar\u00ebsimit t\u00eb tyre n\u00eb Bashkimin Evropian, dhe t\u00eb ndihmoj\u00eb&#8230; <a class=\"moretag\" href=\"https:\/\/arhiva.moepp.gov.mk\/AL\/%d0%bc%d0%b8%d0%bd%d0%b8%d1%81%d1%82%d0%b5%d1%80%d1%81%d1%82%d0%b2%d0%be\/%d1%81%d0%b5%d0%ba%d1%82%d0%be%d1%80-%d0%b7%d0%b0-%d1%81%d0%bf%d1%80%d0%be%d0%b2%d0%b5%d0%b4%d1%83%d0%b2%d0%b0%d1%9a%d0%b5-%d0%bd%d0%b0-%d0%b8%d0%bd%d1%81%d1%82%d1%80%d1%83%d0%bc%d0%b5%d0%bd%d1%82\/\">Lexoni me shume  &raquo;<\/a><\/p>\n","protected":false},"author":2,"featured_media":0,"parent":1102,"menu_order":0,"comment_status":"closed","ping_status":"open","template":"","meta":[],"_links":{"self":[{"href":"https:\/\/arhiva.moepp.gov.mk\/AL\/wp-json\/wp\/v2\/pages\/33787"}],"collection":[{"href":"https:\/\/arhiva.moepp.gov.mk\/AL\/wp-json\/wp\/v2\/pages"}],"about":[{"href":"https:\/\/arhiva.moepp.gov.mk\/AL\/wp-json\/wp\/v2\/types\/page"}],"author":[{"embeddable":true,"href":"https:\/\/arhiva.moepp.gov.mk\/AL\/wp-json\/wp\/v2\/users\/2"}],"replies":[{"embeddable":true,"href":"https:\/\/arhiva.moepp.gov.mk\/AL\/wp-json\/wp\/v2\/comments?post=33787"}],"version-history":[{"count":0,"href":"https:\/\/arhiva.moepp.gov.mk\/AL\/wp-json\/wp\/v2\/pages\/33787\/revisions"}],"up":[{"embeddable":true,"href":"https:\/\/arhiva.moepp.gov.mk\/AL\/wp-json\/wp\/v2\/pages\/1102"}],"wp:attachment":[{"href":"https:\/\/arhiva.moepp.gov.mk\/AL\/wp-json\/wp\/v2\/media?parent=33787"}],"curies":[{"name":"wp","href":"https:\/\/api.w.org\/{rel}","templated":true}]}}