{"id":3197,"date":"2014-12-17T10:18:27","date_gmt":"2014-12-17T10:18:27","guid":{"rendered":"http:\/\/www.moepp.gov.mk\/?page_id=3197"},"modified":"2024-05-23T08:36:11","modified_gmt":"2024-05-23T07:36:11","slug":"%d1%81%d1%82%d1%80%d0%b0%d1%82%d0%b5%d0%b3%d0%b8%d0%b8","status":"publish","type":"page","link":"https:\/\/arhiva.moepp.gov.mk\/AL\/%d0%b4%d0%be%d0%ba%d1%83%d0%bc%d0%b5%d0%bd%d1%82%d0%b8\/%d1%81%d1%82%d1%80%d0%b0%d1%82%d0%b5%d0%b3%d0%b8%d0%b8\/","title":{"rendered":"Strategjite"},"content":{"rendered":"<p><\/p>\n<div class=\"su-spoiler su-spoiler-style-fancy su-spoiler-icon-chevron su-spoiler-closed\" data-scroll-offset=\"0\" data-anchor-in-url=\"no\"><div class=\"su-spoiler-title\" tabindex=\"0\" role=\"button\"><span class=\"su-spoiler-icon\"><\/span>Strategjia nacionale p\u00ebr mbrojtjen e natyr\u00ebs 2017-2027<\/div><div class=\"su-spoiler-content su-u-clearfix su-u-trim\">\n<p><a href=\"https:\/\/arhiva.moepp.gov.mk\/wp-content\/uploads\/2014\/12\/Strategjia-nacionale-p\u00ebr-mbrojtjen-e-natyr\u00ebs-2017-2027.pdf\" target=\"_blank\">Strategjia nacionale p\u00ebr mbrojtjen e natyr\u00ebs 2017-2027<\/a><\/p>\n<\/div><\/div>\n<div class=\"su-spoiler su-spoiler-style-fancy su-spoiler-icon-chevron su-spoiler-closed\" data-scroll-offset=\"0\" data-anchor-in-url=\"no\"><div class=\"su-spoiler-title\" tabindex=\"0\" role=\"button\"><span class=\"su-spoiler-icon\"><\/span>Strategjia nacionale p\u00ebr biodiversitet me plan veprim 2018-2023<\/div><div class=\"su-spoiler-content su-u-clearfix su-u-trim\">\n<p><a href=\"https:\/\/arhiva.moepp.gov.mk\/wp-content\/uploads\/2014\/12\/NATIONAL-BIODIVERSITY_ALB.pdf\" target=\"_blank\">Strategjia nacionale p\u00ebr biodiversitet me plan veprim 2018-2023<\/a><\/p>\n<\/div><\/div>\n<div class=\"su-spoiler su-spoiler-style-fancy su-spoiler-icon-chevron su-spoiler-closed\" data-scroll-offset=\"0\" data-anchor-in-url=\"no\"><div class=\"su-spoiler-title\" tabindex=\"0\" role=\"button\"><span class=\"su-spoiler-icon\"><\/span>Strategjia e uj\u00ebrave n\u00eb Republik\u00ebn e Maqedonis\u00eb<\/div><div class=\"su-spoiler-content su-u-clearfix su-u-trim\">\n<p><a href=\"https:\/\/arhiva.moepp.gov.mk\/wp-content\/uploads\/2014\/12\/Nacionalna%20Strategija%20za%20Vodi%20-%20dokumenti.rar\">Strategjia Komb\u00ebtare e Uj\u00ebrave.rar<\/a>\u00a0 (dokumente &#8211; mak. ang.)<\/p>\n<p><a href=\"https:\/\/arhiva.moepp.gov.mk\/wp-content\/uploads\/2014\/12\/Izvestaj-za-strategiska-ocena-na-ziv.sred_.-na-Strategijata-za-vodi-za-RM-%D0%92%D0%BE%D0%B4%D0%B8.pdf\">Raporti i vler\u00ebsimit strategjik t\u00eb mjedisit jet\u00ebsor p\u00ebr Strategjin\u00eb e Uj\u00ebrave p\u00ebr Republik\u00ebn e Maqedonis\u00eb \u2013 draft versioni <\/a><\/p>\n<p><a href=\"https:\/\/arhiva.moepp.gov.mk\/wp-content\/uploads\/2014\/12\/Izvestuvanje-Postapka-za-strategiska-postapka.pdf\">Lajm\u00ebrimi<\/a><\/p>\n<p><a href=\"https:\/\/arhiva.moepp.gov.mk\/wp-content\/uploads\/2014\/12\/Odluka-za-sproveduvanje-na-strategiska-ocena.pdf\">Vendimi p\u00ebr zbatimin e vler\u00ebsimit strategjik<\/a><\/p>\n<\/div><\/div>\n<div class=\"su-spoiler su-spoiler-style-fancy su-spoiler-icon-chevron su-spoiler-closed\" data-scroll-offset=\"0\" data-anchor-in-url=\"no\"><div class=\"su-spoiler-title\" tabindex=\"0\" role=\"button\"><span class=\"su-spoiler-icon\"><\/span>Planet strategjike t\u00eb MMJPH<\/div><div class=\"su-spoiler-content su-u-clearfix su-u-trim\">\n<p><a href=\"https:\/\/arhiva.moepp.gov.mk\/wp-content\/uploads\/2014\/12\/Strateski-plan-2015-2017-MZSPP.pdf\">Plani strategjik 2015-2017<\/a><\/p>\n<p><a href=\"https:\/\/arhiva.moepp.gov.mk\/wp-content\/uploads\/2014\/12\/Strateski-Plan-2011-2013.pdf\">\u00a0Plani strategjik 2011-2013<\/a><\/p>\n<p><a href=\"https:\/\/arhiva.moepp.gov.mk\/wp-content\/uploads\/2014\/12\/Strateski-plan-2010-2012-MZSPP.pdf\">\u00a0Plani strategjik 2010-2012<\/a><\/p>\n<p><a href=\"https:\/\/arhiva.moepp.gov.mk\/wp-content\/uploads\/2014\/12\/Strateski-plan-2008-2010-final.pdf\">\u00a0Plani strategjik 2008-2010 i MMJPH<\/a><\/p>\n<p><a href=\"https:\/\/arhiva.moepp.gov.mk\/wp-content\/uploads\/2014\/12\/Strateski-plan-2007-2009-MZSPP-final.pdf\">\u00a0Plani strategjik 2007-2009 i MMJPH <\/a><\/p>\n<p><a href=\"https:\/\/arhiva.moepp.gov.mk\/wp-content\/uploads\/2014\/12\/Strateski-plan-na-MZSPP-2006-skratena-verzija.pdf\"> Plani strategjik 2006-2008 i MMJPH (versioni i shkurtuar)<\/a><\/p>\n<\/div><\/div>\n<div class=\"su-spoiler su-spoiler-style-fancy su-spoiler-icon-chevron su-spoiler-closed\" data-scroll-offset=\"0\" data-anchor-in-url=\"no\"><div class=\"su-spoiler-title\" tabindex=\"0\" role=\"button\"><span class=\"su-spoiler-icon\"><\/span>Strategjia Komb\u00ebtare e Zhvillimit t\u00eb Q\u00ebndruesh\u00ebm n\u00eb Republik\u00ebn e Maqedonis\u00eb<\/div><div class=\"su-spoiler-content su-u-clearfix su-u-trim\">\n<p><a href=\"https:\/\/arhiva.moepp.gov.mk\/wp-content\/uploads\/2014\/12\/Nacionalna-Strategija-za-Odrzliv-Razvoj-vo-RM-NSSD-Del-1.pdf\">Strategjia Komb\u00ebtare e Zhvillimit t\u00eb Q\u00ebndruesh\u00ebm n\u00eb Republik\u00ebn e Maqedonis\u00eb (2009-2030)<\/a><\/p>\n<p><a href=\"https:\/\/arhiva.moepp.gov.mk\/wp-content\/uploads\/2014\/12\/NSOR-II-MK-29.06.2009.pdf\">Propozim Strategjia Komb\u00ebtare e Zhvillimit t\u00eb Q\u00ebndruesh\u00ebm n\u00eb Republik\u00ebn e Maqedonis\u00eb <\/a><\/p>\n<\/div><\/div>\n<div class=\"su-spoiler su-spoiler-style-fancy su-spoiler-icon-chevron su-spoiler-closed\" data-scroll-offset=\"0\" data-anchor-in-url=\"no\"><div class=\"su-spoiler-title\" tabindex=\"0\" role=\"button\"><span class=\"su-spoiler-icon\"><\/span>Strategjia Komb\u00ebtare p\u00ebr Investime n\u00eb Mjedisin Jet\u00ebsor<\/div><div class=\"su-spoiler-content su-u-clearfix su-u-trim\">\n<p><a href=\"https:\/\/arhiva.moepp.gov.mk\/wp-content\/uploads\/2014\/12\/Nacionalna-strategija-za-investicii-vo-zivotnata-sredina.pdf\">Strategjia Komb\u00ebtare p\u00ebr Investime n\u00eb Mjedisin Jet\u00ebsor (2009 \u2013 2013)<\/a><\/p>\n<\/div><\/div>\n<div class=\"su-spoiler su-spoiler-style-fancy su-spoiler-icon-chevron su-spoiler-closed\" data-scroll-offset=\"0\" data-anchor-in-url=\"no\"><div class=\"su-spoiler-title\" tabindex=\"0\" role=\"button\"><span class=\"su-spoiler-icon\"><\/span>Strategjia Komb\u00ebtare p\u00ebr Aproksimim n\u00eb Mjedisin Jet\u00ebsor<\/div><div class=\"su-spoiler-content su-u-clearfix su-u-trim\">\n<table>\n<tbody>\n<tr>\n<td><img decoding=\"async\" loading=\"lazy\" class=\"alignleft size-medium wp-image-3261\" src=\"https:\/\/arhiva.moepp.gov.mk\/wp-content\/uploads\/2014\/12\/1418335311_Macedonia_flat.png\" alt=\"1418335311_Macedonia_flat\" width=\"24\" height=\"24\" \/><\/td>\n<td><img decoding=\"async\" loading=\"lazy\" class=\"alignleft size-full wp-image-3260\" src=\"https:\/\/arhiva.moepp.gov.mk\/wp-content\/uploads\/2014\/12\/1418335296_United-Kingdom_flat.png\" alt=\"1418335296_United-Kingdom_flat\" width=\"24\" height=\"24\" \/><\/td>\n<\/tr>\n<tr>\n<td><a href=\"https:\/\/arhiva.moepp.gov.mk\/wp-content\/uploads\/2014\/12\/Nacionalna-strategija-za-aproksimacija-vo-zivotnata-sredina-2008.pdf\"><img decoding=\"async\" loading=\"lazy\" class=\"alignnone size-full wp-image-3226\" src=\"https:\/\/arhiva.moepp.gov.mk\/wp-content\/uploads\/2014\/12\/nacionalna-strategija-za-aprok-na-ziv-sred.png\" alt=\"nacionalna strategija za aprok na ziv sred\" width=\"204\" height=\"258\" \/><\/a><\/td>\n<td><a href=\"https:\/\/arhiva.moepp.gov.mk\/wp-content\/uploads\/2014\/12\/National-Strategy-for-Environmental-Approximation1.pdf\"><img decoding=\"async\" loading=\"lazy\" class=\"size-full wp-image-3259 alignnone\" src=\"https:\/\/arhiva.moepp.gov.mk\/wp-content\/uploads\/2014\/12\/\u0430\u043d\u0433\u043b.jpg\" alt=\"\u0430\u043d\u0433\u043b\" width=\"200\" height=\"258\" \/><\/a><\/td>\n<\/tr>\n<\/tbody>\n<\/table>\n<\/div><\/div>\n<div class=\"su-spoiler su-spoiler-style-fancy su-spoiler-icon-chevron su-spoiler-closed\" data-scroll-offset=\"0\" data-anchor-in-url=\"no\"><div class=\"su-spoiler-title\" tabindex=\"0\" role=\"button\"><span class=\"su-spoiler-icon\"><\/span>Mb\u00ebshtetja p\u00ebr P\u00ebrgatitjen e Strategjis\u00eb Komb\u00ebtare t\u00eb Zhvillimit t\u00eb Q\u00ebndruesh\u00ebm n\u00eb Republik\u00ebn e Maqedonis\u00eb<\/div><div class=\"su-spoiler-content su-u-clearfix su-u-trim\">\n<p><a href=\"https:\/\/arhiva.moepp.gov.mk\/wp-content\/uploads\/2014\/12\/Predlog-Nacionalna-Strategija-za-Odrzliv-Razvoj-vo-RM-DEL-I.pdf\">Propozim Strategjia Komb\u00ebtare e Zhvillimit t\u00eb Q\u00ebndruesh\u00ebm n\u00eb RM, Pjesa I<\/a><\/p>\n<p><a href=\"https:\/\/arhiva.moepp.gov.mk\/wp-content\/uploads\/2014\/12\/Predlog-Nacionalna-Strategija-za-Odrzliv-Razvoj-vo-RM-Del-I-Anex-1.pdf\">Propozim Strategjia Komb\u00ebtare e Zhvillimit t\u00eb Q\u00ebndruesh\u00ebm n\u00eb RM, Pjesa I, \u0410neksi 1<\/a><\/p>\n<p><a href=\"https:\/\/arhiva.moepp.gov.mk\/wp-content\/uploads\/2014\/12\/Predlog-Nacionalna-Strategija-za-Odrzliv-Razvoj-vo-RM-Del-I-Anex-2.pdf\">Propozim Strategjia Komb\u00ebtare e Zhvillimit t\u00eb Q\u00ebndruesh\u00ebm n\u00eb RM, Pjesa I, \u0410neksi2<\/a><\/p>\n<p><a href=\"https:\/\/arhiva.moepp.gov.mk\/wp-content\/uploads\/2014\/12\/Predlog-Nacionalna-Strategija-za-Odrzliv-Razvoj-vo-RM-DEL-II.pdf\">Propozim Strategjia Komb\u00ebtare e Zhvillimit t\u00eb Q\u00ebndruesh\u00ebm n\u00eb RM, Pjesa II<\/a><\/p>\n<p><a href=\"https:\/\/arhiva.moepp.gov.mk\/wp-content\/uploads\/2014\/12\/Predlog-Nacionalna-Strategija-za-Odrzliv-Razvoj-vo-RM-Del-II-Anex-1.pdf\">Propozim Strategjia Komb\u00ebtare e Zhvillimit t\u00eb Q\u00ebndruesh\u00ebm n\u00eb RM, Pjesa II, \u0410neksi 1<\/a><\/p>\n<p><a href=\"https:\/\/arhiva.moepp.gov.mk\/wp-content\/uploads\/2014\/12\/Predlog-Nacionalna-Strategija-za-Odrzliv-Razvoj-vo-RM-Del-II-Anex-2.pdf\">Propozim Strategjia Komb\u00ebtare e Zhvillimit t\u00eb Q\u00ebndruesh\u00ebm n\u00eb RM, Pjesa II, \u0410neksi 2<\/a><\/p>\n<p><a href=\"https:\/\/arhiva.moepp.gov.mk\/wp-content\/uploads\/2014\/12\/Predlog-Nacionalna-Strategija-za-Odrzliv-Razvoj-vo-RM-Del-II-Anex-3.pdf\">Propozim Strategjia Komb\u00ebtare e Zhvillimit t\u00eb Q\u00ebndruesh\u00ebm n\u00eb RM, Pjesa II, \u0410neksi 3<\/a><\/p>\n<p><a href=\"https:\/\/arhiva.moepp.gov.mk\/wp-content\/uploads\/2014\/12\/Predlog-Nacionalna-Strategija-za-Odrzliv-Razvoj-vo-RM-Del-II-Anex-4.pdf\">Propozim Strategjia Komb\u00ebtare e Zhvillimit t\u00eb Q\u00ebndruesh\u00ebm n\u00eb RM, Pjesa II, \u0410neksi 4<\/a><\/p>\n<p><a href=\"https:\/\/arhiva.moepp.gov.mk\/wp-content\/uploads\/2014\/12\/Predlog-Nacionalna-Strategija-za-Odrzliv-Razvoj-vo-RM-Del-II-Anex-5.pdf\">Propozim Strategjia Komb\u00ebtare e Zhvillimit t\u00eb Q\u00ebndruesh\u00ebm n\u00eb RM, Pjesa II, \u0410neksi 5<\/a><\/p>\n<p><a href=\"https:\/\/arhiva.moepp.gov.mk\/wp-content\/uploads\/2014\/12\/Predlog-Nacionalna-Strategija-za-Odrzliv-Razvoj-vo-RM-Del-II-Anex-6.pdf\">Propozim Strategjia Komb\u00ebtare e Zhvillimit t\u00eb Q\u00ebndruesh\u00ebm n\u00eb RM, Pjesa II, \u0410neksi 6<\/a><\/p>\n<p><a href=\"https:\/\/arhiva.moepp.gov.mk\/wp-content\/uploads\/2014\/12\/Predlog-Nacionalna-Strategija-za-Odrzliv-Razvoj-vo-RM-Del-II-Anex-7.pdf\">Propozim Strategjia Komb\u00ebtare e Zhvillimit t\u00eb Q\u00ebndruesh\u00ebm n\u00eb RM, Pjesa II, \u0410neksi 7<\/a><\/p>\n<p><a href=\"https:\/\/arhiva.moepp.gov.mk\/wp-content\/uploads\/2014\/12\/Predlog-Nacionalna-Strategija-za-Odrzliv-Razvoj-vo-RM-Del-II-Anex-8.pdf\">Propozim Strategjia Komb\u00ebtare e Zhvillimit t\u00eb Q\u00ebndruesh\u00ebm n\u00eb RM, Pjesa II, \u0410neksi 8<\/a><\/p>\n<p><a href=\"https:\/\/arhiva.moepp.gov.mk\/wp-content\/uploads\/2014\/12\/Predlog-Nacionalna-Strategija-za-Odrzliv-Razvoj-vo-RM-Del-II-Anex-9.pdf\">Propozim Strategjia Komb\u00ebtare e Zhvillimit t\u00eb Q\u00ebndruesh\u00ebm n\u00eb RM, Pjesa II, \u0410neksi 9<\/a><\/p>\n<p><a href=\"https:\/\/arhiva.moepp.gov.mk\/wp-content\/uploads\/2014\/12\/Predlog-Nacionalna-Strategija-za-Odrzliv-Razvoj-vo-RM-Del-II-Anex-10.pdf\">Propozim Strategjia Komb\u00ebtare e Zhvillimit t\u00eb Q\u00ebndruesh\u00ebm n\u00eb RM, Pjesa II, \u0410neksi10<\/a><\/p>\n<\/div><\/div>\n<div class=\"su-spoiler su-spoiler-style-fancy su-spoiler-icon-chevron su-spoiler-closed\" data-scroll-offset=\"0\" data-anchor-in-url=\"no\"><div class=\"su-spoiler-title\" tabindex=\"0\" role=\"button\"><span class=\"su-spoiler-icon\"><\/span>Strategjia e Menaxhimit me Mbeturinat n\u00eb Republik\u00ebn e Maqedonis\u00eb (2008-2020)<\/div><div class=\"su-spoiler-content su-u-clearfix su-u-trim\">\n<p><strong>Qeveria e Republik\u00ebs s\u00eb Maqedonis\u00eb n\u00eb mbledhjen e mbajtur m\u00eb\u00a0 11 mars 2008\u00a0 solli<\/strong><\/p>\n<p><a href=\"https:\/\/arhiva.moepp.gov.mk\/wp-content\/uploads\/2014\/12\/Final-Strategija-za-otpad-mak.pdf\">Strategjin\u00eb e Menaxhimit me Mbeturinat n\u00eb Republik\u00ebn e Maqedonis\u00eb (2008 \u2013 2020)<\/a><\/p>\n<\/div><\/div>\n<div class=\"su-spoiler su-spoiler-style-fancy su-spoiler-icon-chevron su-spoiler-closed\" data-scroll-offset=\"0\" data-anchor-in-url=\"no\"><div class=\"su-spoiler-title\" tabindex=\"0\" role=\"button\"><span class=\"su-spoiler-icon\"><\/span>Strategjia Komb\u00ebtare e Mekanizmit p\u00ebr Zhvillim t\u00eb Past\u00ebr 2008-2012 sipas Protokollit t\u00eb Kioto-s<\/div><div class=\"su-spoiler-content su-u-clearfix su-u-trim\">\n<p><a href=\"https:\/\/arhiva.moepp.gov.mk\/wp-content\/uploads\/2014\/12\/Nacionalna-strategija-Kyoto-Protocol-mkd.pdf\">Strategjia Komb\u00ebtare e Mekanizmit p\u00ebr Zhvillim t\u00eb Past\u00ebr p\u00ebr periudh\u00ebn e par\u00eb t\u00eb detyrimeve 2008-2012 sipas Protokollit t\u00eb Kioto-s<\/a><\/p>\n<\/div><\/div>\n<div class=\"su-spoiler su-spoiler-style-fancy su-spoiler-icon-chevron su-spoiler-closed\" data-scroll-offset=\"0\" data-anchor-in-url=\"no\"><div class=\"su-spoiler-title\" tabindex=\"0\" role=\"button\"><span class=\"su-spoiler-icon\"><\/span>Strategjia p\u00ebr v\u00ebzhgimin, komunikimin, ngritjen e vet\u00ebdijes dhe menaxhimin me t\u00eb dh\u00ebnat<\/div><div class=\"su-spoiler-content su-u-clearfix su-u-trim\">\n<p><a href=\"https:\/\/arhiva.moepp.gov.mk\/wp-content\/uploads\/2014\/12\/TR-Monitoring-Strategy-MKD.pdf\">Strategjia e V\u00ebzhgimit t\u00eb Mjedisit Jet\u00ebsor <\/a><\/p>\n<p><a href=\"https:\/\/arhiva.moepp.gov.mk\/wp-content\/uploads\/2014\/12\/TR_Communication_Strategy-_MK_.pdf\">Strategjia e Komunikimit t\u00eb Mjedisit Jet\u00ebsor <\/a><\/p>\n<p><a href=\"https:\/\/arhiva.moepp.gov.mk\/wp-content\/uploads\/2014\/12\/TR_FinalAwarenessStrategy_MKD_.pdf\">Strategjia e Ngritjes s\u00eb Vet\u00ebdijes Publike p\u00ebr Mjedisin Jet\u00ebsor <\/a><\/p>\n<p><a href=\"https:\/\/arhiva.moepp.gov.mk\/wp-content\/uploads\/2014\/12\/TR-Data-Management-MKD.pdf\">Strategjia e Menaxhimit me t\u00eb Dh\u00ebnat p\u00ebr Mjedisin Jet\u00ebsor <\/a><\/p>\n<\/div><\/div>\n<\/p>\n<p><\/p>","protected":false},"excerpt":{"rendered":"","protected":false},"author":3,"featured_media":0,"parent":91,"menu_order":416,"comment_status":"closed","ping_status":"open","template":"","meta":[],"_links":{"self":[{"href":"https:\/\/arhiva.moepp.gov.mk\/AL\/wp-json\/wp\/v2\/pages\/3197"}],"collection":[{"href":"https:\/\/arhiva.moepp.gov.mk\/AL\/wp-json\/wp\/v2\/pages"}],"about":[{"href":"https:\/\/arhiva.moepp.gov.mk\/AL\/wp-json\/wp\/v2\/types\/page"}],"author":[{"embeddable":true,"href":"https:\/\/arhiva.moepp.gov.mk\/AL\/wp-json\/wp\/v2\/users\/3"}],"replies":[{"embeddable":true,"href":"https:\/\/arhiva.moepp.gov.mk\/AL\/wp-json\/wp\/v2\/comments?post=3197"}],"version-history":[{"count":0,"href":"https:\/\/arhiva.moepp.gov.mk\/AL\/wp-json\/wp\/v2\/pages\/3197\/revisions"}],"up":[{"embeddable":true,"href":"https:\/\/arhiva.moepp.gov.mk\/AL\/wp-json\/wp\/v2\/pages\/91"}],"wp:attachment":[{"href":"https:\/\/arhiva.moepp.gov.mk\/AL\/wp-json\/wp\/v2\/media?parent=3197"}],"curies":[{"name":"wp","href":"https:\/\/api.w.org\/{rel}","templated":true}]}}