{"id":3194,"date":"2014-12-17T09:59:41","date_gmt":"2014-12-17T09:59:41","guid":{"rendered":"http:\/\/www.moepp.gov.mk\/?page_id=3194"},"modified":"2023-02-23T15:04:29","modified_gmt":"2023-02-23T14:04:29","slug":"%d0%bf%d0%bb%d0%b0%d0%bd%d0%be%d0%b2%d0%b8","status":"publish","type":"page","link":"https:\/\/arhiva.moepp.gov.mk\/AL\/%d0%b4%d0%be%d0%ba%d1%83%d0%bc%d0%b5%d0%bd%d1%82%d0%b8\/%d0%bf%d0%bb%d0%b0%d0%bd%d0%be%d0%b2%d0%b8\/","title":{"rendered":"Planet"},"content":{"rendered":"<p><\/p>\n<div class=\"su-spoiler su-spoiler-style-fancy su-spoiler-icon-chevron su-spoiler-closed\" data-scroll-offset=\"0\" data-anchor-in-url=\"no\"><div class=\"su-spoiler-title\" tabindex=\"0\" role=\"button\"><span class=\"su-spoiler-icon\"><\/span>Plani p\u00ebr parandalimin dhe gjenerimit t\u00eb mbetjeve i Republik\u00ebs s\u00eb Maqedonis\u00eb s\u00eb Veriut (2022 \u2013 2027)<\/div><div class=\"su-spoiler-content su-u-clearfix su-u-trim\">\n<p><a href=\"https:\/\/arhiva.moepp.gov.mk\/wp-content\/uploads\/2014\/12\/\u041f\u043b\u0430\u043d-\u0437\u0430-\u0441\u043f\u0440\u0435\u0447\u0443\u0432\u0430\u045a\u0435-\u043d\u0430-\u043e\u0442\u043f\u0430\u0434\u043e\u0442-ALB.pdf\" target=\"_blank\">Plani p\u00ebr parandalimin dhe gjenerimit t\u00eb mbetjeve i Republik\u00ebs s\u00eb Maqedonis\u00eb s\u00eb Veriut\u00a0(2022 \u2013 2027)<\/a><\/p>\n<\/div><\/div>\n<div class=\"su-spoiler su-spoiler-style-fancy su-spoiler-icon-chevron su-spoiler-closed\" data-scroll-offset=\"0\" data-anchor-in-url=\"no\"><div class=\"su-spoiler-title\" tabindex=\"0\" role=\"button\"><span class=\"su-spoiler-icon\"><\/span>PLANI KOMB\u00cbTAR P\u00cbR MENAXHIMIN T\u00cb MBETURINAVE N\u00cb REPUBLIK\u00cbN E MAQEDONIS\u00cb S\u00cb VERIUT 2021-2031<\/div><div class=\"su-spoiler-content su-u-clearfix su-u-trim\">\n<p><a href=\"https:\/\/arhiva.moepp.gov.mk\/wp-content\/uploads\/2021\/10\/PLANI-KOMB\u00cbTAR-P\u00cbR-MENAXHIMIN-T\u00cb-MBETURINAVE-N\u00cb-REPUBLIK\u00cbN-E-MAQEDONIS\u00cb-S\u00cb-VERIUT-2021-2031.pdf\">PLANI KOMB\u00cbTAR P\u00cbR MENAXHIMIN T\u00cb MBETURINAVE N\u00cb REPUBLIK\u00cbN E MAQEDONIS\u00cb S\u00cb VERIUT 2021-2031<\/a><\/p>\n<\/div><\/div>\n<div class=\"su-spoiler su-spoiler-style-fancy su-spoiler-icon-chevron su-spoiler-closed\" data-scroll-offset=\"0\" data-anchor-in-url=\"no\"><div class=\"su-spoiler-title\" tabindex=\"0\" role=\"button\"><span class=\"su-spoiler-icon\"><\/span>Plani i Menaxhimit t\u00eb Pellgut uj\u00ebmbledh\u00ebs t\u00eb Liqenit t\u00eb Ohrit<\/div><div class=\"su-spoiler-content su-u-clearfix su-u-trim\">\n<p><a href=\"https:\/\/arhiva.moepp.gov.mk\/wp-content\/uploads\/2014\/12\/REPORT-P0006769-1_H7_MP-031220-summary_final-AL.pdf\" target=\"_blank\">Plani i Menaxhimit t\u00eb Pellgut uj\u00ebmbledh\u00ebs t\u00eb Liqenit t\u00eb Ohrit<\/a><\/p>\n<\/div><\/div>\n<div class=\"su-spoiler su-spoiler-style-fancy su-spoiler-icon-chevron su-spoiler-closed\" data-scroll-offset=\"0\" data-anchor-in-url=\"no\"><div class=\"su-spoiler-title\" tabindex=\"0\" role=\"button\"><span class=\"su-spoiler-icon\"><\/span>VLER\u00cbSIMI STRATEGJIK I MJEDISIT JET\u00cbSOR P\u00cbR PLANIN P\u00cbR MENAXHIMIN ME TRASH\u00cbGIMIN\u00cb NATYRORE DHE KULTURORE N\u00cb RAJONIN E OHRIT<\/div><div class=\"su-spoiler-content su-u-clearfix su-u-trim\">\n<p><a href=\"https:\/\/arhiva.moepp.gov.mk\/wp-content\/uploads\/2014\/12\/nacrt-SOZS-za-PU-ver_3.10.2019_ALB.pdf\" target=\"_blank\">Draft-raport p\u00ebr VSMJ nga realizimi i Planit p\u00ebr menaxhim me trash\u00ebgimin\u00eb natyrore dhe kulturore n\u00eb Rajonin e Ohrit<\/a><\/p>\n<p><a href=\"https:\/\/arhiva.moepp.gov.mk\/wp-content\/uploads\/2014\/12\/Management-Plan-Ohridski-Region_ALB.pdf\" target=\"_blank\">Plani p\u00ebr menaxhim 2019-2028<\/a><\/p>\n<p><a href=\"https:\/\/arhiva.moepp.gov.mk\/wp-content\/uploads\/2014\/12\/Akciski-Plan_kon-Planot-za-upravuvanje_ALB.pdf\" target=\"_blank\">Plani i veprimit<\/a><\/p>\n<\/div><\/div>\n<div class=\"su-spoiler su-spoiler-style-fancy su-spoiler-icon-chevron su-spoiler-closed\" data-scroll-offset=\"0\" data-anchor-in-url=\"no\"><div class=\"su-spoiler-title\" tabindex=\"0\" role=\"button\"><span class=\"su-spoiler-icon\"><\/span>Plani Komb\u00ebtar Akcional p\u00ebr ratifikimin dhe zbatimin e Protokollit p\u00ebr metale t\u00eb r\u00ebnda, Protokolli i POPs dhe Protokolli i Geterburgut n\u00eb Konvent\u00ebn e ndotjes s\u00eb larg\u00ebt nd\u00ebrkufitare t\u00eb ajrit<\/div><div class=\"su-spoiler-content su-u-clearfix su-u-trim\">\n<p><a href=\"https:\/\/arhiva.moepp.gov.mk\/wp-content\/uploads\/2014\/12\/NAP-za-posledni-tri-protokoli-kon-CLRTAP-.pdf\" target=\"_blank\">Plani Komb\u00ebtar Akcional <\/a><\/p>\n<\/div><\/div>\n<div class=\"su-spoiler su-spoiler-style-fancy su-spoiler-icon-chevron su-spoiler-closed\" data-scroll-offset=\"0\" data-anchor-in-url=\"no\"><div class=\"su-spoiler-title\" tabindex=\"0\" role=\"button\"><span class=\"su-spoiler-icon\"><\/span>Planet komb\u00ebtarte p\u00ebr mbrojtjen e ajrit ambiental<\/div><div class=\"su-spoiler-content su-u-clearfix su-u-trim\">\n<p><a href=\"https:\/\/arhiva.moepp.gov.mk\/wp-content\/uploads\/2014\/12\/Nacionalen-plan-za-zastita-na-vozduhot-2013-2018.pdf\" target=\"_blank\">Plani Komb\u00ebtar p\u00ebr mbrojtjen e ajrit ambiental n\u00eb Republik\u00ebn e Maqedonis\u00eb p\u00ebr periudh\u00ebn prej vitit\u00a0 2013 deri n\u00eb vitin 2018 <\/a><\/p>\n<p><a href=\"https:\/\/arhiva.moepp.gov.mk\/wp-content\/uploads\/2014\/12\/Nacionalen-plan-za-zastita-na-vozduhot-2013-2018.pdf\" target=\"_blank\">Plani Komb\u00ebtar p\u00ebr mbrojtjen e ajrit ambiental<\/a><\/p>\n<p>&nbsp;<\/p>\n<\/div><\/div>\n<div class=\"su-spoiler su-spoiler-style-fancy su-spoiler-icon-chevron su-spoiler-closed\" data-scroll-offset=\"0\" data-anchor-in-url=\"no\"><div class=\"su-spoiler-title\" tabindex=\"0\" role=\"button\"><span class=\"su-spoiler-icon\"><\/span>Plani p\u00ebr menaxhimin me mbeturina nga pajisjet elektrike dhe elektronike n\u00eb Republik\u00ebn e Maqedonis\u00eb me studimet e fizibilitetit p\u00ebr periudh\u00ebn 2013 \u2013 2020<\/div><div class=\"su-spoiler-content su-u-clearfix su-u-trim\">\n<p><a href=\"https:\/\/arhiva.moepp.gov.mk\/wp-content\/uploads\/2014\/12\/\u041f\u043b\u0430\u043d-\u0437\u0430-\u0443\u043f\u0440\u0430\u0432\u0443\u0432\u0430\u045a\u0435-\u0441\u043e-\u043e\u0442\u043f\u0430\u0434-\u043e\u0434-\u0435\u043b\u0435\u043a\u0442\u0440\u0438\u0447\u043d\u0430-\u0438-\u0435\u043b\u0435\u043a\u0442\u0440\u043e\u043d\u0441\u043a\u0430-\u043e\u043f\u0440\u0435\u043c\u0430.pdf\" target=\"_blank\">Plani p\u00ebr menaxhimin me mbeturina nga pajisjet elektrike dhe elektronike <\/a><\/p>\n<\/div><\/div>\n<div class=\"su-spoiler su-spoiler-style-fancy su-spoiler-icon-chevron su-spoiler-closed\" data-scroll-offset=\"0\" data-anchor-in-url=\"no\"><div class=\"su-spoiler-title\" tabindex=\"0\" role=\"button\"><span class=\"su-spoiler-icon\"><\/span>Plani p\u00ebr mbylljen e deponive t\u00eb pastandardizuara n\u00eb Republik\u00ebn e Maqedonis\u00eb<\/div><div class=\"su-spoiler-content su-u-clearfix su-u-trim\">\n<p><a href=\"https:\/\/arhiva.moepp.gov.mk\/wp-content\/uploads\/2014\/12\/\u041f\u043b\u0430\u043d-\u0437\u0430-\u0437\u0430\u0442\u0432\u043e\u0440\u0430\u045a\u0435-\u043d\u0430-\u043d\u0435\u0441\u0442\u0430\u043d\u0434\u0430\u0440\u0434\u043d\u0438\u0442\u0435-\u0434\u0435\u043f\u043e\u043d\u0438\u0438-\u0432\u043e-\u0420\u041c.pdf\" target=\"_blank\">Plani p\u00ebr mbylljen e deponive t\u00eb pastandardizuara n\u00eb RM <\/a><\/p>\n<\/div><\/div>\n<\/p>\n<p><\/p>","protected":false},"excerpt":{"rendered":"","protected":false},"author":3,"featured_media":0,"parent":91,"menu_order":417,"comment_status":"closed","ping_status":"open","template":"","meta":[],"_links":{"self":[{"href":"https:\/\/arhiva.moepp.gov.mk\/AL\/wp-json\/wp\/v2\/pages\/3194"}],"collection":[{"href":"https:\/\/arhiva.moepp.gov.mk\/AL\/wp-json\/wp\/v2\/pages"}],"about":[{"href":"https:\/\/arhiva.moepp.gov.mk\/AL\/wp-json\/wp\/v2\/types\/page"}],"author":[{"embeddable":true,"href":"https:\/\/arhiva.moepp.gov.mk\/AL\/wp-json\/wp\/v2\/users\/3"}],"replies":[{"embeddable":true,"href":"https:\/\/arhiva.moepp.gov.mk\/AL\/wp-json\/wp\/v2\/comments?post=3194"}],"version-history":[{"count":0,"href":"https:\/\/arhiva.moepp.gov.mk\/AL\/wp-json\/wp\/v2\/pages\/3194\/revisions"}],"up":[{"embeddable":true,"href":"https:\/\/arhiva.moepp.gov.mk\/AL\/wp-json\/wp\/v2\/pages\/91"}],"wp:attachment":[{"href":"https:\/\/arhiva.moepp.gov.mk\/AL\/wp-json\/wp\/v2\/media?parent=3194"}],"curies":[{"name":"wp","href":"https:\/\/api.w.org\/{rel}","templated":true}]}}