{"id":31054,"date":"2022-05-04T11:00:09","date_gmt":"2022-05-04T10:00:09","guid":{"rendered":"https:\/\/www.moepp.gov.mk\/?page_id=31054"},"modified":"2022-06-01T14:38:09","modified_gmt":"2022-06-01T13:38:09","slug":"north-macedonia-regional-waste-project","status":"publish","type":"page","link":"https:\/\/arhiva.moepp.gov.mk\/AL\/north-macedonia-regional-waste-project\/","title":{"rendered":"."},"content":{"rendered":"<p><a href=\"https:\/\/arhiva.moepp.gov.mk\/wp-content\/uploads\/2022\/05\/SEP_North-Macedonia-Regional-Waste-Project_mk-alb-2.doc\" target=\"_blank\">SEP_Plani i p\u00ebrfshirjes s\u00eb pal\u00ebve t\u00eb tanguara<\/a>.doc<\/p>\n<p>NTS_P\u00ebrmbledhja jo-teknike.docx<\/p>\n<p><a href=\"https:\/\/arhiva.moepp.gov.mk\/wp-content\/uploads\/2022\/05\/LRF_North-Macedonia-Regional-Waste-Project_mk-alb.-z.doc\">LRF_Kuadri p\u00ebr kompensimin e kushteve t\u00eb jetes\u00ebs.doc<\/a><\/p>","protected":false},"excerpt":{"rendered":"<p>SEP_Plani i p\u00ebrfshirjes s\u00eb pal\u00ebve t\u00eb tanguara.doc NTS_P\u00ebrmbledhja jo-teknike.docx LRF_Kuadri p\u00ebr kompensimin e kushteve t\u00eb jetes\u00ebs.doc<\/p>\n","protected":false},"author":2,"featured_media":0,"parent":0,"menu_order":2,"comment_status":"closed","ping_status":"open","template":"","meta":[],"_links":{"self":[{"href":"https:\/\/arhiva.moepp.gov.mk\/AL\/wp-json\/wp\/v2\/pages\/31054"}],"collection":[{"href":"https:\/\/arhiva.moepp.gov.mk\/AL\/wp-json\/wp\/v2\/pages"}],"about":[{"href":"https:\/\/arhiva.moepp.gov.mk\/AL\/wp-json\/wp\/v2\/types\/page"}],"author":[{"embeddable":true,"href":"https:\/\/arhiva.moepp.gov.mk\/AL\/wp-json\/wp\/v2\/users\/2"}],"replies":[{"embeddable":true,"href":"https:\/\/arhiva.moepp.gov.mk\/AL\/wp-json\/wp\/v2\/comments?post=31054"}],"version-history":[{"count":0,"href":"https:\/\/arhiva.moepp.gov.mk\/AL\/wp-json\/wp\/v2\/pages\/31054\/revisions"}],"wp:attachment":[{"href":"https:\/\/arhiva.moepp.gov.mk\/AL\/wp-json\/wp\/v2\/media?parent=31054"}],"curies":[{"name":"wp","href":"https:\/\/api.w.org\/{rel}","templated":true}]}}