{"id":29377,"date":"2022-01-12T11:45:06","date_gmt":"2022-01-12T10:45:06","guid":{"rendered":"https:\/\/www.moepp.gov.mk\/?page_id=29377"},"modified":"2024-01-10T14:41:42","modified_gmt":"2024-01-10T13:41:42","slug":"%d0%b7%d0%b0%d0%ba%d0%be%d0%bd-%d0%b7%d0%b0-%d1%83%d0%bf%d1%80%d0%b0%d0%b2%d1%83%d0%b2%d0%b0%d1%9a%d0%b5-%d1%81%d0%be-%d0%b4%d0%be%d0%bf%d0%be%d0%bb%d0%bd%d0%b8%d1%82%d0%b5%d0%bb%d0%bd%d0%b8-%d1%82","status":"publish","type":"page","link":"https:\/\/arhiva.moepp.gov.mk\/AL\/%d0%b7%d0%b0%d0%ba%d0%be%d0%bd-%d0%b7%d0%b0-%d1%83%d0%bf%d1%80%d0%b0%d0%b2%d1%83%d0%b2%d0%b0%d1%9a%d0%b5-%d1%81%d0%be-%d0%b4%d0%be%d0%bf%d0%be%d0%bb%d0%bd%d0%b8%d1%82%d0%b5%d0%bb%d0%bd%d0%b8-%d1%82\/","title":{"rendered":"LIGJ P\u00cbR  MENAXHIMIN E RRJEDHJEVE SHTES\u00cb  T\u00cb MBETURINAVE"},"content":{"rendered":"<p><\/p>\n<p><p><a href=\"https:\/\/arhiva.moepp.gov.mk\/wp-content\/uploads\/2014\/10\/\u0417\u0410\u041a\u041e\u041d-\u0417\u0410-\u041f\u041e\u0421\u0415\u0411\u041d\u0418-\u0422\u0415\u041a\u041e\u0412\u0418-\u041d\u0410-\u041e\u0422\u041f\u0410\u0414-\u0410\u041b\u0411.pdf\" target=\"_blank\">LIGJ P\u00cbR\u00a0 MENAXHIMIN E RRJEDHJEVE SHTES\u00cb\u00a0 T\u00cb MBETURINAVE<\/a><\/p>\n<\/p>\n<p><\/p>","protected":false},"excerpt":{"rendered":"<p>LIGJ P\u00cbR\u00a0 MENAXHIMIN E RRJEDHJEVE SHTES\u00cb\u00a0 T\u00cb MBETURINAVE<\/p>\n","protected":false},"author":2,"featured_media":0,"parent":0,"menu_order":26,"comment_status":"closed","ping_status":"open","template":"","meta":[],"_links":{"self":[{"href":"https:\/\/arhiva.moepp.gov.mk\/AL\/wp-json\/wp\/v2\/pages\/29377"}],"collection":[{"href":"https:\/\/arhiva.moepp.gov.mk\/AL\/wp-json\/wp\/v2\/pages"}],"about":[{"href":"https:\/\/arhiva.moepp.gov.mk\/AL\/wp-json\/wp\/v2\/types\/page"}],"author":[{"embeddable":true,"href":"https:\/\/arhiva.moepp.gov.mk\/AL\/wp-json\/wp\/v2\/users\/2"}],"replies":[{"embeddable":true,"href":"https:\/\/arhiva.moepp.gov.mk\/AL\/wp-json\/wp\/v2\/comments?post=29377"}],"version-history":[{"count":0,"href":"https:\/\/arhiva.moepp.gov.mk\/AL\/wp-json\/wp\/v2\/pages\/29377\/revisions"}],"wp:attachment":[{"href":"https:\/\/arhiva.moepp.gov.mk\/AL\/wp-json\/wp\/v2\/media?parent=29377"}],"curies":[{"name":"wp","href":"https:\/\/api.w.org\/{rel}","templated":true}]}}