{"id":29372,"date":"2022-01-12T11:40:22","date_gmt":"2022-01-12T10:40:22","guid":{"rendered":"https:\/\/www.moepp.gov.mk\/?page_id=29372"},"modified":"2024-01-11T14:53:27","modified_gmt":"2024-01-11T13:53:27","slug":"%d0%bf%d1%80%d0%be%d1%88%d0%b8%d1%80%d0%b5%d0%bd%d0%b0-%d0%be%d0%b4%d0%b3%d0%be%d0%b2%d0%be%d1%80%d0%bd%d0%be%d1%81%d1%82-%d0%bd%d0%b0-%d0%bf%d1%80%d0%be%d0%b8%d0%b7%d0%b2%d0%be%d0%b4%d0%b8%d1%82","status":"publish","type":"page","link":"https:\/\/arhiva.moepp.gov.mk\/AL\/%d0%bf%d1%80%d0%be%d1%88%d0%b8%d1%80%d0%b5%d0%bd%d0%b0-%d0%be%d0%b4%d0%b3%d0%be%d0%b2%d0%be%d1%80%d0%bd%d0%be%d1%81%d1%82-%d0%bd%d0%b0-%d0%bf%d1%80%d0%be%d0%b8%d0%b7%d0%b2%d0%be%d0%b4%d0%b8%d1%82\/","title":{"rendered":"LIGJ I P\u00cbRGJEGJ\u00cbSIS\u00cb S\u00cb ZGJERUAR T\u00cb PRODHUESIT P\u00cbR MENAXHIMIN E RRJEDHAVE T\u00cb POSA\u00c7ME T\u00cb MBETURINAVE"},"content":{"rendered":"<p><\/p>\n<p><p><a href=\"https:\/\/arhiva.moepp.gov.mk\/wp-content\/uploads\/2014\/10\/\u0417\u0410\u041a\u041e\u041d-\u0417\u0410\u041f\u0420\u041e\u0428\u0418\u0420\u0415\u041d\u0410-\u041e\u0414\u0413\u041e\u0412\u041e\u0420\u041d\u041e\u0421\u0422-\u041d\u0410-\u041f\u0420\u041e\u0418\u0417\u0412\u041e\u0414\u0418\u0422\u0415\u041b\u041e\u0422-\u0410\u041b\u0411.pdf\" target=\"_blank\">LIGJ I P\u00cbRGJEGJ\u00cbSIS\u00cb S\u00cb ZGJERUAR T\u00cb PRODHUESIT P\u00cbR MENAXHIMIN E RRJEDHAVE T\u00cb POSA\u00c7ME T\u00cb MBETURINAVE<\/a><\/p>\n<p><a href=\"https:\/\/arhiva.moepp.gov.mk\/wp-content\/uploads\/2022\/01\/UDHEZIM001.pdf\" target=\"_blank\">UDH\u00cbZIM<\/a><\/p>\n<\/p>\n<p><\/p>","protected":false},"excerpt":{"rendered":"<p>LIGJ I P\u00cbRGJEGJ\u00cbSIS\u00cb S\u00cb ZGJERUAR T\u00cb PRODHUESIT P\u00cbR MENAXHIMIN E RRJEDHAVE T\u00cb POSA\u00c7ME T\u00cb MBETURINAVE UDH\u00cbZIM<\/p>\n","protected":false},"author":2,"featured_media":0,"parent":0,"menu_order":27,"comment_status":"closed","ping_status":"open","template":"","meta":[],"_links":{"self":[{"href":"https:\/\/arhiva.moepp.gov.mk\/AL\/wp-json\/wp\/v2\/pages\/29372"}],"collection":[{"href":"https:\/\/arhiva.moepp.gov.mk\/AL\/wp-json\/wp\/v2\/pages"}],"about":[{"href":"https:\/\/arhiva.moepp.gov.mk\/AL\/wp-json\/wp\/v2\/types\/page"}],"author":[{"embeddable":true,"href":"https:\/\/arhiva.moepp.gov.mk\/AL\/wp-json\/wp\/v2\/users\/2"}],"replies":[{"embeddable":true,"href":"https:\/\/arhiva.moepp.gov.mk\/AL\/wp-json\/wp\/v2\/comments?post=29372"}],"version-history":[{"count":0,"href":"https:\/\/arhiva.moepp.gov.mk\/AL\/wp-json\/wp\/v2\/pages\/29372\/revisions"}],"wp:attachment":[{"href":"https:\/\/arhiva.moepp.gov.mk\/AL\/wp-json\/wp\/v2\/media?parent=29372"}],"curies":[{"name":"wp","href":"https:\/\/api.w.org\/{rel}","templated":true}]}}