{"id":2699,"date":"2014-11-28T10:41:55","date_gmt":"2014-11-28T10:41:55","guid":{"rendered":"http:\/\/www.moepp.gov.mk\/?page_id=2699"},"modified":"2024-07-18T14:04:09","modified_gmt":"2024-07-18T13:04:09","slug":"%d1%80%d0%b5%d0%b3%d0%b8%d1%81%d1%82%d1%80%d0%b8-%d0%bd%d0%b0-%d0%bf%d0%be%d1%81%d1%82%d0%b0%d0%bf%d1%83%d0%b2%d0%b0%d1%87%d0%b8%d1%82%d0%b5-%d1%81%d0%be-%d0%be%d1%82%d0%bf%d0%b0%d0%b4","status":"publish","type":"page","link":"https:\/\/arhiva.moepp.gov.mk\/AL\/%d0%b4%d0%be%d0%ba%d1%83%d0%bc%d0%b5%d0%bd%d1%82%d0%b8\/%d1%80%d0%b5%d0%b3%d0%b8%d1%81%d1%82%d1%80%d0%b8-%d0%bd%d0%b0-%d0%bf%d0%be%d1%81%d1%82%d0%b0%d0%bf%d1%83%d0%b2%d0%b0%d1%87%d0%b8%d1%82%d0%b5-%d1%81%d0%be-%d0%be%d1%82%d0%bf%d0%b0%d0%b4\/","title":{"rendered":"Regjistrat"},"content":{"rendered":"<p><\/p>\n<hr \/>\n<p style=\"padding-left: 30px;\"><div class=\"su-spoiler su-spoiler-style-fancy su-spoiler-icon-chevron su-spoiler-closed\" data-scroll-offset=\"0\" data-anchor-in-url=\"no\"><div class=\"su-spoiler-title\" tabindex=\"0\" role=\"button\"><span class=\"su-spoiler-icon\"><\/span>Regjistrat e trajtuesve t\u00eb mbeturinave<\/div><div class=\"su-spoiler-content su-u-clearfix su-u-trim\">\n<p style=\"padding-left: 30px;\"><div class=\"su-spoiler su-spoiler-style-fancy su-spoiler-icon-chevron su-spoiler-closed\" data-scroll-offset=\"0\" data-anchor-in-url=\"no\"><div class=\"su-spoiler-title\" tabindex=\"0\" role=\"button\"><span class=\"su-spoiler-icon\"><\/span>Regjistri i lejeve t\u00eb l\u00ebshuara p\u00ebr skladimin e mbeturinave elektrike dhe elektronike, baterive dhe akumullator\u00ebve dhe vajrat mbeturin\u00eb<\/div><div class=\"su-spoiler-content su-u-clearfix su-u-trim\">\n<p style=\"padding-left: 30px;\"><a href=\"https:\/\/arhiva.moepp.gov.mk\/wp-content\/uploads\/2014\/11\/Registar-na-izdadeni-dozvoli-za-skladirawe-i-tretman-na-baterii-akumulatori-masla-i-OEEO.pdf\">\u0420regjistri i lejeve t\u00eb l\u00ebshuara p\u00ebr skladimin e mbeturinave elektrike dhe elektronike, baterive dhe akumullator\u00ebve dhe vajrat mbeturin\u00eb<\/a><\/p>\n<p style=\"padding-left: 30px;\"><\/div><\/div>\n<p style=\"padding-left: 30px;\"><div class=\"su-spoiler su-spoiler-style-fancy su-spoiler-icon-chevron su-spoiler-closed\" data-scroll-offset=\"0\" data-anchor-in-url=\"no\"><div class=\"su-spoiler-title\" tabindex=\"0\" role=\"button\"><span class=\"su-spoiler-icon\"><\/span>Regjistri i lejeve t\u00eb l\u00ebshuara p\u00ebr transport<\/div><div class=\"su-spoiler-content su-u-clearfix su-u-trim\">\n<p style=\"padding-left: 30px;\"><a href=\"https:\/\/arhiva.moepp.gov.mk\/wp-content\/uploads\/2014\/11\/Registar-TRANSPORT-na-neopasen-otpad-NOV.pdf\">Regjistri p\u00ebr transportin e mbeturinave t\u00eb parrezikshme<\/a><\/p>\n<p style=\"padding-left: 30px;\"><\/div><\/div>\n<p style=\"padding-left: 30px;\"><div class=\"su-spoiler su-spoiler-style-fancy su-spoiler-icon-chevron su-spoiler-closed\" data-scroll-offset=\"0\" data-anchor-in-url=\"no\"><div class=\"su-spoiler-title\" tabindex=\"0\" role=\"button\"><span class=\"su-spoiler-icon\"><\/span>Regjistri i lejeve t\u00eb l\u00ebshuara p\u00ebr skladimin dhe trajtimin e mbeturinave (metal, let\u00ebr, plastik\u00eb)<\/div><div class=\"su-spoiler-content su-u-clearfix su-u-trim\">\n<p style=\"padding-left: 30px;\"><a href=\"https:\/\/arhiva.moepp.gov.mk\/wp-content\/uploads\/2014\/11\/%D0%A0%D0%95%D0%93%D0%98%D0%A1%D0%A2%D0%90%D0%A0-08.2015.pdf\">Regjistri p\u00ebr skladimin e mbeturinave t\u00eb parrezikshme <\/a><\/p>\n<p style=\"padding-left: 30px;\"><\/div><\/div>\n<p style=\"padding-left: 30px;\"><div class=\"su-spoiler su-spoiler-style-fancy su-spoiler-icon-chevron su-spoiler-closed\" data-scroll-offset=\"0\" data-anchor-in-url=\"no\"><div class=\"su-spoiler-title\" tabindex=\"0\" role=\"button\"><span class=\"su-spoiler-icon\"><\/span>Regjistri i lejeve t\u00eb l\u00ebshuara p\u00ebr transportin e mbeturinave t\u00eb rrezikshme<\/div><div class=\"su-spoiler-content su-u-clearfix su-u-trim\">\n<p style=\"padding-left: 30px;\"><a href=\"https:\/\/arhiva.moepp.gov.mk\/wp-content\/uploads\/2014\/11\/Registar-za-Transport-%D0%BD%D0%B0-%D0%BE%D0%BF%D0%B0%D1%81%D0%B5%D0%BD-%D0%BE%D1%82%D0%BF%D0%B0%D0%B4-%D0%BD%D0%BE%D0%B2.pdf\">Regjistri p\u00ebr transportin e mbeturinave t\u00eb rrezikshme<\/a><\/p>\n<p style=\"padding-left: 30px;\"><\/div><\/div>\n<p style=\"padding-left: 30px;\"><div class=\"su-spoiler su-spoiler-style-fancy su-spoiler-icon-chevron su-spoiler-closed\" data-scroll-offset=\"0\" data-anchor-in-url=\"no\"><div class=\"su-spoiler-title\" tabindex=\"0\" role=\"button\"><span class=\"su-spoiler-icon\"><\/span>Regjistri i prodhuesve t\u00eb vegj\u00ebl t\u00eb baterive dhe akumulator\u00ebve<\/div><div class=\"su-spoiler-content su-u-clearfix su-u-trim\">\n<p style=\"padding-left: 30px;\"><a href=\"https:\/\/arhiva.moepp.gov.mk\/wp-content\/uploads\/2014\/11\/Register-na-mali-proizvoditeli-za-baterii-i-akumulatori.pdf\">Regjistri i prodhuesve t\u00eb vegj\u00ebl t\u00eb baterive dhe akumulator\u00ebve<\/a><\/p>\n<p style=\"padding-left: 30px;\"><\/div><\/div>\n<p style=\"padding-left: 30px;\"><div class=\"su-spoiler su-spoiler-style-fancy su-spoiler-icon-chevron su-spoiler-closed\" data-scroll-offset=\"0\" data-anchor-in-url=\"no\"><div class=\"su-spoiler-title\" tabindex=\"0\" role=\"button\"><span class=\"su-spoiler-icon\"><\/span>Regjistri i prodhuesve t\u00eb vegj\u00ebl t\u00eb mbeturinave nga paketimi<\/div><div class=\"su-spoiler-content su-u-clearfix su-u-trim\">\n<p style=\"padding-left: 30px;\"><a href=\"https:\/\/arhiva.moepp.gov.mk\/wp-content\/uploads\/2014\/11\/Register-na-mali-proizvoditeli-na-otpad-od-pakuvanje.pdf\">Regjistri i prodhuesve t\u00eb vegj\u00ebl t\u00eb mbeturinave nga paketimi<\/a><\/p>\n<p style=\"padding-left: 30px;\"><\/div><\/div>\n<p style=\"padding-left: 30px;\"><div class=\"su-spoiler su-spoiler-style-fancy su-spoiler-icon-chevron su-spoiler-closed\" data-scroll-offset=\"0\" data-anchor-in-url=\"no\"><div class=\"su-spoiler-title\" tabindex=\"0\" role=\"button\"><span class=\"su-spoiler-icon\"><\/span>Lista e v\u00ebrtetimeve t\u00eb l\u00ebshuara p\u00ebr regjistrimin e prodhuesve t\u00eb pajisjeve elektrike dhe elektronike<\/div><div class=\"su-spoiler-content su-u-clearfix su-u-trim\">\n<p style=\"padding-left: 30px;\"><a href=\"https:\/\/arhiva.moepp.gov.mk\/wp-content\/uploads\/2014\/11\/REGISTAR-EEO.pdf\">Lista e v\u00ebrtetimeve t\u00eb l\u00ebshuara p\u00ebr regjistrimin e prodhuesve t\u00eb pee<\/a><\/p>\n<p style=\"padding-left: 30px;\"><\/div><\/div>\n<p style=\"padding-left: 30px;\"><div class=\"su-spoiler su-spoiler-style-fancy su-spoiler-icon-chevron su-spoiler-closed\" data-scroll-offset=\"0\" data-anchor-in-url=\"no\"><div class=\"su-spoiler-title\" tabindex=\"0\" role=\"button\"><span class=\"su-spoiler-icon\"><\/span>Lista e v\u00ebrtetimeve t\u00eb l\u00ebshuara p\u00ebr regjistrimin e prodhuesve t\u00eb baterive dhe akumulator\u00ebve t\u00eb shpenzuara<\/div><div class=\"su-spoiler-content su-u-clearfix su-u-trim\">\n<p style=\"padding-left: 30px;\"><a href=\"https:\/\/arhiva.moepp.gov.mk\/wp-content\/uploads\/2014\/11\/\u0441\u043f\u0438\u0441\u043e\u043a-\u0431\u0430\u0442\u0435\u0440\u0438.pdf\" target=\"_blank\">Lista e v\u00ebrtetimeve t\u00eb l\u00ebshuara p\u00ebr regjistrimin e prodhuesve t\u00eb baterive dhe akumulator\u00ebve t\u00eb shpenzuara<\/a><\/p>\n<p style=\"padding-left: 30px;\"><\/div><\/div>\n<p style=\"padding-left: 30px;\"><\/div><\/div>\n<\/p>\n<p><\/p>","protected":false},"excerpt":{"rendered":"","protected":false},"author":1,"featured_media":0,"parent":91,"menu_order":500,"comment_status":"closed","ping_status":"open","template":"","meta":[],"_links":{"self":[{"href":"https:\/\/arhiva.moepp.gov.mk\/AL\/wp-json\/wp\/v2\/pages\/2699"}],"collection":[{"href":"https:\/\/arhiva.moepp.gov.mk\/AL\/wp-json\/wp\/v2\/pages"}],"about":[{"href":"https:\/\/arhiva.moepp.gov.mk\/AL\/wp-json\/wp\/v2\/types\/page"}],"author":[{"embeddable":true,"href":"https:\/\/arhiva.moepp.gov.mk\/AL\/wp-json\/wp\/v2\/users\/1"}],"replies":[{"embeddable":true,"href":"https:\/\/arhiva.moepp.gov.mk\/AL\/wp-json\/wp\/v2\/comments?post=2699"}],"version-history":[{"count":0,"href":"https:\/\/arhiva.moepp.gov.mk\/AL\/wp-json\/wp\/v2\/pages\/2699\/revisions"}],"up":[{"embeddable":true,"href":"https:\/\/arhiva.moepp.gov.mk\/AL\/wp-json\/wp\/v2\/pages\/91"}],"wp:attachment":[{"href":"https:\/\/arhiva.moepp.gov.mk\/AL\/wp-json\/wp\/v2\/media?parent=2699"}],"curies":[{"name":"wp","href":"https:\/\/api.w.org\/{rel}","templated":true}]}}