{"id":2348,"date":"2014-11-19T10:36:32","date_gmt":"2014-11-19T10:36:32","guid":{"rendered":"http:\/\/www.moepp.gov.mk\/?page_id=2348"},"modified":"2024-05-30T08:09:26","modified_gmt":"2024-05-30T07:09:26","slug":"%d0%b2%d0%be%d0%b4%d0%b0","status":"publish","type":"page","link":"https:\/\/arhiva.moepp.gov.mk\/AL\/%d0%bc%d0%b8%d0%bd%d0%b8%d1%81%d1%82%d0%b5%d1%80%d1%81%d1%82%d0%b2%d0%be\/%d1%81%d0%b5%d0%ba%d1%82%d0%be%d1%80-%d0%bc%d0%b0%d0%ba%d0%b5%d0%b4%d0%be%d0%bd%d1%81%d0%ba%d0%b8%d0%be%d1%82-%d0%b8%d0%bd%d1%84%d0%be%d1%80%d0%bc%d0%b0%d1%82%d0%b8%d0%b2%d0%b5%d0%bd-%d1%86%d0%b5\/%d0%b2%d0%be%d0%b4%d0%b0\/","title":{"rendered":"Uji"},"content":{"rendered":"<p><\/p>\n<p>Uji \u00ebsht\u00eb nj\u00eb burim i kufizuar dhe baz\u00eb, i nevojsh\u00ebm p\u00ebr t\u00eb mbajtur jet\u00ebn, i cili siguron mir\u00ebqenien sociale, prosperitetin ekonomik dhe sh\u00ebndetin e ekosistemit. Sipas gjendjes hidrografike n\u00eb Republik\u00ebn e Maqedonis\u00eb, ekzistojn\u00eb kat\u00ebr zona t\u00eb pellgjeve lumore (Vardar, Drini i Zi, Strumic\u00eb dhe Morav\u00eb Jugore) dhe tre liqene natyrore (Liqeni i Ohrit, Liqeni i Presp\u00ebs dhe Liqeni i Dojranit). Pjesa m\u00eb e madhe e uj\u00ebrave jan\u00eb vendq\u00ebndruese, t\u00eb formuara n\u00eb territor nga reshjet. Republika e Maqedonis\u00eb nuk \u00ebsht\u00eb e pasur me uj\u00ebra sip\u00ebrfaq\u00ebsore dhe ato kryesisht varen nga paraqitja, koh\u00ebzgjatja dhe intensiteti i reshjeve. Si rezultat i struktur\u00ebs morfologjike, hidrogjeologjike dhe hidrogjeografike t\u00eb relievit, rrymat sip\u00ebrfaq\u00ebsore derdhen shpejt n\u00eb rrjetin hidrografik (lumenj, p\u00ebrrenj dhe liqene) dhe uji derdhet jasht\u00eb vendit. P\u00ebrjashtim b\u00ebjn\u00eb vet\u00ebm zonat karstike, ku uji q\u00ebndron n\u00ebn sip\u00ebrfaqe p\u00ebr nj\u00eb koh\u00eb t\u00eb gjat\u00eb dhe ushqen uj\u00ebrat rrjedh\u00ebse t\u00eb rrjetit lumor.<\/p>\n<p><strong>Cil\u00ebsia e rrjedhave ujore<\/strong><\/p>\n<p>T\u00eb dh\u00ebnat p\u00ebr cil\u00ebsin\u00eb e rrjedhave ujore n\u00eb Republik\u00ebn e Maqedonis\u00eb jan\u00eb marr\u00eb nga Administrata p\u00ebr \u00c7\u00ebshtje Hidrometeorologjike. N\u00eb kuad\u00ebr t\u00eb programit RIMSYS jan\u00eb p\u00ebrcaktuar 20 pika mat\u00ebse n\u00eb lumenj dhe parametrat q\u00eb monitorohen. Treguesit organoleptik\u00eb, mineralizimi, oksigjeni dhe aciditeti, p\u00ebrcaktuesit e eutrofikimit, mikrondot\u00ebsit organik\u00eb, materialet e d\u00ebmshme dhe t\u00eb rrezikshme, element\u00ebt biologjik\u00eb (P\u00ebrb\u00ebrja dhe boll\u00ebku i flor\u00ebs ujore dhe p\u00ebrb\u00ebrja dhe boll\u00ebku i faun\u00ebs jovertebrore bentike) monitorohen vazhdimisht n\u00eb pikat mat\u00ebse t\u00eb m\u00ebposhtme:<\/p>\n<table width=\"808\">\n<tbody>\n<tr>\n<td width=\"380\"><strong>Stacioni<\/strong><\/td>\n<td width=\"164\">Lumi<\/td>\n<\/tr>\n<tr>\n<td width=\"380\">Sh\u00ebn Bogorodica<\/td>\n<td width=\"164\">Treska<\/td>\n<\/tr>\n<tr>\n<td width=\"380\">Kufiri, Vliv Lepenc<\/td>\n<td width=\"164\">Lepenc<\/td>\n<\/tr>\n<tr>\n<td width=\"380\">Radush\u00eb, Taor, Nogaevci, Demir Kapi, Gjevgjeli, Bashino Selo<\/td>\n<td width=\"164\">Vardar<\/td>\n<\/tr>\n<tr>\n<td width=\"380\">Pelinc\u00eb, Banja e Katllanov\u00ebs<\/td>\n<td width=\"164\">P\u00e7inja<\/td>\n<\/tr>\n<tr>\n<td width=\"380\">Trnovec<\/td>\n<td width=\"164\">Kriva Reka<\/td>\n<\/tr>\n<tr>\n<td width=\"380\">Balvan<\/td>\n<td width=\"164\">Bregalnic\u00eb<\/td>\n<\/tr>\n<tr>\n<td width=\"380\">Brod<\/td>\n<td width=\"164\">Eleshk\u00eb<\/td>\n<\/tr>\n<tr>\n<td width=\"380\">Sko\u00e7ivir, Vozarci<\/td>\n<td width=\"164\">Lumi i Zi<\/td>\n<\/tr>\n<tr>\n<td width=\"380\">Novo Sell\u00eb<\/td>\n<td width=\"164\">Strumica<\/td>\n<\/tr>\n<tr>\n<td width=\"380\">HEC Shpilje<\/td>\n<td width=\"164\">Drini i Zi<\/td>\n<\/tr>\n<tr>\n<td width=\"380\">Boshkov Most<\/td>\n<td width=\"164\">Radik\u00eb<\/td>\n<\/tr>\n<\/tbody>\n<\/table>\n<p>T\u00eb dh\u00ebnat nga monitorimi i cil\u00ebsis\u00eb s\u00eb rrjedhave ujore mund t&#8217;i gjeni n\u00eb linqet vijuese:<\/p>\n<p>&#8211;\u00a0\u00a0 <a href=\"http:\/\/www.meteo.gov.mk\/index.php?option=com_content&amp;view=section&amp;id=3&amp;Itemid=4&amp;lang=mk\">http:\/\/www.meteo.gov.mk\/index.php?option=com_content&amp;view=section&amp;id=3&amp;Itemid=4&amp;lang=mk<\/a><\/p>\n<p><strong>Cil\u00ebsia e rrjedhave ujore nga aspekti sh\u00ebndet\u00ebsor-ekologjik<\/strong><\/p>\n<p>N\u00eb baz\u00eb t\u00eb Ligjit p\u00ebr Uj\u00ebrat, organet p\u00ebrgjegj\u00ebse p\u00ebr kujdesin sh\u00ebndet\u00ebsor jan\u00eb t\u00eb detyruara t\u00eb monitorojn\u00eb ujin e destinuar p\u00ebr konsum njer\u00ebzor dhe ujin p\u00ebr larje dhe t\u00eb marrin masa p\u00ebr mbrojtjen aktive t\u00eb popullat\u00ebs nga s\u00ebmundjet infektive dhe s\u00ebmundje t\u00eb tjera me r\u00ebnd\u00ebsi t\u00eb lart\u00eb sociale dhe sh\u00ebndet\u00ebsore. K\u00ebto institute n\u00eb kuad\u00ebr t\u00eb veprimtaris\u00eb s\u00eb tyre kryejn\u00eb analiza mikrobiologjike, parazitologjike, higjienike, toksikologjike dhe biokimike.<\/p>\n<p><strong>Gjendja hidrologjike e lumenjve dhe liqeneve natyrore<\/strong><\/p>\n<p>Gjendja hidrologjike e lumenjve dhe liqeneve monitorohet nga Administrata p\u00ebr \u00c7\u00ebshtje Hidrometeorologjike n\u00eb pikat e p\u00ebrcaktuara mat\u00ebse duke monitoruar rrjedh\u00ebn e lumenjve dhe nivelin e ujit t\u00eb liqeneve natyrore. T\u00eb dh\u00ebnat nga monitorimi i parametrave hidrologjik\u00eb i gjeni n\u00eb linkun vijues:<\/p>\n<p>&#8211;\u00a0\u00a0 <a href=\"http:\/\/www.meteo.gov.mk\/index.php?option=com_content&amp;view=section&amp;id=3&amp;Itemid=4&amp;lang=mk\">http:\/\/www.meteo.gov.mk\/index.php?option=com_content&amp;view=section&amp;id=3&amp;Itemid=4&amp;lang=mk<\/a><\/p>\n<p><strong>Hulumtimi fizik dhe kimik i liqenit t\u00eb Ohrit<\/strong><\/p>\n<p>T\u00eb dh\u00ebnat p\u00ebr gjendjen cil\u00ebsore t\u00eb liqenit t\u00eb Ohrit jan\u00eb marr\u00eb nga Instituti Hidrobiologjik i Ohrit. Pikat mat\u00ebse jan\u00eb p\u00ebrcaktuar n\u00eb baz\u00eb t\u00eb konkluzioneve t\u00eb hulumtimeve t\u00eb viteve t\u00eb m\u00ebparshme. Sipas Programit p\u00ebr monitorimin e uj\u00ebrave t\u00eb rajonit Oh\u00ebr &#8211; Presp\u00eb matet niveli pellagjik i liqenit t\u00eb Ohrit.<\/p>\n<p>N\u00eb pellgun uj\u00ebmbledh\u00ebs t\u00eb Ohrit, n\u00eb k\u00ebt\u00eb periudh\u00eb k\u00ebrkimore, pellagjiku ishte i mbuluar me nj\u00eb pik\u00eb matje n\u00eb nj\u00eb shtyll\u00eb vertikale me dhjet\u00eb thell\u00ebsi (0, 10, 20, 30, 40, 50, 75, 100, 150, 240).<\/p>\n<p>Instituti Hidrobiologjik nga Ohri, n\u00eb uj\u00ebrat e liqenit t\u00eb Ohrit, ka monitoruar vazhdimisht k\u00ebto parametra:<\/p>\n<ul>\n<li>Temperatura, qart\u00ebsia, reaksioni i ujit (pH), alkaliniteti total, CO2 i lir\u00eb, oksigjeni (i tretur dhe ngopja), konsumi biokimik i oksigjenit, l\u00ebnda organike e tretur e biodegradueshme p\u00ebrmes konsumit t\u00eb permanganatit, komponimet e azotit (amoniaku, azoti total organik Kjeldahl, nitritet dhe nitratet) dhe fosfor total.<\/li>\n<\/ul>\n<p>&nbsp;<\/p>\n<p><\/p>","protected":false},"excerpt":{"rendered":"<p>Uji \u00ebsht\u00eb nj\u00eb burim i kufizuar dhe baz\u00eb, i nevojsh\u00ebm p\u00ebr t\u00eb mbajtur jet\u00ebn, i cili siguron mir\u00ebqenien sociale, prosperitetin ekonomik dhe sh\u00ebndetin e ekosistemit. Sipas gjendjes hidrografike n\u00eb Republik\u00ebn e Maqedonis\u00eb, ekzistojn\u00eb kat\u00ebr zona t\u00eb pellgjeve lumore (Vardar, Drini i Zi, Strumic\u00eb dhe Morav\u00eb Jugore) dhe tre liqene natyrore (Liqeni i Ohrit, Liqeni i&#8230; <a class=\"moretag\" href=\"https:\/\/arhiva.moepp.gov.mk\/AL\/%d0%bc%d0%b8%d0%bd%d0%b8%d1%81%d1%82%d0%b5%d1%80%d1%81%d1%82%d0%b2%d0%be\/%d1%81%d0%b5%d0%ba%d1%82%d0%be%d1%80-%d0%bc%d0%b0%d0%ba%d0%b5%d0%b4%d0%be%d0%bd%d1%81%d0%ba%d0%b8%d0%be%d1%82-%d0%b8%d0%bd%d1%84%d0%be%d1%80%d0%bc%d0%b0%d1%82%d0%b8%d0%b2%d0%b5%d0%bd-%d1%86%d0%b5\/%d0%b2%d0%be%d0%b4%d0%b0\/\">Lexoni me shume  &raquo;<\/a><\/p>\n","protected":false},"author":1,"featured_media":0,"parent":1140,"menu_order":444,"comment_status":"closed","ping_status":"open","template":"","meta":[],"_links":{"self":[{"href":"https:\/\/arhiva.moepp.gov.mk\/AL\/wp-json\/wp\/v2\/pages\/2348"}],"collection":[{"href":"https:\/\/arhiva.moepp.gov.mk\/AL\/wp-json\/wp\/v2\/pages"}],"about":[{"href":"https:\/\/arhiva.moepp.gov.mk\/AL\/wp-json\/wp\/v2\/types\/page"}],"author":[{"embeddable":true,"href":"https:\/\/arhiva.moepp.gov.mk\/AL\/wp-json\/wp\/v2\/users\/1"}],"replies":[{"embeddable":true,"href":"https:\/\/arhiva.moepp.gov.mk\/AL\/wp-json\/wp\/v2\/comments?post=2348"}],"version-history":[{"count":0,"href":"https:\/\/arhiva.moepp.gov.mk\/AL\/wp-json\/wp\/v2\/pages\/2348\/revisions"}],"up":[{"embeddable":true,"href":"https:\/\/arhiva.moepp.gov.mk\/AL\/wp-json\/wp\/v2\/pages\/1140"}],"wp:attachment":[{"href":"https:\/\/arhiva.moepp.gov.mk\/AL\/wp-json\/wp\/v2\/media?parent=2348"}],"curies":[{"name":"wp","href":"https:\/\/api.w.org\/{rel}","templated":true}]}}