{"id":1825,"date":"2014-11-12T09:33:13","date_gmt":"2014-11-12T09:33:13","guid":{"rendered":"http:\/\/www.moepp.gov.mk\/?page_id=1825"},"modified":"2023-05-16T13:38:17","modified_gmt":"2023-05-16T12:38:17","slug":"%d0%b2%d0%b8%d0%b4%d0%b5%d0%be-%d0%b8-%d0%b0%d1%83%d0%b4%d0%b8%d0%be-%d0%b7%d0%b0%d0%bf%d0%b8%d1%81%d0%b8","status":"publish","type":"page","link":"https:\/\/arhiva.moepp.gov.mk\/AL\/%d0%bc%d0%b5%d0%b4%d0%b8%d1%98%d0%b0\/%d0%b2%d0%b8%d0%b4%d0%b5%d0%be-%d0%b8-%d0%b0%d1%83%d0%b4%d0%b8%d0%be-%d0%b7%d0%b0%d0%bf%d0%b8%d1%81%d0%b8\/","title":{"rendered":"Video dhe Audio regjistrimet"},"content":{"rendered":"<p><\/p>\n<p><p><iframe loading=\"lazy\" title=\"N\u00eb qytet-\u00c7do mbeturin\u00eb e ka vendin e saj\/\u0415 p\u00ebrpunuar nga MMJPH n\u00eb bashk\u00ebpunim me Ambasad\u00ebn zvicerane\" width=\"665\" height=\"374\" src=\"https:\/\/www.youtube.com\/embed\/ec6z-A_bs3U?feature=oembed\" frameborder=\"0\" allow=\"accelerometer; autoplay; clipboard-write; encrypted-media; gyroscope; picture-in-picture; web-share\" referrerpolicy=\"strict-origin-when-cross-origin\" allowfullscreen><\/iframe><\/p>\n<p><iframe loading=\"lazy\" title=\"Natyra - \u00c7do mbeturin\u00eb e ka vendin e saj\/e p\u00ebrpunuar nga MMJPH n\u00eb bashk\u00ebpunim me Ambasad\u00ebn zvicerane\" width=\"665\" height=\"374\" src=\"https:\/\/www.youtube.com\/embed\/lHRkfefisM4?feature=oembed\" frameborder=\"0\" allow=\"accelerometer; autoplay; clipboard-write; encrypted-media; gyroscope; picture-in-picture; web-share\" referrerpolicy=\"strict-origin-when-cross-origin\" allowfullscreen><\/iframe><\/p>\n<p><iframe loading=\"lazy\" title=\"VIDEO ENM 2019 ALB\" width=\"665\" height=\"374\" src=\"https:\/\/www.youtube.com\/embed\/ZJpXcoHF6ug?feature=oembed\" frameborder=\"0\" allow=\"accelerometer; autoplay; clipboard-write; encrypted-media; gyroscope; picture-in-picture; web-share\" referrerpolicy=\"strict-origin-when-cross-origin\" allowfullscreen><\/iframe><\/p>\n<p>&nbsp;<\/p>\n<p><a href=\"https:\/\/arhiva.moepp.gov.mk\/wp-content\/uploads\/2015\/09\/ZARE%20KLIME%20ALB.mp4\" target=\"_blank\"><img decoding=\"async\" loading=\"lazy\" class=\"alignnone size-full wp-image-7205\" src=\"https:\/\/arhiva.moepp.gov.mk\/wp-content\/uploads\/2014\/11\/spot-den-bez-avtomobili-2015-alb.jpg\" alt=\"spot den bez avtomobili 2015 alb\" width=\"700\" height=\"388\" srcset=\"https:\/\/arhiva.moepp.gov.mk\/wp-content\/uploads\/2014\/11\/spot-den-bez-avtomobili-2015-alb.jpg 700w, https:\/\/arhiva.moepp.gov.mk\/wp-content\/uploads\/2014\/11\/spot-den-bez-avtomobili-2015-alb-541x300.jpg 541w, https:\/\/arhiva.moepp.gov.mk\/wp-content\/uploads\/2014\/11\/spot-den-bez-avtomobili-2015-alb-600x332.jpg 600w, https:\/\/arhiva.moepp.gov.mk\/wp-content\/uploads\/2014\/11\/spot-den-bez-avtomobili-2015-alb-660x365.jpg 660w\" sizes=\"(max-width: 700px) 100vw, 700px\" \/><\/a><\/p>\n<p><a href=\"https:\/\/arhiva.moepp.gov.mk\/wp-content\/uploads\/2015\/08\/MINISTEROT_IZAIRI_VO_ZIVO_VO_CENTRALNIOT_DNEVNIK_NA_MTV2.mp4\" target=\"_blank\"><img decoding=\"async\" loading=\"lazy\" class=\"alignnone size-full wp-image-6982\" src=\"https:\/\/arhiva.moepp.gov.mk\/wp-content\/uploads\/2014\/11\/MRTV-Izairi.jpg\" alt=\"MRTV Izairi\" width=\"700\" height=\"402\" srcset=\"https:\/\/arhiva.moepp.gov.mk\/wp-content\/uploads\/2014\/11\/MRTV-Izairi.jpg 700w, https:\/\/arhiva.moepp.gov.mk\/wp-content\/uploads\/2014\/11\/MRTV-Izairi-522x300.jpg 522w, https:\/\/arhiva.moepp.gov.mk\/wp-content\/uploads\/2014\/11\/MRTV-Izairi-600x344.jpg 600w, https:\/\/arhiva.moepp.gov.mk\/wp-content\/uploads\/2014\/11\/MRTV-Izairi-660x379.jpg 660w\" sizes=\"(max-width: 700px) 100vw, 700px\" \/><\/a><\/p>\n<p><a href=\"https:\/\/arhiva.moepp.gov.mk\/wp-content\/uploads\/2015\/08\/VERSHIMET%20POROJ%20%2005%20%2008.mp4\" target=\"_blank\"><img decoding=\"async\" loading=\"lazy\" class=\"alignnone wp-image-6936\" src=\"https:\/\/arhiva.moepp.gov.mk\/wp-content\/uploads\/2014\/11\/minister-video-mrtv.jpg\" alt=\"minister video mrtv\" width=\"700\" height=\"383\" srcset=\"https:\/\/arhiva.moepp.gov.mk\/wp-content\/uploads\/2014\/11\/minister-video-mrtv.jpg 980w, https:\/\/arhiva.moepp.gov.mk\/wp-content\/uploads\/2014\/11\/minister-video-mrtv-548x300.jpg 548w, https:\/\/arhiva.moepp.gov.mk\/wp-content\/uploads\/2014\/11\/minister-video-mrtv-600x328.jpg 600w, https:\/\/arhiva.moepp.gov.mk\/wp-content\/uploads\/2014\/11\/minister-video-mrtv-660x360.jpg 660w\" sizes=\"(max-width: 700px) 100vw, 700px\" \/><\/a><\/p>\n<p><a href=\"http:\/\/al.play.mrt.com.mk\/play\/68847\/zgjohu-me-ne-29-07-2015?options[video_list][filter_request][position]=1&amp;options[video_list][filter_request][page]=1&amp;options[video_list][filter_request][listed_in_categories][0]=511%20\" target=\"_blank\"><img decoding=\"async\" loading=\"lazy\" class=\"alignnone size-full wp-image-6867\" src=\"https:\/\/arhiva.moepp.gov.mk\/wp-content\/uploads\/2014\/11\/Intervju-minister-mtv-29.07.2015.jpg\" alt=\"Intervju minister mtv 29.07.2015\" width=\"700\" height=\"412\" srcset=\"https:\/\/arhiva.moepp.gov.mk\/wp-content\/uploads\/2014\/11\/Intervju-minister-mtv-29.07.2015.jpg 700w, https:\/\/arhiva.moepp.gov.mk\/wp-content\/uploads\/2014\/11\/Intervju-minister-mtv-29.07.2015-509x300.jpg 509w, https:\/\/arhiva.moepp.gov.mk\/wp-content\/uploads\/2014\/11\/Intervju-minister-mtv-29.07.2015-600x353.jpg 600w, https:\/\/arhiva.moepp.gov.mk\/wp-content\/uploads\/2014\/11\/Intervju-minister-mtv-29.07.2015-660x388.jpg 660w\" sizes=\"(max-width: 700px) 100vw, 700px\" \/><\/a><\/p>\n<hr \/>\n<div class=\"su-youtube su-u-responsive-media-yes\"><iframe width=\"700\" height=\"360\" src=\"https:\/\/www.youtube.com\/embed\/U3Xv5gxaYgE?\" frameborder=\"0\" allowfullscreen allow=\"autoplay; encrypted-media; picture-in-picture\" title=\"\"><\/iframe><\/div>\n<hr \/>\n<p><a href=\"https:\/\/arhiva.moepp.gov.mk\/wp-content\/uploads\/2015\/06\/Intervju%20Minister%20Nurhan%20Izairi%2005.06.2015.mp4\">Interviste me \u041cinistrin e Mjedist Jet\u00ebsor dhe Planifikimit Hap\u00ebsinor Nurhan Izairi n\u00eb emisionin&#8217;MIKROFONI I HAPUR&#8217; me Mirela Saitin<\/a><\/p>\n<p><a href=\"https:\/\/arhiva.moepp.gov.mk\/wp-content\/uploads\/2015\/06\/Intervju%20Minister%20Nurhan%20Izairi%2005.06.2015.mp4\"><img decoding=\"async\" loading=\"lazy\" class=\"alignleft size-full wp-image-6457\" src=\"https:\/\/arhiva.moepp.gov.mk\/wp-content\/uploads\/2015\/06\/photo_verybig1.jpg\" alt=\"photo_verybig_15807\" width=\"460\" height=\"291\" \/><\/a><\/p>\n<hr \/>\n<div class=\"su-youtube su-u-responsive-media-yes\"><iframe width=\"700\" height=\"360\" src=\"https:\/\/www.youtube.com\/embed\/JgreROasceQ?\" frameborder=\"0\" allowfullscreen allow=\"autoplay; encrypted-media; picture-in-picture\" title=\"\"><\/iframe><\/div>\n<hr \/>\n<p>&nbsp;<\/p>\n<hr \/>\n<p><iframe loading=\"lazy\" src=\"https:\/\/www.youtube.com\/embed\/FI3KMSryZsU\" width=\"854\" height=\"510\" frameborder=\"0\" allowfullscreen=\"allowfullscreen\"><\/iframe><\/p>\n<hr \/>\n<p>&nbsp;<\/p>\n<p style=\"text-align: left;\">IZAIRI: MAKSTILL DHE JUGOHROM NUK JAN\u00cb NDOT\u00cbSIT E VET\u00cbM<\/p>\n<p style=\"text-align: left;\">Intervista e ministrit Nurhan Izairi me Arta Tahirin p\u00ebr gazet\u00ebn \u00a0elektronike INBOX 7 (11.11.2014)<\/p>\n<p style=\"text-align: left;\"><iframe loading=\"lazy\" src=\"\/\/www.youtube.com\/embed\/QgPkCidw9og\" width=\"692\" height=\"360\" frameborder=\"0\" allowfullscreen=\"allowfullscreen\"><\/iframe><\/p>\n<p>&nbsp;<\/p>\n<hr \/>\n<div class=\"su-youtube su-u-responsive-media-yes\"><iframe width=\"600\" height=\"400\" src=\"https:\/\/www.youtube.com\/embed\/4OJgv1_cz54?\" frameborder=\"0\" allowfullscreen allow=\"autoplay; encrypted-media; picture-in-picture\" title=\"\"><\/iframe><\/div>\n<\/p>\n<p><\/p>","protected":false},"excerpt":{"rendered":"<p>&nbsp; Interviste me \u041cinistrin e Mjedist Jet\u00ebsor dhe Planifikimit Hap\u00ebsinor Nurhan Izairi n\u00eb emisionin&#8217;MIKROFONI I HAPUR&#8217; me Mirela Saitin &nbsp; &nbsp; IZAIRI: MAKSTILL DHE JUGOHROM NUK JAN\u00cb NDOT\u00cbSIT E VET\u00cbM Intervista e ministrit Nurhan Izairi me Arta Tahirin p\u00ebr gazet\u00ebn \u00a0elektronike INBOX 7 (11.11.2014) &nbsp;<\/p>\n","protected":false},"author":1,"featured_media":0,"parent":87,"menu_order":487,"comment_status":"closed","ping_status":"open","template":"","meta":[],"_links":{"self":[{"href":"https:\/\/arhiva.moepp.gov.mk\/AL\/wp-json\/wp\/v2\/pages\/1825"}],"collection":[{"href":"https:\/\/arhiva.moepp.gov.mk\/AL\/wp-json\/wp\/v2\/pages"}],"about":[{"href":"https:\/\/arhiva.moepp.gov.mk\/AL\/wp-json\/wp\/v2\/types\/page"}],"author":[{"embeddable":true,"href":"https:\/\/arhiva.moepp.gov.mk\/AL\/wp-json\/wp\/v2\/users\/1"}],"replies":[{"embeddable":true,"href":"https:\/\/arhiva.moepp.gov.mk\/AL\/wp-json\/wp\/v2\/comments?post=1825"}],"version-history":[{"count":0,"href":"https:\/\/arhiva.moepp.gov.mk\/AL\/wp-json\/wp\/v2\/pages\/1825\/revisions"}],"up":[{"embeddable":true,"href":"https:\/\/arhiva.moepp.gov.mk\/AL\/wp-json\/wp\/v2\/pages\/87"}],"wp:attachment":[{"href":"https:\/\/arhiva.moepp.gov.mk\/AL\/wp-json\/wp\/v2\/media?parent=1825"}],"curies":[{"name":"wp","href":"https:\/\/api.w.org\/{rel}","templated":true}]}}