{"id":1600,"date":"2014-11-06T08:50:11","date_gmt":"2014-11-06T08:50:11","guid":{"rendered":"http:\/\/www.moepp.gov.mk\/?page_id=1600"},"modified":"2024-07-24T08:02:49","modified_gmt":"2024-07-24T07:02:49","slug":"%d0%b7%d0%b0%d0%bc%d0%b5%d0%bd%d0%b8%d0%ba-%d0%bc%d0%b8%d0%bd%d0%b8%d1%81%d1%82%d0%b5%d1%80","status":"publish","type":"page","link":"https:\/\/arhiva.moepp.gov.mk\/AL\/%d0%bc%d0%b8%d0%bd%d0%b8%d1%81%d1%82%d0%b5%d1%80%d1%81%d1%82%d0%b2%d0%be\/%d0%b7%d0%b0%d0%bc%d0%b5%d0%bd%d0%b8%d0%ba-%d0%bc%d0%b8%d0%bd%d0%b8%d1%81%d1%82%d0%b5%d1%80\/","title":{"rendered":"Z\u00ebvend\u00ebsministri i Mjedisit Jet\u00ebsor dhe Planifikimit Hap\u00ebsinor"},"content":{"rendered":"<p>&nbsp;<\/p>\n<p><b>.<\/b><\/p>\n<p>&nbsp;<\/p>","protected":false},"excerpt":{"rendered":"<p>&nbsp; . &nbsp;<\/p>\n","protected":false},"author":1,"featured_media":0,"parent":1102,"menu_order":501,"comment_status":"closed","ping_status":"open","template":"","meta":[],"_links":{"self":[{"href":"https:\/\/arhiva.moepp.gov.mk\/AL\/wp-json\/wp\/v2\/pages\/1600"}],"collection":[{"href":"https:\/\/arhiva.moepp.gov.mk\/AL\/wp-json\/wp\/v2\/pages"}],"about":[{"href":"https:\/\/arhiva.moepp.gov.mk\/AL\/wp-json\/wp\/v2\/types\/page"}],"author":[{"embeddable":true,"href":"https:\/\/arhiva.moepp.gov.mk\/AL\/wp-json\/wp\/v2\/users\/1"}],"replies":[{"embeddable":true,"href":"https:\/\/arhiva.moepp.gov.mk\/AL\/wp-json\/wp\/v2\/comments?post=1600"}],"version-history":[{"count":0,"href":"https:\/\/arhiva.moepp.gov.mk\/AL\/wp-json\/wp\/v2\/pages\/1600\/revisions"}],"up":[{"embeddable":true,"href":"https:\/\/arhiva.moepp.gov.mk\/AL\/wp-json\/wp\/v2\/pages\/1102"}],"wp:attachment":[{"href":"https:\/\/arhiva.moepp.gov.mk\/AL\/wp-json\/wp\/v2\/media?parent=1600"}],"curies":[{"name":"wp","href":"https:\/\/api.w.org\/{rel}","templated":true}]}}