{"id":1598,"date":"2014-11-06T08:35:48","date_gmt":"2014-11-06T08:35:48","guid":{"rendered":"http:\/\/www.moepp.gov.mk\/?page_id=1598"},"modified":"2024-07-16T13:58:36","modified_gmt":"2024-07-16T12:58:36","slug":"%d0%bc%d0%b8%d0%bd%d0%b8%d1%81%d1%82%d0%b5%d1%80","status":"publish","type":"page","link":"https:\/\/arhiva.moepp.gov.mk\/AL\/%d0%bc%d0%b8%d0%bd%d0%b8%d1%81%d1%82%d0%b5%d1%80%d1%81%d1%82%d0%b2%d0%be\/%d0%bc%d0%b8%d0%bd%d0%b8%d1%81%d1%82%d0%b5%d1%80\/","title":{"rendered":"Minist\u00ebr i Mjedisit Jet\u00ebsor dhe Planifikimit Hap\u00ebsinor"},"content":{"rendered":"<p><strong>Data e Lindjes:<\/strong> 8 shkurt 1977<\/p>\n<p><strong>Vendi i Lindjes:<\/strong> Shkup<\/p>\n<p><strong>Komb\u00ebsia:<\/strong> Shqiptar<\/p>\n<p><strong>Profesioni:<\/strong> Politikan<\/p>\n<p><strong> Pozita Aktuale:<\/strong> Minist\u00ebr i Mjedisit Jet\u00ebsor dhe Planifikimit Hap\u00ebsinor<\/p>\n<p><strong>Arsimimi:<\/strong><\/p>\n<p><strong> Shkolla e Mesme:<\/strong> Gjimnazi \u201cZef Lush Marku\u201d n\u00eb Shkup<\/p>\n<p><strong> Universiteti:<\/strong> Universiteti Sh\u00ebn Qirili dhe Metodi, Fakulteti i Ekonomis\u00eb, dega Menaxhim Financiar dhe Kontabilitet Studime Post-Diplomike: Master n\u00eb Menaxhim Publik n\u00eb Fakultetin e Ekonomis\u00eb n\u00eb Shkup<\/p>\n<p><strong>Eksperienca Profesionale:<\/strong><\/p>\n<p>2001-2003: Ligj\u00ebroi l\u00ebnd\u00ebt ekonomike n\u00eb shkoll\u00ebn e mesme \u201cArseni Jovkov\u201d<\/p>\n<p>2003-2005: Bashk\u00ebpun\u00ebtor ekonomik n\u00eb Post\u00ebn e Maqedonis\u00eb<\/p>\n<p>Q\u00eb nga prilli 2005: Zgjidhet Kryetar i Komun\u00ebs s\u00eb \u00c7airit<\/p>\n<p><strong>Arritjet si Kryetar:<\/strong><\/p>\n<p>Implementoi me sukses mbi 100 projekte n\u00eb \u00c7air Promovoi bashk\u00ebpunimin me sektorin civil dhe shoqatat e ndryshme P\u00ebrmir\u00ebsoi infrastruktur\u00ebn, rrug\u00ebt, ndri\u00e7imin dhe mb\u00ebshteti manifestimet kulturore dhe shpirt\u00ebrore Kontribut i jasht\u00ebzakonsh\u00ebm p\u00ebr faktorizimin e fjal\u00ebs s\u00eb shqiptar\u00ebve n\u00eb Shkup<br \/>\n<strong>Rizgjedhja:<\/strong> Rizgjedhur Kryetar n\u00eb zgjedhjet komunale t\u00eb vitit 2009<\/p>\n<p>2020: U zgjedh deputet n\u00eb Qarkun zgjedhor 113<\/p>\n<p>2023: Themeloi dhe u b\u00eb President i L\u00ebvizjes Demokratike<\/p>\n<p>2024: U em\u00ebrua Z\u00ebvend\u00ebskryeminist\u00ebr i Maqedonis\u00eb s\u00eb Veriut si dhe Minist\u00ebr i Mjedisit dhe Planifikimit Hap\u00ebsinor<\/p>","protected":false},"excerpt":{"rendered":"<p>Data e Lindjes: 8 shkurt 1977 Vendi i Lindjes: Shkup Komb\u00ebsia: Shqiptar Profesioni: Politikan Pozita Aktuale: Minist\u00ebr i Mjedisit Jet\u00ebsor dhe Planifikimit Hap\u00ebsinor Arsimimi: Shkolla e Mesme: Gjimnazi \u201cZef Lush Marku\u201d n\u00eb Shkup Universiteti: Universiteti Sh\u00ebn Qirili dhe Metodi, Fakulteti i Ekonomis\u00eb, dega Menaxhim Financiar dhe Kontabilitet Studime Post-Diplomike: Master n\u00eb Menaxhim Publik n\u00eb Fakultetin&#8230; <a class=\"moretag\" href=\"https:\/\/arhiva.moepp.gov.mk\/AL\/%d0%bc%d0%b8%d0%bd%d0%b8%d1%81%d1%82%d0%b5%d1%80%d1%81%d1%82%d0%b2%d0%be\/%d0%bc%d0%b8%d0%bd%d0%b8%d1%81%d1%82%d0%b5%d1%80\/\">Lexoni me shume  &raquo;<\/a><\/p>\n","protected":false},"author":1,"featured_media":0,"parent":1102,"menu_order":490,"comment_status":"closed","ping_status":"open","template":"","meta":[],"_links":{"self":[{"href":"https:\/\/arhiva.moepp.gov.mk\/AL\/wp-json\/wp\/v2\/pages\/1598"}],"collection":[{"href":"https:\/\/arhiva.moepp.gov.mk\/AL\/wp-json\/wp\/v2\/pages"}],"about":[{"href":"https:\/\/arhiva.moepp.gov.mk\/AL\/wp-json\/wp\/v2\/types\/page"}],"author":[{"embeddable":true,"href":"https:\/\/arhiva.moepp.gov.mk\/AL\/wp-json\/wp\/v2\/users\/1"}],"replies":[{"embeddable":true,"href":"https:\/\/arhiva.moepp.gov.mk\/AL\/wp-json\/wp\/v2\/comments?post=1598"}],"version-history":[{"count":0,"href":"https:\/\/arhiva.moepp.gov.mk\/AL\/wp-json\/wp\/v2\/pages\/1598\/revisions"}],"up":[{"embeddable":true,"href":"https:\/\/arhiva.moepp.gov.mk\/AL\/wp-json\/wp\/v2\/pages\/1102"}],"wp:attachment":[{"href":"https:\/\/arhiva.moepp.gov.mk\/AL\/wp-json\/wp\/v2\/media?parent=1598"}],"curies":[{"name":"wp","href":"https:\/\/api.w.org\/{rel}","templated":true}]}}