{"id":13232,"date":"2017-12-13T07:37:20","date_gmt":"2017-12-13T07:37:20","guid":{"rendered":"http:\/\/www.moepp.gov.mk\/?page_id=13232"},"modified":"2024-05-29T22:15:27","modified_gmt":"2024-05-29T21:15:27","slug":"%d1%98%d0%b0%d0%b2%d0%bd%d0%be-%d0%b4%d0%be%d1%81%d1%82%d0%b0%d0%bf%d0%bd%d0%b8-%d0%b4%d0%be%d0%ba%d1%83%d0%bc%d0%b5%d0%bd%d1%82%d0%b8-%d0%bd%d0%b0-%d0%bc%d0%b6%d1%81%d0%bf%d0%bf","status":"publish","type":"page","link":"https:\/\/arhiva.moepp.gov.mk\/AL\/%d0%bc%d0%b8%d0%bd%d0%b8%d1%81%d1%82%d0%b5%d1%80%d1%81%d1%82%d0%b2%d0%be\/%d1%98%d0%b0%d0%b2%d0%bd%d0%be-%d0%b4%d0%be%d1%81%d1%82%d0%b0%d0%bf%d0%bd%d0%b8-%d0%b4%d0%be%d0%ba%d1%83%d0%bc%d0%b5%d0%bd%d1%82%d0%b8-%d0%bd%d0%b0-%d0%bc%d0%b6%d1%81%d0%bf%d0%bf\/","title":{"rendered":"Dokumentet e disponueshme publike t\u00eb MMJPH"},"content":{"rendered":"<p>&nbsp;<\/p>\n<div class=\"su-spoiler su-spoiler-style-fancy su-spoiler-icon-chevron su-spoiler-closed\" data-scroll-offset=\"0\" data-anchor-in-url=\"no\"><div class=\"su-spoiler-title\" tabindex=\"0\" role=\"button\"><span class=\"su-spoiler-icon\"><\/span>Raportet e auditimit<\/div><div class=\"su-spoiler-content su-u-clearfix su-u-trim\">\n<ul>\n<li><a href=\"https:\/\/dzr.mk\/mk\/210708-revizija-na-uspeshnost-2020-efektivnost-na-merkite-i-aktivnostite-za-izdavane-na-b\">https:\/\/dzr.mk\/mk\/210708-revizija-na-uspeshnost-2020-efektivnost-na-merkite-i-aktivnostite-za-izdavane-na-b<\/a><\/li>\n<li><a href=\"https:\/\/dzr.mk\/mk\/210630-revizija-na-uspeshnost-2020-efektivnost-na-merkite-i-aktivnostite-vo-funkcija-na-realizacija\">https:\/\/dzr.mk\/mk\/210630-revizija-na-uspeshnost-2020-efektivnost-na-merkite-i-aktivnostite-vo-funkcija-na-realizacija<\/a><\/li>\n<li><a href=\"https:\/\/dzr.mk\/mk\/210616-revizija-na-uspeshnost-2020-kapitalni-transferi-kon-els-od-budetot-na-rsm\">https:\/\/dzr.mk\/mk\/210616-revizija-na-uspeshnost-2020-kapitalni-transferi-kon-els-od-budetot-na-rsm<\/a><\/li>\n<li><a href=\"https:\/\/dzr.mk\/mk\/210203-revizija-na-uspeshnost-2020-efikasno-tretirane-i-spravuvane-so-plastichniot-otpad\">https:\/\/dzr.mk\/mk\/210203-revizija-na-uspeshnost-2020-efikasno-tretirane-i-spravuvane-so-plastichniot-otpad<\/a><\/li>\n<li><a href=\"https:\/\/dzr.mk\/mk\/210129-revizija-na-uspeshnost-2020-efikasnost-na-politikite-merkite-i-aktivnostite-pri-dodeluvane\">https:\/\/dzr.mk\/mk\/210129-revizija-na-uspeshnost-2020-efikasnost-na-politikite-merkite-i-aktivnostite-pri-dodeluvane<\/a><\/li>\n<li><a href=\"https:\/\/dzr.mk\/mk\/200511-revizija-na-uspeshnost-2019-merki-politiki-i-proekti-za-zashtita-i-unapreduvane-na\">https:\/\/dzr.mk\/mk\/200511-revizija-na-uspeshnost-2019-merki-politiki-i-proekti-za-zashtita-i-unapreduvane-na<\/a><\/li>\n<li><a href=\"https:\/\/dzr.mk\/mk\/200101-revizija-na-uspeshnost-2020-efikasno-tretirane-i-spravuvane-so-plastichniot-otpad\">https:\/\/dzr.mk\/mk\/200101-revizija-na-uspeshnost-2020-efikasno-tretirane-i-spravuvane-so-plastichniot-otpad<\/a><\/li>\n<\/ul>\n<\/div><\/div>\n<div class=\"su-spoiler su-spoiler-style-fancy su-spoiler-icon-chevron su-spoiler-closed\" data-scroll-offset=\"0\" data-anchor-in-url=\"no\"><div class=\"su-spoiler-title\" tabindex=\"0\" role=\"button\"><span class=\"su-spoiler-icon\"><\/span>Planet strategjike t\u00eb MMJPH<\/div><div class=\"su-spoiler-content su-u-clearfix su-u-trim\">\n<p><a href=\"https:\/\/arhiva.moepp.gov.mk\/wp-content\/uploads\/2017\/12\/Strateski-plan-2017-2019.pdf\" target=\"_blank\">Plani Strategjik 2017-2019<\/a><\/p>\n<p><a href=\"https:\/\/arhiva.moepp.gov.mk\/wp-content\/uploads\/2014\/12\/Strateski-Plan-MZSPP-2016-2018.pdf\" target=\"_blank\">Plani Strategjik 2016-2018<\/a><\/p>\n<p><a href=\"https:\/\/arhiva.moepp.gov.mk\/wp-content\/uploads\/2014\/12\/Strateski-plan-2015-2017-MZSPP.pdf\">Plani Strategjik 2015-2017<\/a><\/p>\n<p><a href=\"https:\/\/arhiva.moepp.gov.mk\/wp-content\/uploads\/2014\/12\/Strateski-Plan-2011-2013.pdf\">Plani Strategjik 2011-2013<\/a><\/p>\n<p><a href=\"https:\/\/arhiva.moepp.gov.mk\/wp-content\/uploads\/2014\/12\/Strateski-plan-2010-2012-MZSPP.pdf\">Plani Strategjik 2010-2012<\/a><\/p>\n<p><a href=\"https:\/\/arhiva.moepp.gov.mk\/wp-content\/uploads\/2014\/12\/Strateski-plan-2008-2010-final.pdf\">Plani Strategjik 2008-2010 i MMJPH &#8211; s\u00eb<\/a><\/p>\n<p><a href=\"https:\/\/arhiva.moepp.gov.mk\/wp-content\/uploads\/2014\/12\/Strateski-plan-2007-2009-MZSPP-final.pdf\">Plani Strategjik 2007-2009 i MMJPH &#8211;\u00a0s\u00eb<\/a><\/p>\n<p><a href=\"https:\/\/arhiva.moepp.gov.mk\/wp-content\/uploads\/2014\/12\/Strateski-plan-na-MZSPP-2006-skratena-verzija.pdf\">Plani Strategjik 2006-2008 i MMJPH &#8211; s\u00eb (version i shkurtuar)<\/a><\/p>\n<\/div><\/div>\n<div class=\"su-spoiler su-spoiler-style-fancy su-spoiler-icon-chevron su-spoiler-closed\" data-scroll-offset=\"0\" data-anchor-in-url=\"no\"><div class=\"su-spoiler-title\" tabindex=\"0\" role=\"button\"><span class=\"su-spoiler-icon\"><\/span>Organogrami i organizimit t\u00eb brendsh\u00ebm<\/div><div class=\"su-spoiler-content su-u-clearfix su-u-trim\">\n<p><a href=\"https:\/\/arhiva.moepp.gov.mk\/wp-content\/uploads\/2017\/12\/organogram-mzspp.xlsx\" target=\"_blank\">Organogrami i MMJPH-s\u00eb<\/a><\/p>\n<\/div><\/div>\n<div class=\"su-spoiler su-spoiler-style-fancy su-spoiler-icon-chevron su-spoiler-closed\" data-scroll-offset=\"0\" data-anchor-in-url=\"no\"><div class=\"su-spoiler-title\" tabindex=\"0\" role=\"button\"><span class=\"su-spoiler-icon\"><\/span>Rregullore p\u00ebr sistematizimin e vendeve t\u00eb pun\u00ebs<\/div><div class=\"su-spoiler-content su-u-clearfix su-u-trim\">\n<p><a href=\"https:\/\/arhiva.moepp.gov.mk\/wp-content\/uploads\/2021\/11\/\u041f\u0438\u0441\u043c\u0435\u043d\u0430-\u0441\u043e\u0433\u043b\u0430\u0441\u043d\u043e\u0441\u0442-\u043d\u0430-\u043f\u0440\u0430\u0432\u0438\u043b\u043d\u0438\u043a\u043e\u0442-\u0437\u0430-\u0438\u0437\u043c\u0435\u043d\u0443\u0432\u0430_\u0435-\u0438-\u0434\u043e\u043f\u043e\u043b\u043d\u0443\u0432\u0430_\u0435-\u043d\u0430-\u041f\u0440\u0430\u0432\u0438\u043b\u043d\u0438\u043a\u043e\u0442-\u0437\u0430-\u0441\u0438\u0441\u0442\u0435\u043c\u0430\u0442\u0438\u0437\u0437\u0430\u0446\u0438_\u0430.pdf\" target=\"_blank\">P\u00eblqimi me shkrim p\u00ebr rregulloren p\u00ebr ndryshimin dhe plot\u00ebsimin e Rregullores p\u00ebr sistematizimin e vendeve t\u00eb pun\u00ebs n\u00eb MMJPH nr. 01-877\/2 m\u00eb dat\u00eb 09.02.2021<\/a><\/p>\n<p><a href=\"https:\/\/arhiva.moepp.gov.mk\/wp-content\/uploads\/2021\/01\/\u041f\u0421-\u0437\u0430-\u0418\u0414-\u043d\u0430-\u041f\u0421\u0420\u041c-\u0431\u0440.01-70-\u043e\u0434-05.01.2021-\u0433\u043e\u0434\u0438\u043d\u0430.pdf\" target=\"_blank\">P\u00eblqimi me shkrim p\u00ebr rregulloren p\u00ebr ndryshimin dhe plot\u00ebsimin e Rregullores p\u00ebr sistematizimin e vendeve t\u00eb pun\u00ebs n\u00eb MMJPH nr. 01-70 m\u00eb dat\u00eb 05.01.2021<\/a><\/p>\n<p><a href=\"https:\/\/arhiva.moepp.gov.mk\/wp-content\/uploads\/2021\/01\/\u041f\u0421-\u0437\u0430-\u0418\u0414-\u043d\u0430-\u041f\u0421\u0420\u041c-\u0431\u0440.01-5091-\u043e\u0434-18.12.2020-\u0433\u043e\u0434\u0438\u043d\u0430.pdf\" target=\"_blank\">P\u00eblqimi me shkrim p\u00ebr rregulloren p\u00ebr ndryshimin dhe plot\u00ebsimin e Rregullores p\u00ebr sistematizimin e vendeve t\u00eb pun\u00ebs n\u00eb MMJPH nr. 01-5091 m\u00eb dat\u00eb 18.12.2020<\/a><\/p>\n<p><a href=\"https:\/\/arhiva.moepp.gov.mk\/wp-content\/uploads\/2021\/01\/\u041f\u0421-\u0437\u0430-\u0418\u0414-\u043d\u0430-\u041f\u0421\u0420\u041c-\u0431\u0440.01-4583-\u043e\u0434-01.12.2020-\u0433\u043e\u0434\u0438\u043d\u0430.pdf\" target=\"_blank\">P\u00ebqlimi me shkrim p\u00ebr rregulloren p\u00ebr ndryshimin dhe plot\u00ebsimin e Rregullores p\u00ebr sistematizimin e vendeve t\u00eb pun\u00ebs n\u00eb MMJPH nr. 01-4583 m\u00eb dat\u00eb 01.12.2020<\/a><\/p>\n<p><a href=\"https:\/\/arhiva.moepp.gov.mk\/wp-content\/uploads\/2021\/01\/\u041f\u0421-\u0437\u0430-\u0418\u0414-\u043d\u0430-\u041f\u0421\u0420\u041c-\u0431\u0440.01-4510-\u043e\u0434-10.11.2020-\u0433\u043e\u0434\u0438\u043d\u0430.pdf\" target=\"_blank\">P\u00eblqimi me shkrim p\u00ebr rregulloren p\u00ebr ndryshimin dhe plot\u00ebsimin e Rregullores p\u00ebr sistematizimin e vendeve t\u00eb pun\u00ebs n\u00eb MMJPH nr. 01-4510 m\u00eb dat\u00eb 10.11.2020<\/a><\/p>\n<p><a href=\"https:\/\/arhiva.moepp.gov.mk\/wp-content\/uploads\/2021\/01\/\u041f\u0421-\u0437\u0430-\u0418\u0414-\u043d\u0430-\u041f\u0421\u0420\u041c-\u0431\u0440.01-1604-\u043e\u0434-19.10.2020-\u0433\u043e\u0434\u0438\u043d\u0430.pdf\" target=\"_blank\">P\u00eblqimi me shkrim p\u00ebr rregulloren p\u00ebr ndryshimin dhe plot\u00ebsimin e Rregullores p\u00ebr sistematizimin e vendeve t\u00eb pun\u00ebs n\u00eb MMJPH nr. 01-1604 m\u00eb dat\u00eb 19.10.2020<\/a><\/p>\n<p><a href=\"https:\/\/arhiva.moepp.gov.mk\/wp-content\/uploads\/2017\/12\/soglasnost-1027-05.02.2020-7008.pdf\" target=\"_blank\">P\u00eblqimi me shkrim p\u00ebr rregulloren p\u00ebr ndryshimin dhe plot\u00ebsimin e Rregullores p\u00ebr sistematizimin e vendeve t\u00eb pun\u00ebs n\u00eb MMJPH nr. 01-6478\/3 m\u00eb dat\u00eb 30.12.2019<\/a>.<\/p>\n<p><a href=\"https:\/\/arhiva.moepp.gov.mk\/wp-content\/uploads\/2017\/12\/soglasnost-941-31.01.2020-6478-3.pdf\" target=\"_blank\">P\u00eblqimi me shkrim p\u00ebr rregulloren p\u00ebr ndryshimin dhe plot\u00ebsimin e Rregullores p\u00ebr sistematizimin e vendeve t\u00eb pun\u00ebs n\u00eb MMJPH nr. 01-6478\/3 m\u00eb dat\u00eb 30.12.2019<\/a>.<\/p>\n<p><a href=\"https:\/\/arhiva.moepp.gov.mk\/wp-content\/uploads\/2017\/12\/pravilnik-6478-3-30.12.2019.pdf\" target=\"_blank\">Rregullorja p\u00ebr ndryshimin dhe plot\u00ebsimin e Rregullores p\u00ebr sistematizimin e vendeve t\u00eb pun\u00ebs n\u00eb MMJPH nr. 6478\/3 m\u00eb dat\u00eb 30.12.2019<\/a><\/p>\n<p><a href=\"https:\/\/arhiva.moepp.gov.mk\/wp-content\/uploads\/2017\/12\/pravilnik-6478-2-27.12.2019.pdf\" target=\"_blank\">Rregullorja p\u00ebr ndryshimin dhe plot\u00ebsimin e Rregullores p\u00ebr sistematizimin e vendeve t\u00eb pun\u00ebs n\u00eb MMJPH nr. 6478\/2 m\u00eb dat\u00eb 27.12.2019<\/a><\/p>\n<p><a href=\"https:\/\/arhiva.moepp.gov.mk\/wp-content\/uploads\/2017\/12\/pravilnik-6478-1-04.12.2019.pdf\" target=\"_blank\">Rregullorja p\u00ebr ndryshimin dhe plot\u00ebsimin e Rregullores p\u00ebr sistematizimin e vendeve t\u00eb pun\u00ebs n\u00eb MMJPH nr. 6478\/1 m\u00eb dat\u00eb 04.12.2019<\/a><\/p>\n<p><a href=\"https:\/\/arhiva.moepp.gov.mk\/wp-content\/uploads\/2017\/12\/pravilnik-7008-03.12.2019.pdf\" target=\"_blank\">Rregullorja p\u00ebr ndryshimin dhe plot\u00ebsimin e Rregullores p\u00ebr sistematizimin e vendeve t\u00eb pun\u00ebs n\u00eb MMJPH nr. 7008\/1 m\u00eb dat\u00eb 03.12.2019<\/a><\/p>\n<p><a href=\"https:\/\/arhiva.moepp.gov.mk\/wp-content\/uploads\/2017\/12\/211020194222-pravilnik_sistematizacija.pdf\" target=\"_blank\">P\u00eblqimi me shkrim p\u00ebr rregulloren p\u00ebr ndryshimin dhe plot\u00ebsimin e Rregullores p\u00ebr sistematizimin e vendeve t\u00eb pun\u00ebs n\u00eb MMJPH nr. 01-4222\/7 m\u00eb dat\u00eb 15.10.2019<\/a><\/p>\n<p><a href=\"https:\/\/arhiva.moepp.gov.mk\/wp-content\/uploads\/2017\/12\/pravilnik_za_izmena_sistematizacija_mzspp_102019.pdf\" target=\"_blank\">P\u00eblqimi me shkrim p\u00ebr rregulloren p\u00ebr ndryshimin dhe plot\u00ebsimin e Rregullores p\u00ebr sistematizimin e vendeve t\u00eb pun\u00ebs n\u00eb MMJPH nr. 01-4222\/5 m\u00eb dat\u00eb 07.10.2019<\/a><\/p>\n<p><a href=\"https:\/\/arhiva.moepp.gov.mk\/wp-content\/uploads\/2017\/12\/14082019soglasnostaza-pravilnikzasistematizacija.pdf\" target=\"_blank\">P\u00eblqimi me shkrim p\u00ebr rregulloren p\u00ebr ndryshimin dhe plot\u00ebsimin e Rregullores p\u00ebr sistematizimin e vendeve t\u00eb pun\u00ebs n\u00eb MMJPH nr. 01-4222\/1 m\u00eb dat\u00eb 31.07.2019<\/a><\/p>\n<p><a href=\"https:\/\/arhiva.moepp.gov.mk\/wp-content\/uploads\/2017\/12\/14082019pravilnikzaizmenanasistematizaqcija.pdf\" target=\"_blank\">Rregullorja p\u00ebr ndryshimin dhe plot\u00ebsimin e Rregullores p\u00ebr sistematizimin e vendeve t\u00eb pun\u00ebs n\u00eb MMJPH nr. 01-4222\/1 m\u00eb dat\u00eb 31.07.2019<\/a><\/p>\n<p><a href=\"https:\/\/arhiva.moepp.gov.mk\/wp-content\/uploads\/2017\/12\/29072019pravilnik-mic.pdf\" target=\"_blank\">Rregullorja p\u00ebr ndryshimin dhe plot\u00ebsimin e Rregullores p\u00ebr sistematizimin e vendeve t\u00eb pun\u00ebs n\u00eb MMJPH nr. 01-3932\/1 m\u00eb dat\u00eb 16.07.2019<\/a><\/p>\n<p><a href=\"https:\/\/arhiva.moepp.gov.mk\/wp-content\/uploads\/2017\/12\/\u043f\u0440\u0430\u0432\u0438\u043b\u043d\u0438\u043a-\u0437\u0430-\u0441\u0438\u0441\u0442\u0435\u043c\u0430\u0442\u0438\u0437\u0430\u0446\u0438\u0458\u0430-\u0432\u0442\u043e\u0440\u0430-\u0438\u0437\u043c\u0435\u043d\u0430.pdf\" target=\"_blank\">Rregullorja p\u00ebr ndryshimin dhe plot\u00ebsimin e Rregullores p\u00ebr sistematizimin e vendeve t\u00eb pun\u00ebs n\u00eb MMJPH nr. 01-1832\/6 m\u00eb dat\u00eb 02.04.2018<\/a><\/p>\n<p><a href=\"https:\/\/arhiva.moepp.gov.mk\/wp-content\/uploads\/2017\/12\/Pravilnik-za-izmeni.pdf\">Rregullorja p\u00ebr ndryshimin dhe plot\u00ebsimin e Rregullores p\u00ebr sistematizimin e vendeve t\u00eb pun\u00ebs n\u00eb MMJPH<\/a><\/p>\n<p><a href=\"https:\/\/arhiva.moepp.gov.mk\/wp-content\/uploads\/2017\/12\/Pravilnik_za_izmenaidopolna_na_sistematizacijata.pdf\" target=\"_blank\">Rregullorja p\u00ebr ndryshimin dhe plot\u00ebsimin e Rregullores p\u00ebr sistematizimin e vendeve t\u00eb pun\u00ebs n\u00eb MMJPH<\/a><\/p>\n<p><a href=\"https:\/\/arhiva.moepp.gov.mk\/wp-content\/uploads\/2017\/12\/Pravilnik%20za sistematizacija na rabotnite mesta vo MZSPP.pdf\" target=\"_blank\">Rregullore p\u00ebr sistematizimin e vendeve t\u00eb pun\u00ebs n\u00eb MMJPH<\/a><\/p>\n<\/div><\/div>\n<div class=\"su-spoiler su-spoiler-style-fancy su-spoiler-icon-chevron su-spoiler-closed\" data-scroll-offset=\"0\" data-anchor-in-url=\"no\"><div class=\"su-spoiler-title\" tabindex=\"0\" role=\"button\"><span class=\"su-spoiler-icon\"><\/span>Rregullore p\u00ebr organizimin e brendsh\u00ebm<\/div><div class=\"su-spoiler-content su-u-clearfix su-u-trim\">\n<p><a href=\"https:\/\/arhiva.moepp.gov.mk\/wp-content\/uploads\/2017\/12\/Pravilnik%20za vnatresna organizacija na MZSPP.pdf\" target=\"_blank\">Rregullore p\u00ebr organizimin e brendsh\u00ebm t\u00eb MMJPH-s\u00eb<\/a><\/p>\n<\/div><\/div>\n<div class=\"su-spoiler su-spoiler-style-fancy su-spoiler-icon-chevron su-spoiler-closed\" data-scroll-offset=\"0\" data-anchor-in-url=\"no\"><div class=\"su-spoiler-title\" tabindex=\"0\" role=\"button\"><span class=\"su-spoiler-icon\"><\/span>Raport vjetor p\u00ebr pun\u00ebn e koordinatorit dhe z\u00ebvend\u00ebskoordinatorit p\u00ebr mund\u00ebsi t\u00eb barabarta t\u00eb grave dhe burrave n\u00eb organet e administrat\u00ebs shtet\u00ebrore<\/div><div class=\"su-spoiler-content su-u-clearfix su-u-trim\">\n<p><a href=\"https:\/\/arhiva.moepp.gov.mk\/wp-content\/uploads\/2018\/03\/Godisen_Izvestaj_Rodovaramnopravnost_2017.pdf\" target=\"_blank\">Raporti vjetor p\u00ebr vitin 2017<\/a><\/p>\n<\/div><\/div>\n<div class=\"su-spoiler su-spoiler-style-fancy su-spoiler-icon-chevron su-spoiler-closed\" data-scroll-offset=\"0\" data-anchor-in-url=\"no\"><div class=\"su-spoiler-title\" tabindex=\"0\" role=\"button\"><span class=\"su-spoiler-icon\"><\/span>Personi i autorizuar p\u00ebr marrjen e raporteve nga sinjalizuesit dhe Zyrtari p\u00ebr mbrojtjen e t\u00eb dh\u00ebnave personale<\/div><div class=\"su-spoiler-content su-u-clearfix su-u-trim\">\n<p><!--StartFragment--><\/p>\n<div>Denoncim t\u00eb brendsh\u00ebm t\u00eb mbrojtur kall\u00ebzimtari kryen n\u00eb institucionin ku ka dyshime ose dijeni q\u00eb \u00ebsht\u00eb kryer, po kryhet ose do t\u00eb kryhet nj\u00eb vep\u00ebr penale ose veprim tjet\u00ebr i kund\u00ebrligjsh\u00ebm q\u00eb k\u00ebrc\u00ebnon interesin publik.<\/div>\n<div><\/div>\n<div><\/div>\n<div><strong>Misrete Edipi<\/strong><\/div>\n<div>K\u00ebshilltare p\u00ebr kund\u00ebrvajtje<\/div>\n<div>Nj\u00ebsia p\u00ebr Vet\u00ebqeverisje Lokale<\/div>\n<div>tel: 02\/3251-451<\/div>\n<div>posta elektronike:\u00a0 <a href=\"mailto:M.Demiri@moepp.gov.mk\">M.Demiri@moepp.gov.mk<\/a><\/div>\n<div>rr. Sheshi Presveta Bogorodica nr. 3 Shkup<\/div>\n<p>&nbsp;<\/p>\n<div><a title=\"Vendim p\u00ebr t\u00eb caktuar nj\u00eb person p\u00ebr t\u00eb marr\u00eb njoftime \/ raporte nga kall\u00ebzimtar\u00ebt\" href=\"https:\/\/arhiva.moepp.gov.mk\/wp-content\/uploads\/2017\/12\/\u0420\u0435\u0448\u0435\u043d\u0438\u0435-\u0443\u043a\u0430\u0436\u0443\u0432\u0430\u0447\u0438-\u041c\u0438\u0441\u0440\u0435\u0442\u0435.Alb_.docx\" target=\"_blank\">Vendim p\u00ebr t\u00eb caktuar nj\u00eb person p\u00ebr t\u00eb marr\u00eb njoftime \/ raporte nga kall\u00ebzimtar\u00ebt<\/a><\/div>\n<p><!--StartFragment--><a href=\"https:\/\/arhiva.moepp.gov.mk\/wp-content\/uploads\/2017\/12\/\u0423\u041f\u0410\u0422\u0421\u0422\u0412\u041e-\u0437\u0430-\u043f\u0440\u0438\u0435\u043c-\u043d\u0430-\u0443\u043a\u0430\u0437\u0443\u0432\u0430\u0447\u0438.-Alb.pdf\" target=\"_blank\">Rregullore p\u00ebr denoncim t\u00eb brendsh\u00ebm t\u00eb mbrojtur, Udh\u00ebzime p\u00ebr marrjen e raporteve nga kall\u00ebzimtar\u00ebt, ndarja dhe p\u00ebrpunimi i t\u00eb dh\u00ebnave nga raportet dhe sigurimi i mbrojtjes s\u00eb t\u00eb dh\u00ebnave personale dhe t\u00eb t\u00eb dh\u00ebnave t\u00eb tjera t\u00eb kall\u00ebzimtar\u00ebve.<\/a><\/p>\n<div><strong>Personat e autorizuar p\u00ebr mbrojtjen e t\u00eb dh\u00ebnave personale<\/strong><\/div>\n<div><\/div>\n<div><strong>Dilek Ali\u00a0<\/strong><\/div>\n<div>Bashk\u00ebpun\u00ebtor i ri p\u00ebr lektorim dhe qasje t\u00eb lir\u00eb n\u00eb informacione publike<\/div>\n<div>Posta elektronike:\u00a0 <a href=\"mailto:d.ali@moepp.gov.mk\">d.ali@moepp.gov.mk<\/a><\/div>\n<div><\/div>\n<div><\/div>\n<div><strong>Besa Tateshi\u00a0<\/strong><\/div>\n<div>Udh\u00ebheq\u00ebse e nj\u00ebsis\u00eb p\u00ebr Parandalimin dhe Kontrollin e integruar t\u00eb ndotjes<\/div>\n<div>Posta elektronike:\u00a0 <a href=\"mailto:b.tateshi@moepp.gov.mk\">b.tateshi@moepp.gov.mk<\/a><\/div>\n<div><\/div>\n<div><\/div>\n<div><strong>Biljana Tesheva Gjorgjievska<\/strong><\/div>\n<div>Udh\u00ebheq\u00ebse e Sektorit p\u00ebr Pun\u00eb t\u00eb P\u00ebrgjithshme<\/div>\n<div>Tel: 02\/ 3251 \u2013 457<\/div>\n<div>Posta elektronike:\u00a0 <a href=\"mailto:b.tesheva@moepp.gov.mk\">b.tesheva@moepp.gov.mk<\/a><\/div>\n<div><\/div>\n<p><!--EndFragment--><\/p>\n<\/div><\/div>\n<div class=\"su-spoiler su-spoiler-style-fancy su-spoiler-icon-chevron su-spoiler-closed\" data-scroll-offset=\"0\" data-anchor-in-url=\"no\"><div class=\"su-spoiler-title\" tabindex=\"0\" role=\"button\"><span class=\"su-spoiler-icon\"><\/span>C\u00ebshtje t\u00eb p\u00ebrgjithshme<\/div><div class=\"su-spoiler-content su-u-clearfix su-u-trim\">\n<p><strong>Angelina Jovanoviq<\/strong><\/p>\n<p>K\u00ebshilltare p\u00ebr informim dhe bashk\u00ebpunim me mediumet<\/p>\n<p>tel: 02\/ 3225 \u2013 237<\/p>\n<p>posta elektronike: <a href=\"mailto:a.jovanovik@moepp.gov.mk\">a.jovanovik@moepp.gov.mk<\/a><\/p>\n<\/div><\/div>\n<div class=\"su-spoiler su-spoiler-style-fancy su-spoiler-icon-chevron su-spoiler-closed\" data-scroll-offset=\"0\" data-anchor-in-url=\"no\"><div class=\"su-spoiler-title\" tabindex=\"0\" role=\"button\"><span class=\"su-spoiler-icon\"><\/span>Kodeksi p\u00ebr n\u00ebpun\u00ebsit administrativ<\/div><div class=\"su-spoiler-content su-u-clearfix su-u-trim\">\n<p><a href=\"https:\/\/arhiva.moepp.gov.mk\/wp-content\/uploads\/2017\/12\/Eticki-Kodeks-na-vrabotenite-vo-MZSPP.pdf\" target=\"_blank\">Kodi i Etik\u00ebs p\u00ebr pun\u00ebtor\u00ebt e Ministris\u00eb s\u00eb Mjedisit Jet\u00ebsor dhe Planifikimit Hap\u00ebsinor<\/a><\/p>\n<p><a href=\"https:\/\/arhiva.moepp.gov.mk\/wp-content\/uploads\/2017\/12\/KODEKS.pdf\" target=\"_blank\">Kodi i Etik\u00ebs<\/a><\/p>\n<\/div><\/div>\n<div class=\"su-spoiler su-spoiler-style-fancy su-spoiler-icon-chevron su-spoiler-closed\" data-scroll-offset=\"0\" data-anchor-in-url=\"no\"><div class=\"su-spoiler-title\" tabindex=\"0\" role=\"button\"><span class=\"su-spoiler-icon\"><\/span>K\u00ebshilltar\u00ebt special\u00eb n\u00eb kabinetin e ministrit<\/div><div class=\"su-spoiler-content su-u-clearfix su-u-trim\">\n<p><strong>N\u00ebpun\u00ebs i Kabinetit Teodora Obradoviq \u2013 Grn\u00e7arovska,\u00a0<\/strong><a href=\"https:\/\/arhiva.moepp.gov.mk\/wp-content\/uploads\/2017\/12\/\u0420\u0435\u0448\u0435\u043d\u0438\u0435-\u043a\u0430\u0431\u0438\u043d\u0435\u0442\u0441\u043a\u0438-\u0422\u0435\u043e\u0434\u043e\u0440\u0430-\u041e.\u0413\u0440\u043d\u0447\u0430\u0440\u043e\u0432\u0441\u043a\u0430.pdf\" target=\"_blank\">Vendim p\u00ebr n\u00ebpun\u00ebse kabineti<\/a>,\u00a0<a href=\"https:\/\/arhiva.moepp.gov.mk\/wp-content\/uploads\/2017\/12\/Teodora-O.-Grncharovska-CV-MK.pdf\" target=\"_blank\">Biografia<\/a><\/p>\n<p><strong>N\u00ebpun\u00ebs i Kabinetit Sasho Sekulovski,\u00a0<\/strong><a href=\"https:\/\/arhiva.moepp.gov.mk\/wp-content\/uploads\/2017\/12\/\u0420\u0435\u0448\u0435\u043d\u0438\u0435-\u043a\u0430\u0431\u0438\u0442\u0435\u0442\u0441\u043a\u0438-\u0421\u0430\u0448\u043e-\u0421\u0435\u043a\u0443\u043b\u043e\u0432\u0441\u043a\u0438.pdf\" target=\"_blank\">Vendim p\u00ebr n\u00ebpun\u00ebse kabineti<\/a>,\u00a0<a href=\"https:\/\/arhiva.moepp.gov.mk\/wp-content\/uploads\/2017\/12\/CV-Mak.-\u0421\u0430\u0448\u043e-\u0421\u0435\u043a\u0443\u043b\u043e\u0432\u0441\u043a\u0438.pdf\" target=\"_blank\">Biografia<\/a><\/p>\n<\/div><\/div>\n<div class=\"su-spoiler su-spoiler-style-fancy su-spoiler-icon-chevron su-spoiler-closed\" data-scroll-offset=\"0\" data-anchor-in-url=\"no\"><div class=\"su-spoiler-title\" tabindex=\"0\" role=\"button\"><span class=\"su-spoiler-icon\"><\/span>K\u00ebshilltar\u00eb special\u00eb n\u00eb kabinetin e ministrit<\/div><div class=\"su-spoiler-content su-u-clearfix su-u-trim\">\n<p>K\u00ebshilltar\u00eb special Lindita Shakiri,\u00a0<a href=\"https:\/\/arhiva.moepp.gov.mk\/wp-content\/uploads\/2023\/07\/Dogovor_poseben%20sovetnik_ Lindita Shakiri.pdf\" target=\"_blank\">\u041c\u0430rr\u00ebveshje<\/a>, <a href=\"https:\/\/arhiva.moepp.gov.mk\/wp-content\/uploads\/2017\/12\/CV_Lindita-Sakiri.pdf\" target=\"_blank\">Biografia<\/a><\/p>\n<\/div><\/div>\n<div class=\"su-spoiler su-spoiler-style-fancy su-spoiler-icon-chevron su-spoiler-closed\" data-scroll-offset=\"0\" data-anchor-in-url=\"no\"><div class=\"su-spoiler-title\" tabindex=\"0\" role=\"button\"><span class=\"su-spoiler-icon\"><\/span>N\u00ebpun\u00ebs i Rinis\u00eb<\/div><div class=\"su-spoiler-content su-u-clearfix su-u-trim\">\n<p>Person i em\u00ebruar p\u00ebr N\u00ebpun\u00ebsit e Rinis\u00eb nga Ministria e Mjedisit Jet\u00ebsor dhe Planifikimit Hap\u00ebsinor<\/p>\n<p><strong>Milena Stojanovska<\/strong><\/p>\n<p>Posta elektronike:\u00a0<a href=\"m.stojanovska@moepp.gov.mk\" target=\"_blank\">m.stojanovska@moepp.gov.mk<\/a><\/p>\n<p><a href=\"https:\/\/arhiva.moepp.gov.mk\/wp-content\/uploads\/2017\/12\/Izveshtaj-za-mladinski-politiki-2022-MZSPP.pdf\" target=\"_blank\">Raport mbi statusin e politikave rinore t\u00eb zbatuara p\u00ebr vitin 2022<\/a><\/p>\n<p><a href=\"https:\/\/arhiva.moepp.gov.mk\/wp-content\/uploads\/2017\/12\/Godisen-izvestaj-za-mladinski-politiki-2021-MZSPP.pdf\" target=\"_blank\">Raport vjetor p\u00ebr q\u00ebllimet e realizuara, projektet dhe aktivitetet n\u00eb MMJPH nga fush\u00ebveprimi i rinis\u00eb p\u00ebr vitin 2021<\/a><\/p>\n<\/div><\/div>\n<div class=\"su-spoiler su-spoiler-style-fancy su-spoiler-icon-chevron su-spoiler-closed\" data-scroll-offset=\"0\" data-anchor-in-url=\"no\"><div class=\"su-spoiler-title\" tabindex=\"0\" role=\"button\"><span class=\"su-spoiler-icon\"><\/span>Plani vjetor p\u00ebr parandalimin e korrupsionit dhe plani i veprimit<\/div><div class=\"su-spoiler-content su-u-clearfix su-u-trim\">\n<p><a href=\"https:\/\/arhiva.moepp.gov.mk\/wp-content\/uploads\/2017\/12\/godisen-plan-za-sprecuvanje-na-korupcija.pdf\" target=\"_blank\">Plani vjetor p\u00ebr parandalimin e korrupsionit<\/a><\/p>\n<\/div><\/div>\n<div class=\"su-spoiler su-spoiler-style-fancy su-spoiler-icon-chevron su-spoiler-closed\" data-scroll-offset=\"0\" data-anchor-in-url=\"no\"><div class=\"su-spoiler-title\" tabindex=\"0\" role=\"button\"><span class=\"su-spoiler-icon\"><\/span>Procedura p\u00ebr vendosjen e rregullave n\u00eb p\u00ebrputhje me nenin 24 t\u00eb Ligjit p\u00ebr Lobim<\/div><div class=\"su-spoiler-content su-u-clearfix su-u-trim\">\n<p><a href=\"https:\/\/arhiva.moepp.gov.mk\/wp-content\/uploads\/2017\/12\/procedura-za-lobiranje.pdf\" target=\"_blank\">PROCEDURA<\/a><\/p>\n<\/div><\/div>\n<p>&nbsp;<\/p>","protected":false},"excerpt":{"rendered":"<p>&nbsp; &nbsp;<\/p>\n","protected":false},"author":2,"featured_media":0,"parent":1102,"menu_order":299,"comment_status":"closed","ping_status":"open","template":"","meta":[],"_links":{"self":[{"href":"https:\/\/arhiva.moepp.gov.mk\/AL\/wp-json\/wp\/v2\/pages\/13232"}],"collection":[{"href":"https:\/\/arhiva.moepp.gov.mk\/AL\/wp-json\/wp\/v2\/pages"}],"about":[{"href":"https:\/\/arhiva.moepp.gov.mk\/AL\/wp-json\/wp\/v2\/types\/page"}],"author":[{"embeddable":true,"href":"https:\/\/arhiva.moepp.gov.mk\/AL\/wp-json\/wp\/v2\/users\/2"}],"replies":[{"embeddable":true,"href":"https:\/\/arhiva.moepp.gov.mk\/AL\/wp-json\/wp\/v2\/comments?post=13232"}],"version-history":[{"count":0,"href":"https:\/\/arhiva.moepp.gov.mk\/AL\/wp-json\/wp\/v2\/pages\/13232\/revisions"}],"up":[{"embeddable":true,"href":"https:\/\/arhiva.moepp.gov.mk\/AL\/wp-json\/wp\/v2\/pages\/1102"}],"wp:attachment":[{"href":"https:\/\/arhiva.moepp.gov.mk\/AL\/wp-json\/wp\/v2\/media?parent=13232"}],"curies":[{"name":"wp","href":"https:\/\/api.w.org\/{rel}","templated":true}]}}