{"id":13,"date":"2014-09-05T11:36:09","date_gmt":"2014-09-05T11:36:09","guid":{"rendered":"http:\/\/www.moepp.gov.mk\/?page_id=13"},"modified":"2024-07-23T13:47:04","modified_gmt":"2024-07-23T12:47:04","slug":"domaa","status":"publish","type":"page","link":"https:\/\/arhiva.moepp.gov.mk\/AL\/domaa\/","title":{"rendered":"Kontakt"},"content":{"rendered":"<p><\/p>\n<p><div style=\"font-weight: bold; color: black;\">Ministria e Mjedisit Jet\u00ebsor dhe Planifikimit Hap\u00ebsinor<br \/>\nSheshi Presveta Bogorodica Nr.3<\/div>\n<div style=\"font-weight: bold; color: black;\"><\/div>\n<div style=\"font-weight: bold; color: black;\">\n<p>infoeko@moepp.gov.mk<\/p>\n<p>Personi p\u00ebrgjegj\u00ebs p\u00ebr informimin dhe komunikimin me publikun<br \/>\nAngelina Jovanoviq<br \/>\nTel. +389 070 267 238<br \/>\n\u0415-posta: a.jovanovik@moepp.gov.mk<\/p>\n<p>Personi p\u00ebrgjegj\u00ebs p\u00ebr qasje t\u00eb lir\u00eb n\u00eb informacionet me karakter publik<br \/>\nSasho Sekulovski<br \/>\n\u0422el: +389 076 456 716<br \/>\n\u0415-posta: s.sekulovski@moepp.gov.mk<\/p>\n<\/div>\n<div style=\"color: rgba(255, 255, 255, 0.58);\"><\/div>\n<table width=\"380\">\n<tbody>\n<tr>\n<td width=\"222\"><\/td>\n<td width=\"158\"><strong>\u0422\u0435l\/faksi<\/strong><\/td>\n<\/tr>\n<tr>\n<td rowspan=\"4\" width=\"222\"><strong>Kabineti i ministrit<\/strong><\/td>\n<td width=\"158\">3251-402 &#8211; Shefi i kabinetit<\/td>\n<\/tr>\n<tr>\n<td width=\"158\">3251-403 &#8211; Sekretari teknik<\/td>\n<\/tr>\n<tr>\n<td width=\"158\">3251-460<\/td>\n<\/tr>\n<tr>\n<td width=\"158\">3220-165 &#8211; faksi<\/td>\n<\/tr>\n<tr>\n<td width=\"222\"><strong>Kabineti i z\u00ebvend\u00ebs ministrit<\/strong><\/td>\n<td width=\"158\">3251-417<\/td>\n<\/tr>\n<tr>\n<td width=\"222\"><strong>Kabineti i sekretarit shtet\u00ebror<\/strong><\/td>\n<td width=\"158\">3251-423<\/td>\n<\/tr>\n<tr>\n<td width=\"222\"><strong>Drejtoria e Mjedisit Jet\u00ebsor<\/strong><\/td>\n<td width=\"158\">3251-461 &#8211; Sekretari teknik<\/td>\n<\/tr>\n<tr>\n<td rowspan=\"3\" width=\"222\">\u00a0<strong>Sistemi Hap\u00ebsinor Informativ<\/strong><\/td>\n<td width=\"158\">3251-522<\/td>\n<\/tr>\n<tr>\n<td width=\"158\">3251-523<\/td>\n<\/tr>\n<tr>\n<td width=\"158\">3251-509<\/td>\n<\/tr>\n<tr>\n<td width=\"222\">\u00a0<strong>Arkivi i MMJPH\u00a0<\/strong><\/td>\n<td width=\"158\">3251-530<\/td>\n<\/tr>\n<tr>\n<td rowspan=\"2\" width=\"222\">\u00a0<strong>Sektori i Komunikimit me Publikun<\/strong><\/td>\n<td width=\"158\">3251-449<\/td>\n<\/tr>\n<tr>\n<td width=\"158\">3225-237<\/td>\n<\/tr>\n<\/tbody>\n<\/table>\n<hr \/>\n<p><iframe loading=\"lazy\" style=\"border: 0;\" src=\"https:\/\/www.google.com\/maps\/embed?pb=!1m18!1m12!1m3!1d3045.646636707591!2d21.43701035030311!3d41.99578596932011!2m3!1f0!2f0!3f0!3m2!1i1024!2i768!4f13.1!3m3!1m2!1s0x135724fd4a3b402b%3A0x7331e2aae1bf393e!2z0JzQuNC90LjRgdGC0LXRgNGB0YLQstC-INC30LAg0JbQuNCy0L7RgtC90LAg0KHRgNC10LTQuNC90LAg0Lgg0J_RgNC-0YHRgtC-0YDQvdC-INCf0LvQsNC90LjRgNCw0ZrQtQ!5e1!3m2!1smk!2smk!4v1572532530276!5m2!1smk!2smk\" width=\"600\" height=\"450\" frameborder=\"0\" allowfullscreen=\"allowfullscreen\"><\/iframe><\/p>\n<\/p>\n<p><!--more--><\/p>\n<\/p>\n<p><\/p>","protected":false},"excerpt":{"rendered":"<p>Ministria e Mjedisit Jet\u00ebsor dhe Planifikimit Hap\u00ebsinor Sheshi Presveta Bogorodica Nr.3 infoeko@moepp.gov.mk Personi p\u00ebrgjegj\u00ebs p\u00ebr informimin dhe komunikimin me publikun Angelina Jovanoviq Tel. +389 070 267 238 \u0415-posta: a.jovanovik@moepp.gov.mk Personi p\u00ebrgjegj\u00ebs p\u00ebr qasje t\u00eb lir\u00eb n\u00eb informacionet me karakter publik Sasho Sekulovski \u0422el: +389 076 456 716 \u0415-posta: s.sekulovski@moepp.gov.mk \u0422\u0435l\/faksi Kabineti i ministrit 3251-402 &#8211;&#8230; <a class=\"moretag\" href=\"https:\/\/arhiva.moepp.gov.mk\/AL\/domaa\/\">Lexoni me shume  &raquo;<\/a><\/p>\n","protected":false},"author":1,"featured_media":0,"parent":0,"menu_order":529,"comment_status":"closed","ping_status":"closed","template":"","meta":[],"_links":{"self":[{"href":"https:\/\/arhiva.moepp.gov.mk\/AL\/wp-json\/wp\/v2\/pages\/13"}],"collection":[{"href":"https:\/\/arhiva.moepp.gov.mk\/AL\/wp-json\/wp\/v2\/pages"}],"about":[{"href":"https:\/\/arhiva.moepp.gov.mk\/AL\/wp-json\/wp\/v2\/types\/page"}],"author":[{"embeddable":true,"href":"https:\/\/arhiva.moepp.gov.mk\/AL\/wp-json\/wp\/v2\/users\/1"}],"replies":[{"embeddable":true,"href":"https:\/\/arhiva.moepp.gov.mk\/AL\/wp-json\/wp\/v2\/comments?post=13"}],"version-history":[{"count":0,"href":"https:\/\/arhiva.moepp.gov.mk\/AL\/wp-json\/wp\/v2\/pages\/13\/revisions"}],"wp:attachment":[{"href":"https:\/\/arhiva.moepp.gov.mk\/AL\/wp-json\/wp\/v2\/media?parent=13"}],"curies":[{"name":"wp","href":"https:\/\/api.w.org\/{rel}","templated":true}]}}