{"id":11166,"date":"2016-11-04T14:24:06","date_gmt":"2016-11-04T14:24:06","guid":{"rendered":"http:\/\/www.moepp.gov.mk\/?page_id=11166"},"modified":"2024-03-04T11:25:15","modified_gmt":"2024-03-04T10:25:15","slug":"%d0%b8%d0%b7%d0%b2%d0%b5%d1%81%d1%82%d1%83%d0%b2%d0%b0%d1%9a%d0%b0-%d0%b8-%d0%be%d0%b3%d0%bb%d0%b0%d1%81%d0%b8","status":"publish","type":"page","link":"https:\/\/arhiva.moepp.gov.mk\/AL\/%d0%b8%d0%b7%d0%b2%d0%b5%d1%81%d1%82%d1%83%d0%b2%d0%b0%d1%9a%d0%b0-%d0%b8-%d0%be%d0%b3%d0%bb%d0%b0%d1%81%d0%b8\/","title":{"rendered":"."},"content":{"rendered":"<p><\/p>\n<p><p>N\u00eb baz\u00eb t\u00eb nenit 143 t\u00eb Ligjit p\u00ebr menaxhimin e mbeturinave \u201cGazeta Zyrtare e Republik\u00ebs s\u00eb Maqedonis\u00eb s\u00eb Veriut\u201d nr. 216\/2021), Ministria e Mjedisit Jet\u00ebsor dhe Planifikimit Hap\u00ebsinor publikon:<\/p>\n<p><strong>SHPALLJEN P\u00cbR DH\u00cbNIEN E PROVIMIT PROFESIONAL P\u00cbR MENAXHERIN E MBETJEVE<\/strong><\/p>\n<ol>\n<li>\u00c7do kandidat q\u00eb aplikon p\u00ebr shpalljen p\u00ebr t\u00eb dh\u00ebn\u00eb provimin profesional p\u00ebr menaxher mbeturinash duhet t\u00eb plot\u00ebsoj\u00eb k\u00ebto kushte:<\/li>\n<\/ol>\n<p>&#8211;\u00a0\u00a0\u00a0\u00a0\u00a0\u00a0\u00a0\u00a0\u00a0 T\u00eb ket\u00eb vendbanim n\u00eb Republik\u00ebn e Maqedonis\u00eb s\u00eb Veriut;<\/p>\n<p>&#8211;\u00a0\u00a0\u00a0\u00a0\u00a0\u00a0\u00a0\u00a0\u00a0 T\u00eb ket\u00eb t\u00eb p\u00ebrfunduar t\u00eb pakt\u00ebn arsimin e lart\u00eb t\u00eb nivelit VI ose arsimin e lart\u00eb me t\u00eb pakt\u00ebn VII\/1, pra diplom\u00eb me t\u00eb pakt\u00ebn 180 kredite sipas Sistemit Evropian t\u00eb Transferimit t\u00eb Kredive (ECTS);<\/p>\n<p>&#8211;\u00a0\u00a0\u00a0\u00a0\u00a0\u00a0\u00a0\u00a0\u00a0 Me vendim t\u00eb form\u00ebs s\u00eb prer\u00eb, nuk i ndalohet ushtrimi i nj\u00eb profesioni, veprimtarie ose detyre, p\u00ebr sa koh\u00eb q\u00eb zgjasin pasojat e ndalimit dhe<\/p>\n<p>&#8211;\u00a0\u00a0\u00a0\u00a0\u00a0\u00a0\u00a0\u00a0\u00a0 T\u00eb ket\u00eb t\u00eb pakt\u00ebn 3 vjet p\u00ebrvoj\u00eb pune pas diplomimit n\u00eb trajtimin e mbetjeve dhe\/ose mjedisit.<\/p>\n<p>&nbsp;<\/p>\n<ol>\n<li>Kandidati q\u00eb aplikon p\u00ebr shpalljen p\u00ebr dh\u00ebnien e provimit profesional p\u00ebr menaxher \u00a0 \u00a0 \u00a0 mbeturinash duhet t\u00eb dor\u00ebzoj\u00eb k\u00ebto dokumente:<\/li>\n<\/ol>\n<p>&#8211;\u00a0\u00a0\u00a0\u00a0\u00a0\u00a0\u00a0\u00a0\u00a0 K\u00ebrkes\u00eb p\u00ebr dh\u00ebnien e provimit profesional, ku do t\u00eb sh\u00ebnohen qart\u00eb t\u00eb dh\u00ebnat e p\u00ebrgjithshme t\u00eb kandidatit (emri dhe mbiemri, numri i telefonit, e-mail);<\/p>\n<p>&#8211;\u00a0\u00a0\u00a0\u00a0\u00a0\u00a0\u00a0\u00a0\u00a0 Let\u00ebrnjoftim (kopje e inspektimit) \u2013 p\u00ebr t\u00eb v\u00ebrtetuar vendbanimin;<\/p>\n<p>&#8211;\u00a0\u00a0\u00a0\u00a0\u00a0\u00a0\u00a0\u00a0\u00a0 Diplom\u00eb n\u00eb fush\u00ebn p\u00ebrkat\u00ebse (origjinale ose kopje e noterizuar);<\/p>\n<p>&#8211;\u00a0\u00a0\u00a0\u00a0\u00a0\u00a0\u00a0\u00a0\u00a0 D\u00ebshmi p\u00ebr p\u00ebrvoj\u00ebn e pun\u00ebs pas diplomimit n\u00eb trajtimin e mbetjeve dhe\/ose mjedisit;<\/p>\n<p>&#8211;\u00a0\u00a0\u00a0\u00a0\u00a0\u00a0\u00a0\u00a0\u00a0 D\u00ebshmi se me vendim t\u00eb form\u00ebs s\u00eb prer\u00eb nuk i \u00ebsht\u00eb ndaluar kryerja e nj\u00eb profesioni, veprimtarie ose detyre, p\u00ebr sa koh\u00eb q\u00eb zgjasin pasojat e ndalimit.<\/p>\n<p>&#8211;\u00a0\u00a0\u00a0\u00a0\u00a0\u00a0\u00a0\u00a0\u00a0 V\u00ebrtetim p\u00ebr mjetet e paguara si kompenzim p\u00ebr dh\u00ebnien e provimit profesional p\u00ebr menaxher me mbeturina &#8211; Flet\u00ebpagesa PP\/50 n\u00eb vler\u00eb prej 12.000 (dymb\u00ebdhjet\u00eb mij\u00eb) denar\u00eb, e paguar n\u00eb xhiro llogarin\u00eb e Ministris\u00eb s\u00eb Mjedisit Jet\u00ebsor dhe Planifikimit Hap\u00ebsinor, q\u00ebllimi i d\u00ebrges\u00ebs: dh\u00ebnia e provimit p\u00ebr menaxher t\u00eb mbetjeve, llogaria e p\u00ebrdoruesit buxhetor 1210115202 631 10, kodi i t\u00eb ardhurave dhe programi 718112<\/p>\n<p>&nbsp;<\/p>\n<ol>\n<li>Dokumentet e nevojshme dor\u00ebzohen n\u00eb arkivin e Ministris\u00eb s\u00eb Mjedisit Jet\u00ebsor dhe Planifikimit Hap\u00ebsinor, Sheshi Sh\u00ebn Maria nr. 3, kati 2.<\/li>\n<\/ol>\n<p>&nbsp;<\/p>\n<ol>\n<li>Afati i fundit i paraqitjes p\u00ebr t\u00eb dh\u00ebn\u00eb provimin \u00ebsht\u00eb deri m\u00eb 27 shtator 2022.<\/li>\n<\/ol>\n<p>&nbsp;<\/p>\n<ol>\n<li>Pjesa e par\u00eb e provimit \u00ebsht\u00eb caktuar p\u00ebr dat\u00ebn 5 tetor 2022 nga ora 10:00 deri n\u00eb or\u00ebn 15:00, pjesa e dyt\u00eb e provimit \u00ebsht\u00eb caktuar p\u00ebr dat\u00ebn 26 tetor 2022 nga ora 10:00 deri n\u00eb or\u00ebn 15:00.<\/li>\n<li>Programi p\u00ebr dh\u00ebnien e provimit si dhe t\u00eb gjitha materialet gjenden n\u00eb faqen e internetit t\u00eb Ministris\u00eb <a href=\"https:\/\/arhiva.moepp.gov.mk\/\">www.moepp.gov.mk<\/a>.<\/li>\n<\/ol>\n<p><\/p>","protected":false},"excerpt":{"rendered":"<p>N\u00eb baz\u00eb t\u00eb nenit 143 t\u00eb Ligjit p\u00ebr menaxhimin e mbeturinave \u201cGazeta Zyrtare e Republik\u00ebs s\u00eb Maqedonis\u00eb s\u00eb Veriut\u201d nr. 216\/2021), Ministria e Mjedisit Jet\u00ebsor dhe Planifikimit Hap\u00ebsinor publikon: SHPALLJEN P\u00cbR DH\u00cbNIEN E PROVIMIT PROFESIONAL P\u00cbR MENAXHERIN E MBETJEVE \u00c7do kandidat q\u00eb aplikon p\u00ebr shpalljen p\u00ebr t\u00eb dh\u00ebn\u00eb provimin profesional p\u00ebr menaxher mbeturinash duhet t\u00eb&#8230; <a class=\"moretag\" href=\"https:\/\/arhiva.moepp.gov.mk\/AL\/%d0%b8%d0%b7%d0%b2%d0%b5%d1%81%d1%82%d1%83%d0%b2%d0%b0%d1%9a%d0%b0-%d0%b8-%d0%be%d0%b3%d0%bb%d0%b0%d1%81%d0%b8\/\">Lexoni me shume  &raquo;<\/a><\/p>\n","protected":false},"author":2,"featured_media":0,"parent":0,"menu_order":307,"comment_status":"closed","ping_status":"open","template":"","meta":[],"_links":{"self":[{"href":"https:\/\/arhiva.moepp.gov.mk\/AL\/wp-json\/wp\/v2\/pages\/11166"}],"collection":[{"href":"https:\/\/arhiva.moepp.gov.mk\/AL\/wp-json\/wp\/v2\/pages"}],"about":[{"href":"https:\/\/arhiva.moepp.gov.mk\/AL\/wp-json\/wp\/v2\/types\/page"}],"author":[{"embeddable":true,"href":"https:\/\/arhiva.moepp.gov.mk\/AL\/wp-json\/wp\/v2\/users\/2"}],"replies":[{"embeddable":true,"href":"https:\/\/arhiva.moepp.gov.mk\/AL\/wp-json\/wp\/v2\/comments?post=11166"}],"version-history":[{"count":0,"href":"https:\/\/arhiva.moepp.gov.mk\/AL\/wp-json\/wp\/v2\/pages\/11166\/revisions"}],"wp:attachment":[{"href":"https:\/\/arhiva.moepp.gov.mk\/AL\/wp-json\/wp\/v2\/media?parent=11166"}],"curies":[{"name":"wp","href":"https:\/\/api.w.org\/{rel}","templated":true}]}}