{"id":11081,"date":"2023-05-03T08:53:55","date_gmt":"2023-05-03T07:53:55","guid":{"rendered":"http:\/\/www.moepp.gov.mk\/?page_id=11081"},"modified":"2024-07-13T03:06:22","modified_gmt":"2024-07-13T02:06:22","slug":"%d0%be%d0%b3%d0%bb%d0%b0%d1%81%d0%b8","status":"publish","type":"page","link":"https:\/\/arhiva.moepp.gov.mk\/AL\/%d1%98%d0%b0%d0%b2%d0%bd%d0%b8-%d0%be%d0%b1%d1%98%d0%b0%d0%b2%d0%b8\/%d0%be%d0%b3%d0%bb%d0%b0%d1%81%d0%b8\/","title":{"rendered":"SHPALLJE"},"content":{"rendered":"<p><\/p>\n<p><!--StartFragment--><div class=\"su-spoiler su-spoiler-style-fancy su-spoiler-icon-chevron su-spoiler-closed\" data-scroll-offset=\"0\" data-anchor-in-url=\"no\"><div class=\"su-spoiler-title\" tabindex=\"0\" role=\"button\"><span class=\"su-spoiler-icon\"><\/span>SHPALLJE 2024<\/div><div class=\"su-spoiler-content su-u-clearfix su-u-trim\"><!--EndFragment--><\/p>\n<p><!--StartFragment--><div class=\"su-spoiler su-spoiler-style-fancy su-spoiler-icon-chevron su-spoiler-closed\" data-scroll-offset=\"0\" data-anchor-in-url=\"no\"><div class=\"su-spoiler-title\" tabindex=\"0\" role=\"button\"><span class=\"su-spoiler-icon\"><\/span>SHPALLJE PUBLIKE NUM\u00cbR 1\/2024<\/div><div class=\"su-spoiler-content su-u-clearfix su-u-trim\"><!--EndFragment--><\/p>\n<p><a href=\"https:\/\/arhiva.moepp.gov.mk\/wp-content\/uploads\/2024\/07\/\u0408\u0430\u0432\u0435\u043d-\u043e\u0433\u043b\u0430\u0441-1-2024-\u0430\u043b\u0431..docx\">SHPALLJE PUBLIKE NUM\u00cbR 1\/2024 p\u00ebr pun\u00ebsimin e 2 (dy) k\u00ebshilltar\u00ebve t\u00eb posa\u00e7\u00ebm n\u00eb kabinetin e Ministrit t\u00eb Mjedisit Jet\u00ebsor dhe Planifikimit Hap\u00ebsinor p\u00ebr nj\u00eb periudh\u00eb t\u00eb caktuar kohore<\/a><\/p>\n<\/div><\/div>\n<div class=\"su-spoiler su-spoiler-style-fancy su-spoiler-icon-chevron su-spoiler-closed\" data-scroll-offset=\"0\" data-anchor-in-url=\"no\"><div class=\"su-spoiler-title\" tabindex=\"0\" role=\"button\"><span class=\"su-spoiler-icon\"><\/span>Thirrje publike p\u00ebr shprehjen e interesit p\u00ebr sh\u00ebrbime konsultative p\u00ebr Projektin 17.11.2023<\/div><div class=\"su-spoiler-content su-u-clearfix su-u-trim\"><\/div><\/div>\n<p><a href=\"https:\/\/arhiva.moepp.gov.mk\/wp-content\/uploads\/2023\/05\/koha-17.11.23.pdf\" target=\"_blank\">Thirrje publike p\u00ebr shprehjen e interesit p\u00ebr sh\u00ebrbime konsultative p\u00ebr Projektin \u201cP\u00ebrmir\u00ebsimi i infrastruktur\u00ebs ujore t\u00eb komunave n\u00eb Maqedonin\u00eb e Veriut\u201d<\/a><\/p>\n<\/div><\/div>\n<div class=\"su-spoiler su-spoiler-style-fancy su-spoiler-icon-chevron su-spoiler-closed\" data-scroll-offset=\"0\" data-anchor-in-url=\"no\"><div class=\"su-spoiler-title\" tabindex=\"0\" role=\"button\"><span class=\"su-spoiler-icon\"><\/span>Thirrje publike p\u00ebr shprehjen e interesit p\u00ebr sh\u00ebrbime konsultative p\u00ebr Projektin 2023<\/div><div class=\"su-spoiler-content su-u-clearfix su-u-trim\">\n<p><a href=\"https:\/\/arhiva.moepp.gov.mk\/wp-content\/uploads\/2023\/07\/javen-povik-alb-vodi.pdf\" target=\"_blank\">Thirrje publike p\u00ebr shprehjen e interesit p\u00ebr sh\u00ebrbime konsultative p\u00ebr Projektin \u201cP\u00ebrmir\u00ebsimi i infrastruktur\u00ebs ujore t\u00eb komunave n\u00eb Maqedonin\u00eb e Veriut\u201d<\/a><\/p>\n<p><a href=\"https:\/\/arhiva.moepp.gov.mk\/wp-content\/uploads\/2023\/07\/Javen-povik-Alb-Otpad-21.07.23-1.pdf\" target=\"_blank\">Thirrje publike p\u00ebr shprehjen e interesit p\u00ebr sh\u00ebrbime konsultative p\u00ebr Projektin \u201dProjekti Rajonal i Mbeturinave t\u00eb Ngurta&#8221;<\/a><\/p>\n<\/div><\/div>\n<p><!--StartFragment--><div class=\"su-spoiler su-spoiler-style-fancy su-spoiler-icon-chevron su-spoiler-closed\" data-scroll-offset=\"0\" data-anchor-in-url=\"no\"><div class=\"su-spoiler-title\" tabindex=\"0\" role=\"button\"><span class=\"su-spoiler-icon\"><\/span>SHPALLJE 2023<\/div><div class=\"su-spoiler-content su-u-clearfix su-u-trim\"><!--EndFragment--><\/p>\n<div class=\"su-spoiler su-spoiler-style-fancy su-spoiler-icon-chevron su-spoiler-closed\" data-scroll-offset=\"0\" data-anchor-in-url=\"no\"><div class=\"su-spoiler-title\" tabindex=\"0\" role=\"button\"><span class=\"su-spoiler-icon\"><\/span>SHPALLJE 5\/2023<\/div><div class=\"su-spoiler-content su-u-clearfix su-u-trim\">\n<p><a href=\"https:\/\/arhiva.moepp.gov.mk\/wp-content\/uploads\/2023\/05\/Oglas-5-ALB-proektni-edinici-19.07.23.pdf\" target=\"_blank\">(19.07.2023),\u00a0SHPALLJE PUBLIKE NUM\u00cbR- 5\/2023 p\u00ebr pun\u00ebsimin e (7) shtat\u00eb p\u00ebrmbaruesve p\u00ebr nj\u00eb koh\u00eb t\u00eb caktuar p\u00ebr periudh\u00ebn deri m\u00eb 31.12.2023 n\u00eb\u00a0\u00a0Nj\u00ebsit\u00eb\u00a0 Projekteve\u00a0\u00a0t\u00eb\u00a0Mjedisit Jet\u00ebsor dhe Planifikimit Hap\u00ebsinor<\/a><\/p>\n<\/div><\/div>\n<div class=\"su-spoiler su-spoiler-style-fancy su-spoiler-icon-chevron su-spoiler-closed\" data-scroll-offset=\"0\" data-anchor-in-url=\"no\"><div class=\"su-spoiler-title\" tabindex=\"0\" role=\"button\"><span class=\"su-spoiler-icon\"><\/span>SHPALLJE 4\/2023<\/div><div class=\"su-spoiler-content su-u-clearfix su-u-trim\">\n<p><a href=\"https:\/\/arhiva.moepp.gov.mk\/wp-content\/uploads\/2023\/05\/oglas-4-2023-ALB.pdf\" target=\"_blank\">SHPALLJEN PUBLIKE NUM\u00cbR &#8211; 4\/2023\u00a0p\u00ebr pun\u00ebsimin e 1 (nj\u00eb) k\u00ebshilltarit t\u00eb posa\u00e7\u00ebm n\u00eb zyr\u00ebn e ministrit t\u00eb Mjedisit Jet\u00ebsor dhe Planifikimit Hap\u00ebsinor p\u00ebr nj\u00eb koh\u00eb t\u00eb caktuar<\/a><\/p>\n<\/div><\/div>\n<div class=\"su-spoiler su-spoiler-style-fancy su-spoiler-icon-chevron su-spoiler-closed\" data-scroll-offset=\"0\" data-anchor-in-url=\"no\"><div class=\"su-spoiler-title\" tabindex=\"0\" role=\"button\"><span class=\"su-spoiler-icon\"><\/span>SHPALLJE 1\/2023<\/div><div class=\"su-spoiler-content su-u-clearfix su-u-trim\">\n<p><a href=\"https:\/\/arhiva.moepp.gov.mk\/wp-content\/uploads\/2023\/01\/javen-oglas-za-opredeleno-1-2023-shqip.docx\">SHPALLJEN PUBLIKE NUM\u00cbR &#8211; 1\/2023 P\u00ebr pun\u00ebsimin e (5) pes\u00eb p\u00ebrmbaruesve p\u00ebr nj\u00eb koh\u00eb t\u00eb caktuar p\u00ebr periudh\u00ebn deri m\u00eb 31.12.2023 n\u00eb Ministrin\u00eb e Mjedisit Jet\u00ebsor dhe Planifikimit Hap\u00ebsinor<\/a><\/p>\n<\/div><\/div>\n<\/div><\/div>\n<div class=\"su-spoiler su-spoiler-style-fancy su-spoiler-icon-chevron su-spoiler-closed\" data-scroll-offset=\"0\" data-anchor-in-url=\"no\"><div class=\"su-spoiler-title\" tabindex=\"0\" role=\"button\"><span class=\"su-spoiler-icon\"><\/span>SHPALLJEN PUBLIKE NUM\u00cbR- 2\/2021<\/div><div class=\"su-spoiler-content su-u-clearfix su-u-trim\">\n<p><a href=\"https:\/\/arhiva.moepp.gov.mk\/wp-content\/uploads\/2020\/10\/ispravka-alb-oglas-2-od-17.02.21.pdf\" target=\"_blank\">Korrigjimi i shpalljes publikenr.2\/2021<\/a><\/p>\n<p><a href=\"https:\/\/arhiva.moepp.gov.mk\/wp-content\/uploads\/2021\/02\/Ja\u0432\u0435\u043d-\u043e\u0433\u043b\u0430\u0441-\u0431\u0440.2-2021-alb.pdf\" target=\"_blank\">SHPALLJEN PUBLIKE NUM\u00cbR- 2\/2021<\/a><\/p>\n<\/div><\/div>\n<div class=\"su-spoiler su-spoiler-style-fancy su-spoiler-icon-chevron su-spoiler-closed\" data-scroll-offset=\"0\" data-anchor-in-url=\"no\"><div class=\"su-spoiler-title\" tabindex=\"0\" role=\"button\"><span class=\"su-spoiler-icon\"><\/span>SHPALLJEN PUBLIKE NUM\u00cbR- 1\/2021<\/div><div class=\"su-spoiler-content su-u-clearfix su-u-trim\">\n<p><a href=\"https:\/\/arhiva.moepp.gov.mk\/wp-content\/uploads\/2021\/01\/javen-oglas-za-opredeleno-2021-al.pdf\" target=\"_blank\">SHPALLJEN PUBLIKE NUM\u00cbR- 1\/2021<\/a><\/p>\n<\/div><\/div>\n<div class=\"su-spoiler su-spoiler-style-fancy su-spoiler-icon-chevron su-spoiler-closed\" data-scroll-offset=\"0\" data-anchor-in-url=\"no\"><div class=\"su-spoiler-title\" tabindex=\"0\" role=\"button\"><span class=\"su-spoiler-icon\"><\/span>SHPALLJEN PUBLIKE NUM\u00cbR- 6\/2020<\/div><div class=\"su-spoiler-content su-u-clearfix su-u-trim\">\n<p><a href=\"https:\/\/arhiva.moepp.gov.mk\/wp-content\/uploads\/2020\/12\/Oglas-6-2020-Al.pdf\" target=\"_blank\">SHPALLJEN PUBLIKE NUM\u00cbR- 6\/2020<\/a><\/p>\n<\/div><\/div>\n<div class=\"su-spoiler su-spoiler-style-fancy su-spoiler-icon-chevron su-spoiler-closed\" data-scroll-offset=\"0\" data-anchor-in-url=\"no\"><div class=\"su-spoiler-title\" tabindex=\"0\" role=\"button\"><span class=\"su-spoiler-icon\"><\/span>SHPALLJE P\u00cbR ANGAZHIM T\u00cb P\u00cbRKOHSH\u00cbM 4\/2020<\/div><div class=\"su-spoiler-content su-u-clearfix su-u-trim\">\n<p><a href=\"https:\/\/arhiva.moepp.gov.mk\/wp-content\/uploads\/2016\/10\/Oglas_br.4_alb.pdf\" target=\"_blank\">SHPALLJE P\u00cbR ANGAZHIM T\u00cb P\u00cbRKOHSH\u00cbM Nr.4\/2020<\/a><\/p>\n<\/div><\/div>\n<div class=\"su-spoiler su-spoiler-style-fancy su-spoiler-icon-chevron su-spoiler-closed\" data-scroll-offset=\"0\" data-anchor-in-url=\"no\"><div class=\"su-spoiler-title\" tabindex=\"0\" role=\"button\"><span class=\"su-spoiler-icon\"><\/span>SHPALLJE 24.10.2018<\/div><div class=\"su-spoiler-content su-u-clearfix su-u-trim\">\n<p><a href=\"https:\/\/arhiva.moepp.gov.mk\/wp-content\/uploads\/2016\/10\/Oglas-Otpad.alb_.doc\" target=\"_blank\">SHPALLJE 1<\/a><\/p>\n<p><a href=\"https:\/\/arhiva.moepp.gov.mk\/wp-content\/uploads\/2016\/10\/Oglas-CEA.alb_.doc\" target=\"_blank\">SHPALLJE 2<\/a><\/p>\n<p><a href=\"https:\/\/arhiva.moepp.gov.mk\/wp-content\/uploads\/2016\/10\/Oglas-EEA.alb_.doc\" target=\"_blank\">SHPALLJE 3<\/a><\/p>\n<\/div><\/div>\n<p><a href=\"https:\/\/arhiva.moepp.gov.mk\/wp-content\/uploads\/2016\/10\/Oglas_br.1_2016_alb.pdf\" target=\"_blank\">Shpallje nr.1<\/a> - P\u00ebr pun\u00ebsimin e tet\u00eb p\u00ebrmaruesve n\u00eb koh\u00eb t\u00eb caktuar n\u00eb Nj\u00ebsin\u00eb projektuese p\u00ebr zbatimin e projektit \"Rind\u00ebrti dhe zgjerimi i rrjetit t\u00eb kanalizimit dhe nd\u00ebrtimi i stacionit p\u00ebr trajtimin e uj\u00ebrave t\u00eb zeza\"<\/p>\n<p>&nbsp;<\/p>\n<p><\/p>","protected":false},"excerpt":{"rendered":"<p>Shpallje nr.1 &#8211; P\u00ebr pun\u00ebsimin e tet\u00eb p\u00ebrmaruesve n\u00eb koh\u00eb t\u00eb caktuar n\u00eb Nj\u00ebsin\u00eb projektuese p\u00ebr zbatimin e projektit &#8220;Rind\u00ebrti dhe zgjerimi i rrjetit t\u00eb kanalizimit dhe nd\u00ebrtimi i stacionit p\u00ebr trajtimin e uj\u00ebrave t\u00eb zeza&#8221; &nbsp;<\/p>\n","protected":false},"author":2,"featured_media":0,"parent":101,"menu_order":122,"comment_status":"closed","ping_status":"open","template":"","meta":[],"_links":{"self":[{"href":"https:\/\/arhiva.moepp.gov.mk\/AL\/wp-json\/wp\/v2\/pages\/11081"}],"collection":[{"href":"https:\/\/arhiva.moepp.gov.mk\/AL\/wp-json\/wp\/v2\/pages"}],"about":[{"href":"https:\/\/arhiva.moepp.gov.mk\/AL\/wp-json\/wp\/v2\/types\/page"}],"author":[{"embeddable":true,"href":"https:\/\/arhiva.moepp.gov.mk\/AL\/wp-json\/wp\/v2\/users\/2"}],"replies":[{"embeddable":true,"href":"https:\/\/arhiva.moepp.gov.mk\/AL\/wp-json\/wp\/v2\/comments?post=11081"}],"version-history":[{"count":0,"href":"https:\/\/arhiva.moepp.gov.mk\/AL\/wp-json\/wp\/v2\/pages\/11081\/revisions"}],"up":[{"embeddable":true,"href":"https:\/\/arhiva.moepp.gov.mk\/AL\/wp-json\/wp\/v2\/pages\/101"}],"wp:attachment":[{"href":"https:\/\/arhiva.moepp.gov.mk\/AL\/wp-json\/wp\/v2\/media?parent=11081"}],"curies":[{"name":"wp","href":"https:\/\/api.w.org\/{rel}","templated":true}]}}