{"id":1102,"date":"2014-10-29T14:14:21","date_gmt":"2014-10-29T14:14:21","guid":{"rendered":"http:\/\/www.moepp.gov.mk\/?page_id=1102"},"modified":"2024-03-15T02:51:24","modified_gmt":"2024-03-15T01:51:24","slug":"%d0%bc%d0%b8%d0%bd%d0%b8%d1%81%d1%82%d0%b5%d1%80%d1%81%d1%82%d0%b2%d0%be","status":"publish","type":"page","link":"https:\/\/arhiva.moepp.gov.mk\/AL\/%d0%bc%d0%b8%d0%bd%d0%b8%d1%81%d1%82%d0%b5%d1%80%d1%81%d1%82%d0%b2%d0%be\/","title":{"rendered":"Ministria"},"content":{"rendered":"<p><\/p>\n<p><p>&nbsp;<\/p>\n<table>\n<tbody>\n<tr>\n<td>&nbsp;<\/p>\n<p><a href=\"https:\/\/arhiva.moepp.gov.mk\/?page_id=1598&amp;lang=AL\">Naser Nuredini<\/a><\/p>\n<p>&nbsp;<\/td>\n<\/tr>\n<tr>\n<td>&nbsp;<\/p>\n<p><a style=\"line-height: 5px;\" href=\"#\"> Politika p\u00ebr cil\u00ebsi<\/a><\/td>\n<\/tr>\n<tr>\n<td>&nbsp;<\/p>\n<p><a style=\"line-height: 5px;\" href=\"#\">Dokumentet<\/a><\/td>\n<\/tr>\n<tr>\n<td>&nbsp;<\/p>\n<p><a style=\"line-height: 5px;\" href=\"#\">Dokumentet n\u00eb fush\u00ebn e financave<\/a><\/td>\n<\/tr>\n<tr>\n<td>&nbsp;<\/p>\n<p><a style=\"line-height: 5px;\" href=\"#\">Ish ministrat<\/a><\/td>\n<\/tr>\n<\/tbody>\n<\/table>\n<hr \/>\n<p>&nbsp;<\/p>\n<table>\n<tbody>\n<tr>\n<td><a href=\"#\">Z\u00ebvend\u00ebs Minist\u00ebr<\/a><\/p>\n<div style=\"text-align: left;\">\n<p>&nbsp;<\/p>\n<p>Hristina Odzaklieska<\/p>\n<\/div>\n<\/td>\n<\/tr>\n<tr>\n<td><\/td>\n<\/tr>\n<tr>\n<td><a href=\"#\">Sekretari i Shtet\u00ebror<\/a><\/p>\n<div style=\"text-align: left;\">\n<p>&nbsp;<\/p>\n<p>Kaja Shukova<\/p>\n<\/div>\n<\/td>\n<\/tr>\n<\/tbody>\n<\/table>\n<hr \/>\n<p><strong>Organet n\u00eb p\u00ebrb\u00ebrje<\/strong><\/p>\n<table>\n<tbody>\n<tr>\n<td>\n<div style=\"text-align: left;\">\n<p><a href=\"#\"><span style=\"font-size: small;\">Zyra e Mjedisit<\/span><\/a><span style=\"font-size: xx-small;\"><a href=\"#\">\u0414\u0438\u0440\u0435\u043a\u0442\u043e\u0440, <\/a>Xhezmi Saliu<\/span><\/p>\n<\/div>\n<\/td>\n<\/tr>\n<tr>\n<td>\n<div style=\"text-align: left;\"><a href=\"https:\/\/arhiva.moepp.gov.mk\/?page_id=3609&amp;lang=AL\"><span style=\"font-size: small;\">Sektori i Mjedisit Jet\u00ebsor<\/span><\/a><span style=\"font-size: xx-small;\">Biljana Petkoska<\/span><\/div>\n<\/td>\n<\/tr>\n<tr>\n<td>\n<div style=\"text-align: left;\"><a href=\"https:\/\/arhiva.moepp.gov.mk\/?page_id=4194&amp;lang=AL\"><span style=\"font-size: small;\">Sektori i Ndotjes Industriale dhe Menaxhimit me Rreziqet<\/span>Nazim Aliti<\/a><\/div>\n<\/td>\n<\/tr>\n<tr>\n<td>\n<div style=\"text-align: left;\"><a href=\"https:\/\/arhiva.moepp.gov.mk\/?page_id=3413&amp;lang=AL\"><span style=\"font-size: small;\">Sektori i natyres<\/span><\/a><span style=\"font-size: xx-small;\">Vlatko Trpeski<\/span><\/div>\n<\/td>\n<\/tr>\n<tr>\n<td>\n<div style=\"text-align: left;\">\n<p><a href=\"https:\/\/arhiva.moepp.gov.mk\/?page_id=3967&amp;lang=AL\"><span style=\"font-size: small;\">Sektori i Uj\u00ebrave<\/span><\/a><span style=\"font-size: xx-small;\">Ilber Mirta<\/span><\/p>\n<\/div>\n<\/td>\n<\/tr>\n<tr>\n<td>\n<div style=\"text-align: left;\"><a href=\"https:\/\/arhiva.moepp.gov.mk\/?page_id=2687&amp;lang=AL\"><span style=\"font-size: small;\">Sektori i Mbeturin\u00ebs<\/span><\/a><span style=\"font-size: xx-small;\">\u0410na Mazneva Karanfilovska<\/span><\/div>\n<\/td>\n<\/tr>\n<tr>\n<td>\n<div style=\"text-align: left;\"><a href=\"#\"><span style=\"font-size: small;\">SIH &#8211; Sistemi Informativ Hap\u00ebsinor<\/span><\/a><span style=\"font-size: xx-small;\"><a href=\"#\">\u0414\u0438\u0440\u0435\u043a\u0442\u043e\u0440, <\/a>Iljami Isejni<\/span><\/div>\n<\/td>\n<\/tr>\n<tr>\n<td style=\"pointer-events: none; line-height: 8px;\">&nbsp;<\/p>\n<p>&nbsp;<\/p>\n<div style=\"text-align: left; text-transform: uppercase; color: #346f83; pointer-events: none; font-weight: bold;\">\n<p>K\u00cbSHILLTAR SHTET\u00cbROR<\/p>\n<\/div>\n<\/td>\n<\/tr>\n<tr>\n<td>\n<div style=\"text-align: left;\">\n<p><a href=\"#\"><span style=\"font-size: small;\">Puna financiare<\/span><\/a><\/p>\n<p><span style=\"font-size: xx-small;\">Vesna Petrushevska<\/span><\/p>\n<\/div>\n<\/td>\n<\/tr>\n<tr>\n<td>\n<div style=\"text-align: left;\">\n<p><a href=\"#\"><span style=\"font-size: small;\">Pun\u00eb juridike<\/span><\/a><\/p>\n<p><span style=\"font-size: xx-small;\">Todor Gjorgovski<\/span><\/p>\n<\/div>\n<\/td>\n<\/tr>\n<tr>\n<td>\n<div style=\"text-align: left;\">\n<p><a href=\"#\"><span style=\"font-size: small;\">Ndryshime Klimatike<\/span><\/a><\/p>\n<p><span style=\"font-size: xx-small;\">Teodora Obradovikj Grncharovska<\/span><\/p>\n<\/div>\n<\/td>\n<\/tr>\n<tr>\n<td>\n<div style=\"text-align: left;\">\n<p><a href=\"#\"><span style=\"font-size: small;\">Ndotja Industriale dhe Menaxhimi me Rrezikun<\/span><\/a><\/p>\n<p><span style=\"font-size: xx-small;\">Lendita Dika<\/span><\/p>\n<\/div>\n<\/td>\n<\/tr>\n<tr>\n<td>\n<div style=\"text-align: left;\"><a href=\"#\"><span style=\"font-size: small;\">Uj\u00ebrat dhe realizimi i objekteve investuese<\/span><\/a><\/div>\n<\/td>\n<\/tr>\n<\/tbody>\n<\/table>\n<hr \/>\n<p>Sektoret<\/p>\n<table>\n<tbody>\n<tr>\n<td>\n<div style=\"text-align: left;\">\n<p><a href=\"https:\/\/arhiva.moepp.gov.mk\/?page_id=4072&amp;lang=AL\"><span style=\"font-size: small;\">Sektori i \u00c7\u00ebshtjeve Financiare<\/span><\/a><\/p>\n<p><span style=\"font-size: xx-small;\">Marjan Krstevski<\/span><\/p>\n<\/div>\n<\/td>\n<\/tr>\n<tr>\n<td>\n<div style=\"text-align: left;\">\n<p><a href=\"https:\/\/arhiva.moepp.gov.mk\/?page_id=3500&amp;lang=AL\"><span style=\"font-size: small;\">Sektori p\u00ebr koordinimin e pun\u00ebs s\u00eb ministrit<\/span><\/a><\/p>\n<p><span style=\"font-size: xx-small;\">Jasmina Petkovska<\/span><\/p>\n<\/div>\n<\/td>\n<\/tr>\n<tr>\n<td>\n<div style=\"text-align: left;\">\n<p><a href=\"https:\/\/arhiva.moepp.gov.mk\/?page_id=1140&amp;lang=AL\"><span style=\"font-size: small;\">Sektori \u2013 Qendra informative e Maqedonis\u00eb p\u00ebr mjedisin jet\u00ebsor<\/span><\/a><\/p>\n<p><span style=\"font-size: xx-small;\">Svetlana Gjorgjeva<\/span><\/p>\n<\/div>\n<\/td>\n<\/tr>\n<tr>\n<td>\n<div style=\"text-align: left;\">\n<p><a href=\"https:\/\/arhiva.moepp.gov.mk\/?page_id=3512&amp;lang=AL\"><span style=\"font-size: small;\">Sektori i Planifikimit Hap\u00ebsinor<\/span><\/a><\/p>\n<p><span style=\"font-size: xx-small;\">Nebi Rexhepi<\/span><\/p>\n<\/div>\n<\/td>\n<\/tr>\n<tr>\n<td>\n<div style=\"text-align: left;\">\n<p><a href=\"https:\/\/arhiva.moepp.gov.mk\/?page_id=3461&amp;lang=AL\"><span style=\"font-size: small;\">Sektori i Zhvillimit t\u00eb Q\u00ebndruesh\u00ebm dhe Investimeve<\/span><\/a><\/p>\n<p><span style=\"font-size: xx-small;\">Kaja Shukova<\/span><\/p>\n<\/div>\n<\/td>\n<\/tr>\n<tr>\n<td>\n<div style=\"text-align: left;\">\n<p><a href=\"#\"><span style=\"font-size: small;\">Sektori i Unionit Evropian<\/span><\/a><\/p>\n<p>Lindita Shakiri<\/p>\n<\/div>\n<\/td>\n<\/tr>\n<tr>\n<td>\n<div style=\"text-align: left;\">\n<p><a href=\"https:\/\/arhiva.moepp.gov.mk\/?page_id=3395&amp;lang=AL\"><span style=\"font-size: small;\">Sektori i puneve tw pergjithshme<\/span><\/a><\/p>\n<p><span style=\"font-size: xx-small;\">Biljana Tesheva Gjorgjievska<\/span><\/p>\n<\/div>\n<\/td>\n<\/tr>\n<tr>\n<td>\n<div style=\"text-align: left;\">\n<p><a href=\"#\"><span style=\"font-size: small;\">Sektori i Bashk\u00ebpunimit me Vetqeverisjen Lokale dhe Pun\u00ebt Administrative Mbikqyr\u00ebse<\/span><\/a><\/p>\n<p>&nbsp;<\/p>\n<\/div>\n<\/td>\n<\/tr>\n<\/tbody>\n<\/table>\n<p><\/p>","protected":false},"excerpt":{"rendered":"<p>&nbsp; &nbsp; Naser Nuredini &nbsp; &nbsp; Politika p\u00ebr cil\u00ebsi &nbsp; Dokumentet &nbsp; Dokumentet n\u00eb fush\u00ebn e financave &nbsp; Ish ministrat &nbsp; Z\u00ebvend\u00ebs Minist\u00ebr &nbsp; Hristina Odzaklieska Sekretari i Shtet\u00ebror &nbsp; Kaja Shukova Organet n\u00eb p\u00ebrb\u00ebrje Zyra e Mjedisit\u0414\u0438\u0440\u0435\u043a\u0442\u043e\u0440, Xhezmi Saliu Sektori i Mjedisit Jet\u00ebsorBiljana Petkoska Sektori i Ndotjes Industriale dhe Menaxhimit me RreziqetNazim Aliti Sektori&#8230; <a class=\"moretag\" href=\"https:\/\/arhiva.moepp.gov.mk\/AL\/%d0%bc%d0%b8%d0%bd%d0%b8%d1%81%d1%82%d0%b5%d1%80%d1%81%d1%82%d0%b2%d0%be\/\">Lexoni me shume  &raquo;<\/a><\/p>\n","protected":false},"author":1,"featured_media":0,"parent":0,"menu_order":494,"comment_status":"closed","ping_status":"open","template":"","meta":[],"_links":{"self":[{"href":"https:\/\/arhiva.moepp.gov.mk\/AL\/wp-json\/wp\/v2\/pages\/1102"}],"collection":[{"href":"https:\/\/arhiva.moepp.gov.mk\/AL\/wp-json\/wp\/v2\/pages"}],"about":[{"href":"https:\/\/arhiva.moepp.gov.mk\/AL\/wp-json\/wp\/v2\/types\/page"}],"author":[{"embeddable":true,"href":"https:\/\/arhiva.moepp.gov.mk\/AL\/wp-json\/wp\/v2\/users\/1"}],"replies":[{"embeddable":true,"href":"https:\/\/arhiva.moepp.gov.mk\/AL\/wp-json\/wp\/v2\/comments?post=1102"}],"version-history":[{"count":0,"href":"https:\/\/arhiva.moepp.gov.mk\/AL\/wp-json\/wp\/v2\/pages\/1102\/revisions"}],"wp:attachment":[{"href":"https:\/\/arhiva.moepp.gov.mk\/AL\/wp-json\/wp\/v2\/media?parent=1102"}],"curies":[{"name":"wp","href":"https:\/\/api.w.org\/{rel}","templated":true}]}}