{"id":1091,"date":"2014-10-29T10:45:04","date_gmt":"2014-10-29T10:45:04","guid":{"rendered":"http:\/\/www.moepp.gov.mk\/?page_id=1091"},"modified":"2024-07-22T07:42:24","modified_gmt":"2024-07-22T06:42:24","slug":"%d1%81%d0%bb%d0%be%d0%b1%d0%be%d0%b4%d0%b5%d0%bd-%d0%bf%d1%80%d0%b8%d1%81%d1%82%d0%b0%d0%bf-%d0%b4%d0%be-%d0%b8%d0%bd%d1%84%d0%be%d1%80%d0%bc%d0%b0%d1%86%d0%b8%d0%b8","status":"publish","type":"page","link":"https:\/\/arhiva.moepp.gov.mk\/AL\/%d1%81%d0%b5%d1%80%d0%b2%d0%b8%d1%81%d0%b8\/%d1%81%d0%bb%d0%be%d0%b1%d0%be%d0%b4%d0%b5%d0%bd-%d0%bf%d1%80%d0%b8%d1%81%d1%82%d0%b0%d0%bf-%d0%b4%d0%be-%d0%b8%d0%bd%d1%84%d0%be%d1%80%d0%bc%d0%b0%d1%86%d0%b8%d0%b8\/","title":{"rendered":"Qasje e lir\u00eb e informatave"},"content":{"rendered":"<p><\/p>\n<p><p><a href=\"https:\/\/arhiva.moepp.gov.mk\/wp-content\/uploads\/2014\/10\/upatstvo%20za%20sloboden%20pristap.pdf\"><strong>Vendimi<\/strong> p\u00ebr shpalljen e List\u00ebs s\u00eb subjekteve t\u00eb cil\u00ebt posedojn\u00eb ose p\u00ebr t\u00eb cil\u00ebt posedohen informacione p\u00ebr mjedisin <\/a><\/p>\n<p><strong><a href=\"https:\/\/arhiva.moepp.gov.mk\/wp-content\/uploads\/2014\/10\/upatstvo%20za%20sloboden%20pristap.pdf\">Lista e subjekteve t\u00eb cil\u00ebt posedojn\u00eb ose p\u00ebr t\u00eb cil\u00ebt posedohen informacione q\u00eb kan\u00eb t\u00eb b\u00ebjn\u00eb me mjedisin <\/a><\/strong><\/p>\n<p><a href=\"https:\/\/arhiva.moepp.gov.mk\/wp-content\/uploads\/2014\/10\/upatstvo%20za%20sloboden%20pristap.pdf\">Udh\u00ebzimi p\u00ebr qasje t\u00eb lir\u00eb <\/a><\/p>\n<p><a href=\"https:\/\/arhiva.moepp.gov.mk\/wp-content\/uploads\/2014\/10\/%D0%9E%D0%B1%D1%80%D0%B0%D0%B7%D0%B5%D1%86-%D0%B7%D0%B0-%D0%91%D0%B0%D1%80%D0%B0%D1%9A%D0%B5-%D0%B7%D0%B0-%D0%BF%D1%80%D0%B8%D1%81%D1%82%D0%B0%D0%BF-%D0%B4%D0%BE-%D0%B8%D0%BD%D1%84%D0%BE%D1%80%D1%80%D0%BC%D0%B0%D1%86%D0%B8%D0%B8-%D0%BE%D0%B4-%D1%98%D0%B0%D0%B2%D0%B5%D0%BD-%D0%BA%D0%B0%D1%80%D0%B0%D0%BA%D1%82%D0%B5%D1%80.doc\">Formular\u00eb p\u00ebr K\u00ebrkes\u00eb p\u00ebr qasje t\u00eb informatave me karakret publik <\/a><\/p>\n<\/p>\n<p><\/p>","protected":false},"excerpt":{"rendered":"<p>Vendimi p\u00ebr shpalljen e List\u00ebs s\u00eb subjekteve t\u00eb cil\u00ebt posedojn\u00eb ose p\u00ebr t\u00eb cil\u00ebt posedohen informacione p\u00ebr mjedisin Lista e subjekteve t\u00eb cil\u00ebt posedojn\u00eb ose p\u00ebr t\u00eb cil\u00ebt posedohen informacione q\u00eb kan\u00eb t\u00eb b\u00ebjn\u00eb me mjedisin Udh\u00ebzimi p\u00ebr qasje t\u00eb lir\u00eb Formular\u00eb p\u00ebr K\u00ebrkes\u00eb p\u00ebr qasje t\u00eb informatave me karakret publik<\/p>\n","protected":false},"author":1,"featured_media":0,"parent":99,"menu_order":502,"comment_status":"closed","ping_status":"open","template":"","meta":[],"_links":{"self":[{"href":"https:\/\/arhiva.moepp.gov.mk\/AL\/wp-json\/wp\/v2\/pages\/1091"}],"collection":[{"href":"https:\/\/arhiva.moepp.gov.mk\/AL\/wp-json\/wp\/v2\/pages"}],"about":[{"href":"https:\/\/arhiva.moepp.gov.mk\/AL\/wp-json\/wp\/v2\/types\/page"}],"author":[{"embeddable":true,"href":"https:\/\/arhiva.moepp.gov.mk\/AL\/wp-json\/wp\/v2\/users\/1"}],"replies":[{"embeddable":true,"href":"https:\/\/arhiva.moepp.gov.mk\/AL\/wp-json\/wp\/v2\/comments?post=1091"}],"version-history":[{"count":0,"href":"https:\/\/arhiva.moepp.gov.mk\/AL\/wp-json\/wp\/v2\/pages\/1091\/revisions"}],"up":[{"embeddable":true,"href":"https:\/\/arhiva.moepp.gov.mk\/AL\/wp-json\/wp\/v2\/pages\/99"}],"wp:attachment":[{"href":"https:\/\/arhiva.moepp.gov.mk\/AL\/wp-json\/wp\/v2\/media?parent=1091"}],"curies":[{"name":"wp","href":"https:\/\/api.w.org\/{rel}","templated":true}]}}